{"id":35770,"date":"2026-04-24T09:30:16","date_gmt":"2026-04-24T13:30:16","guid":{"rendered":"https:\/\/editorialpanhouse.com\/co\/producto\/y-si-lo-hacemos-bien\/"},"modified":"2026-04-24T14:12:39","modified_gmt":"2026-04-24T18:12:39","slug":"y-si-lo-hacemos-bien","status":"publish","type":"product","link":"https:\/\/editorialpanhouse.com\/co\/producto\/y-si-lo-hacemos-bien\/","title":{"rendered":"\u00bfY si lo hacemos bien?"},"content":{"rendered":"<p>Las relaciones no son un cuento de hadas en el que la princesa encuentra un pr\u00edncipe azul y viven felices comiendo perdices. Tampoco son un producto express , ni basta solo con pasar un poco de tiempo juntos y tener afinidades para que funcionen. La realidad es que cualquier relaci\u00f3n, ya sea de novios o casados, requiere trabajo, responsabilidad, intenci\u00f3n y voluntad. Obviamente, no existe una receta \u00fanica ni una f\u00f3rmula m\u00e1gica para tener una relaci\u00f3n exitosa. Sin embargo, s\u00ed existen principios como los que el autor propone en \u00bfY si lo hacemos bien? , que ayudar\u00e1 a crear las bases que nos permitir\u00e1n construir relaciones de valor, estables y duraderas.<\/p>\n","protected":false},"excerpt":{"rendered":"<p>Claves para construir una relaci\u00f3n de valor, estable y duradera<\/p>\n","protected":false},"featured_media":36421,"comment_status":"open","ping_status":"closed","template":"","meta":{"_acf_changed":false},"product_collection":[737],"product_author":[201],"product_brand":[],"product_cat":[15],"product_tag":[1091,1088,1090,1089],"class_list":{"0":"post-35770","1":"product","2":"type-product","3":"status-publish","4":"has-post-thumbnail","6":"product_collection-emprendimiento-y-crecimiento-personal","7":"product_author-benjamin-castro","8":"product_cat-todas","9":"product_tag-intencion-y-voluntad","10":"product_tag-relaciones-de-valor","11":"product_tag-responsabilidad","12":"product_tag-trabajo","14":"first","15":"instock","16":"shipping-taxable","17":"purchasable","18":"product-type-simple"},"acf":[],"yoast_head":"<!-- This site is optimized with the Yoast SEO plugin v27.4 - https:\/\/yoast.com\/product\/yoast-seo-wordpress\/ -->\n<title>\u00bfY si lo hacemos bien? ~ Colombia<\/title>\n<meta name=\"robots\" content=\"index, follow, max-snippet:-1, max-image-preview:large, max-video-preview:-1\" \/>\n<link rel=\"canonical\" href=\"https:\/\/editorialpanhouse.com\/co\/producto\/y-si-lo-hacemos-bien\/\" \/>\n<meta property=\"og:locale\" content=\"es_ES\" \/>\n<meta property=\"og:type\" content=\"article\" \/>\n<meta property=\"og:title\" content=\"\u00bfY si lo hacemos bien? ~ Colombia\" \/>\n<meta property=\"og:description\" content=\"Claves para construir una relaci\u00f3n de valor, estable y duradera\" \/>\n<meta property=\"og:url\" content=\"https:\/\/editorialpanhouse.com\/co\/producto\/y-si-lo-hacemos-bien\/\" \/>\n<meta property=\"og:site_name\" content=\"Colombia\" \/>\n<meta property=\"article:publisher\" content=\"https:\/\/www.facebook.com\/lapanhouse\" \/>\n<meta property=\"article:modified_time\" content=\"2026-04-24T18:12:39+00:00\" \/>\n<meta name=\"twitter:card\" content=\"summary_large_image\" \/>\n<meta name=\"twitter:site\" content=\"@lapanhouse\" \/>\n<meta name=\"twitter:label1\" content=\"Precio\" \/>\n\t<meta name=\"twitter:data1\" content=\"&#036;60.500\" \/>\n\t<meta name=\"twitter:label2\" content=\"Availability\" \/>\n\t<meta name=\"twitter:data2\" content=\"In stock\" \/>\n<script type=\"application\/ld+json\" class=\"yoast-schema-graph\">{\"@context\":\"https:\\\/\\\/schema.org\",\"@graph\":[{\"@type\":\"WebPage\",\"@id\":\"https:\\\/\\\/editorialpanhouse.com\\\/co\\\/producto\\\/y-si-lo-hacemos-bien\\\/\",\"url\":\"https:\\\/\\\/editorialpanhouse.com\\\/co\\\/producto\\\/y-si-lo-hacemos-bien\\\/\",\"name\":\"\u00bfY si lo hacemos bien? ~ Colombia\",\"isPartOf\":{\"@id\":\"https:\\\/\\\/editorialpanhouse.com\\\/co\\\/#website\"},\"primaryImageOfPage\":{\"@id\":\"https:\\\/\\\/editorialpanhouse.com\\\/co\\\/producto\\\/y-si-lo-hacemos-bien\\\/#primaryimage\"},\"image\":{\"@id\":\"https:\\\/\\\/editorialpanhouse.com\\\/co\\\/producto\\\/y-si-lo-hacemos-bien\\\/#primaryimage\"},\"thumbnailUrl\":\"https:\\\/\\\/editorialpanhouse.com\\\/co\\\/wp-content\\\/uploads\\\/sites\\\/4\\\/2026\\\/04\\\/product-image-35770-3.png\",\"datePublished\":\"2026-04-24T13:30:16+00:00\",\"dateModified\":\"2026-04-24T18:12:39+00:00\",\"breadcrumb\":{\"@id\":\"https:\\\/\\\/editorialpanhouse.com\\\/co\\\/producto\\\/y-si-lo-hacemos-bien\\\/#breadcrumb\"},\"inLanguage\":\"es\",\"potentialAction\":[{\"@type\":\"ReadAction\",\"target\":[\"https:\\\/\\\/editorialpanhouse.com\\\/co\\\/producto\\\/y-si-lo-hacemos-bien\\\/\"]}]},{\"@type\":\"ImageObject\",\"inLanguage\":\"es\",\"@id\":\"https:\\\/\\\/editorialpanhouse.com\\\/co\\\/producto\\\/y-si-lo-hacemos-bien\\\/#primaryimage\",\"url\":\"https:\\\/\\\/editorialpanhouse.com\\\/co\\\/wp-content\\\/uploads\\\/sites\\\/4\\\/2026\\\/04\\\/product-image-35770-3.png\",\"contentUrl\":\"https:\\\/\\\/editorialpanhouse.com\\\/co\\\/wp-content\\\/uploads\\\/sites\\\/4\\\/2026\\\/04\\\/product-image-35770-3.png\",\"width\":800,\"height\":800},{\"@type\":\"BreadcrumbList\",\"@id\":\"https:\\\/\\\/editorialpanhouse.com\\\/co\\\/producto\\\/y-si-lo-hacemos-bien\\\/#breadcrumb\",\"itemListElement\":[{\"@type\":\"ListItem\",\"position\":1,\"name\":\"Portada\",\"item\":\"https:\\\/\\\/editorialpanhouse.com\\\/co\\\/\"},{\"@type\":\"ListItem\",\"position\":2,\"name\":\"Librer\u00eda\",\"item\":\"https:\\\/\\\/editorialpanhouse.com\\\/co\\\/libreria\\\/\"},{\"@type\":\"ListItem\",\"position\":3,\"name\":\"\u00bfY si lo hacemos bien?\"}]},{\"@type\":\"WebSite\",\"@id\":\"https:\\\/\\\/editorialpanhouse.com\\\/co\\\/#website\",\"url\":\"https:\\\/\\\/editorialpanhouse.com\\\/co\\\/\",\"name\":\"Casa Editorial PanHouse | Colombia\",\"description\":\"\",\"publisher\":{\"@id\":\"https:\\\/\\\/editorialpanhouse.com\\\/co\\\/#organization\"},\"potentialAction\":[{\"@type\":\"SearchAction\",\"target\":{\"@type\":\"EntryPoint\",\"urlTemplate\":\"https:\\\/\\\/editorialpanhouse.com\\\/co\\\/?s={search_term_string}\"},\"query-input\":{\"@type\":\"PropertyValueSpecification\",\"valueRequired\":true,\"valueName\":\"search_term_string\"}}],\"inLanguage\":\"es\"},{\"@type\":\"Organization\",\"@id\":\"https:\\\/\\\/editorialpanhouse.com\\\/co\\\/#organization\",\"name\":\"Casa Editorial Panhouse | Colombia\",\"url\":\"https:\\\/\\\/editorialpanhouse.com\\\/co\\\/\",\"logo\":{\"@type\":\"ImageObject\",\"inLanguage\":\"es\",\"@id\":\"https:\\\/\\\/editorialpanhouse.com\\\/co\\\/#\\\/schema\\\/logo\\\/image\\\/\",\"url\":\"https:\\\/\\\/editorialpanhouse.com\\\/co\\\/wp-content\\\/uploads\\\/sites\\\/4\\\/2026\\\/03\\\/Slogan-2.png\",\"contentUrl\":\"https:\\\/\\\/editorialpanhouse.com\\\/co\\\/wp-content\\\/uploads\\\/sites\\\/4\\\/2026\\\/03\\\/Slogan-2.png\",\"width\":211,\"height\":160,\"caption\":\"Casa Editorial Panhouse | Colombia\"},\"image\":{\"@id\":\"https:\\\/\\\/editorialpanhouse.com\\\/co\\\/#\\\/schema\\\/logo\\\/image\\\/\"},\"sameAs\":[\"https:\\\/\\\/www.facebook.com\\\/lapanhouse\",\"https:\\\/\\\/x.com\\\/lapanhouse\",\"https:\\\/\\\/www.instagram.com\\\/lapanhouse\\\/\",\"https:\\\/\\\/www.linkedin.com\\\/company\\\/casa-editorial-panhouse\\\/\"]}]}<\/script>\n<meta property=\"product:price:amount\" content=\"60500\" \/>\n<meta property=\"product:price:currency\" content=\"COP\" \/>\n<meta property=\"og:availability\" content=\"instock\" \/>\n<meta property=\"product:availability\" content=\"instock\" \/>\n<meta property=\"product:retailer_item_id\" content=\"YSILO-3363\" \/>\n<meta property=\"product:condition\" content=\"new\" \/>\n<!-- \/ Yoast SEO plugin. -->","yoast_head_json":{"title":"\u00bfY si lo hacemos bien? ~ Colombia","robots":{"index":"index","follow":"follow","max-snippet":"max-snippet:-1","max-image-preview":"max-image-preview:large","max-video-preview":"max-video-preview:-1"},"canonical":"https:\/\/editorialpanhouse.com\/co\/producto\/y-si-lo-hacemos-bien\/","og_locale":"es_ES","og_type":"article","og_title":"\u00bfY si lo hacemos bien? ~ Colombia","og_description":"Claves para construir una relaci\u00f3n de valor, estable y duradera","og_url":"https:\/\/editorialpanhouse.com\/co\/producto\/y-si-lo-hacemos-bien\/","og_site_name":"Colombia","article_publisher":"https:\/\/www.facebook.com\/lapanhouse","article_modified_time":"2026-04-24T18:12:39+00:00","twitter_card":"summary_large_image","twitter_site":"@lapanhouse","twitter_misc":{"Precio":"&#36;60.500","Availability":"In stock"},"schema":{"@context":"https:\/\/schema.org","@graph":[{"@type":"WebPage","@id":"https:\/\/editorialpanhouse.com\/co\/producto\/y-si-lo-hacemos-bien\/","url":"https:\/\/editorialpanhouse.com\/co\/producto\/y-si-lo-hacemos-bien\/","name":"\u00bfY si lo hacemos bien? ~ Colombia","isPartOf":{"@id":"https:\/\/editorialpanhouse.com\/co\/#website"},"primaryImageOfPage":{"@id":"https:\/\/editorialpanhouse.com\/co\/producto\/y-si-lo-hacemos-bien\/#primaryimage"},"image":{"@id":"https:\/\/editorialpanhouse.com\/co\/producto\/y-si-lo-hacemos-bien\/#primaryimage"},"thumbnailUrl":"https:\/\/editorialpanhouse.com\/co\/wp-content\/uploads\/sites\/4\/2026\/04\/product-image-35770-3.png","datePublished":"2026-04-24T13:30:16+00:00","dateModified":"2026-04-24T18:12:39+00:00","breadcrumb":{"@id":"https:\/\/editorialpanhouse.com\/co\/producto\/y-si-lo-hacemos-bien\/#breadcrumb"},"inLanguage":"es","potentialAction":[{"@type":"ReadAction","target":["https:\/\/editorialpanhouse.com\/co\/producto\/y-si-lo-hacemos-bien\/"]}]},{"@type":"ImageObject","inLanguage":"es","@id":"https:\/\/editorialpanhouse.com\/co\/producto\/y-si-lo-hacemos-bien\/#primaryimage","url":"https:\/\/editorialpanhouse.com\/co\/wp-content\/uploads\/sites\/4\/2026\/04\/product-image-35770-3.png","contentUrl":"https:\/\/editorialpanhouse.com\/co\/wp-content\/uploads\/sites\/4\/2026\/04\/product-image-35770-3.png","width":800,"height":800},{"@type":"BreadcrumbList","@id":"https:\/\/editorialpanhouse.com\/co\/producto\/y-si-lo-hacemos-bien\/#breadcrumb","itemListElement":[{"@type":"ListItem","position":1,"name":"Portada","item":"https:\/\/editorialpanhouse.com\/co\/"},{"@type":"ListItem","position":2,"name":"Librer\u00eda","item":"https:\/\/editorialpanhouse.com\/co\/libreria\/"},{"@type":"ListItem","position":3,"name":"\u00bfY si lo hacemos bien?"}]},{"@type":"WebSite","@id":"https:\/\/editorialpanhouse.com\/co\/#website","url":"https:\/\/editorialpanhouse.com\/co\/","name":"Casa Editorial PanHouse | Colombia","description":"","publisher":{"@id":"https:\/\/editorialpanhouse.com\/co\/#organization"},"potentialAction":[{"@type":"SearchAction","target":{"@type":"EntryPoint","urlTemplate":"https:\/\/editorialpanhouse.com\/co\/?s={search_term_string}"},"query-input":{"@type":"PropertyValueSpecification","valueRequired":true,"valueName":"search_term_string"}}],"inLanguage":"es"},{"@type":"Organization","@id":"https:\/\/editorialpanhouse.com\/co\/#organization","name":"Casa Editorial Panhouse | Colombia","url":"https:\/\/editorialpanhouse.com\/co\/","logo":{"@type":"ImageObject","inLanguage":"es","@id":"https:\/\/editorialpanhouse.com\/co\/#\/schema\/logo\/image\/","url":"https:\/\/editorialpanhouse.com\/co\/wp-content\/uploads\/sites\/4\/2026\/03\/Slogan-2.png","contentUrl":"https:\/\/editorialpanhouse.com\/co\/wp-content\/uploads\/sites\/4\/2026\/03\/Slogan-2.png","width":211,"height":160,"caption":"Casa Editorial Panhouse | Colombia"},"image":{"@id":"https:\/\/editorialpanhouse.com\/co\/#\/schema\/logo\/image\/"},"sameAs":["https:\/\/www.facebook.com\/lapanhouse","https:\/\/x.com\/lapanhouse","https:\/\/www.instagram.com\/lapanhouse\/","https:\/\/www.linkedin.com\/company\/casa-editorial-panhouse\/"]}]},"product_price_amount":"60500","product_price_currency":"COP","og_availability":"instock","product_availability":"instock","product_retailer_item_id":"YSILO-3363","product_condition":"new"},"_links":{"self":[{"href":"https:\/\/editorialpanhouse.com\/co\/wp-json\/wp\/v2\/product\/35770","targetHints":{"allow":["GET"]}}],"collection":[{"href":"https:\/\/editorialpanhouse.com\/co\/wp-json\/wp\/v2\/product"}],"about":[{"href":"https:\/\/editorialpanhouse.com\/co\/wp-json\/wp\/v2\/types\/product"}],"replies":[{"embeddable":true,"href":"https:\/\/editorialpanhouse.com\/co\/wp-json\/wp\/v2\/comments?post=35770"}],"wp:featuredmedia":[{"embeddable":true,"href":"https:\/\/editorialpanhouse.com\/co\/wp-json\/wp\/v2\/media\/36421"}],"wp:attachment":[{"href":"https:\/\/editorialpanhouse.com\/co\/wp-json\/wp\/v2\/media?parent=35770"}],"wp:term":[{"taxonomy":"product_collection","embeddable":true,"href":"https:\/\/editorialpanhouse.com\/co\/wp-json\/wp\/v2\/product_collection?post=35770"},{"taxonomy":"product_author","embeddable":true,"href":"https:\/\/editorialpanhouse.com\/co\/wp-json\/wp\/v2\/product_author?post=35770"},{"taxonomy":"product_brand","embeddable":true,"href":"https:\/\/editorialpanhouse.com\/co\/wp-json\/wp\/v2\/product_brand?post=35770"},{"taxonomy":"product_cat","embeddable":true,"href":"https:\/\/editorialpanhouse.com\/co\/wp-json\/wp\/v2\/product_cat?post=35770"},{"taxonomy":"product_tag","embeddable":true,"href":"https:\/\/editorialpanhouse.com\/co\/wp-json\/wp\/v2\/product_tag?post=35770"}],"curies":[{"name":"wp","href":"https:\/\/api.w.org\/{rel}","templated":true}]}}