{"id":35796,"date":"2026-04-24T09:31:00","date_gmt":"2026-04-24T13:31:00","guid":{"rendered":"https:\/\/editorialpanhouse.com\/co\/producto\/el-proceso-came\/"},"modified":"2026-04-24T14:13:18","modified_gmt":"2026-04-24T18:13:18","slug":"el-proceso-came","status":"publish","type":"product","link":"https:\/\/editorialpanhouse.com\/co\/producto\/el-proceso-came\/","title":{"rendered":"El proceso CAME"},"content":{"rendered":"<p>Fascinaci\u00f3n, suspenso e inter\u00e9s hasta el \u00faltimo punto. Eso es lo que vamos a encontrar en una prosa sin pretensiones, est\u00e9tica en s\u00ed misma: la palabra que recrea y fusiona la realidad y la imaginaci\u00f3n con maestr\u00eda y enga\u00f1osa sutileza, que distrae y convence. Diez historias que se cruzan para recordarnos la fragilidad de la raz\u00f3n que da paso a la locura, a la barbarie, a la estupidez humana, tan perversa como vulgar, tan \u00ednfima como perecedera. Aquellas cosas que solamente a trav\u00e9s de la escritura pudieran ser justificables, cre\u00edbles, verdaderas. Giros inesperados, un curso sorpresivo de lo contado sin absurdas vacilaciones, con la exacta precisi\u00f3n de las im\u00e1genes perfectas, ni m\u00e1s ni menos, la justa constancia de como suceden las cosas cuando la realidad supera la ficci\u00f3n.<\/p>\n","protected":false},"excerpt":{"rendered":"<p>Cambio mental estrat\u00e9gico<\/p>\n","protected":false},"featured_media":36435,"comment_status":"open","ping_status":"closed","template":"","meta":{"_acf_changed":false},"product_collection":[737],"product_author":[311],"product_brand":[],"product_cat":[15],"product_tag":[1104,1105,261,1103,293],"class_list":{"0":"post-35796","1":"product","2":"type-product","3":"status-publish","4":"has-post-thumbnail","6":"product_collection-emprendimiento-y-crecimiento-personal","7":"product_author-christian-marquina","8":"product_cat-todas","9":"product_tag-came","10":"product_tag-capacitacion","11":"product_tag-libro","12":"product_tag-proceso","13":"product_tag-transformacion","15":"first","16":"outofstock","17":"shipping-taxable","18":"purchasable","19":"product-type-simple"},"acf":[],"yoast_head":"<!-- This site is optimized with the Yoast SEO plugin v27.4 - https:\/\/yoast.com\/product\/yoast-seo-wordpress\/ -->\n<title>El proceso CAME ~ Colombia<\/title>\n<meta name=\"robots\" content=\"index, follow, max-snippet:-1, max-image-preview:large, max-video-preview:-1\" \/>\n<link rel=\"canonical\" href=\"https:\/\/editorialpanhouse.com\/co\/producto\/el-proceso-came\/\" \/>\n<meta property=\"og:locale\" content=\"es_ES\" \/>\n<meta property=\"og:type\" content=\"article\" \/>\n<meta property=\"og:title\" content=\"El proceso CAME ~ Colombia\" \/>\n<meta property=\"og:description\" content=\"Cambio mental estrat\u00e9gico\" \/>\n<meta property=\"og:url\" content=\"https:\/\/editorialpanhouse.com\/co\/producto\/el-proceso-came\/\" \/>\n<meta property=\"og:site_name\" content=\"Colombia\" \/>\n<meta property=\"article:publisher\" content=\"https:\/\/www.facebook.com\/lapanhouse\" \/>\n<meta property=\"article:modified_time\" content=\"2026-04-24T18:13:18+00:00\" \/>\n<meta name=\"twitter:card\" content=\"summary_large_image\" \/>\n<meta name=\"twitter:site\" content=\"@lapanhouse\" \/>\n<meta name=\"twitter:label1\" content=\"Precio\" \/>\n\t<meta name=\"twitter:data1\" content=\"&#036;77.000\" \/>\n\t<meta name=\"twitter:label2\" content=\"Availability\" \/>\n\t<meta name=\"twitter:data2\" content=\"Out of stock\" \/>\n<script type=\"application\/ld+json\" class=\"yoast-schema-graph\">{\"@context\":\"https:\\\/\\\/schema.org\",\"@graph\":[{\"@type\":\"WebPage\",\"@id\":\"https:\\\/\\\/editorialpanhouse.com\\\/co\\\/producto\\\/el-proceso-came\\\/\",\"url\":\"https:\\\/\\\/editorialpanhouse.com\\\/co\\\/producto\\\/el-proceso-came\\\/\",\"name\":\"El proceso CAME ~ Colombia\",\"isPartOf\":{\"@id\":\"https:\\\/\\\/editorialpanhouse.com\\\/co\\\/#website\"},\"primaryImageOfPage\":{\"@id\":\"https:\\\/\\\/editorialpanhouse.com\\\/co\\\/producto\\\/el-proceso-came\\\/#primaryimage\"},\"image\":{\"@id\":\"https:\\\/\\\/editorialpanhouse.com\\\/co\\\/producto\\\/el-proceso-came\\\/#primaryimage\"},\"thumbnailUrl\":\"https:\\\/\\\/editorialpanhouse.com\\\/co\\\/wp-content\\\/uploads\\\/sites\\\/4\\\/2026\\\/04\\\/product-image-35796-3.png\",\"datePublished\":\"2026-04-24T13:31:00+00:00\",\"dateModified\":\"2026-04-24T18:13:18+00:00\",\"breadcrumb\":{\"@id\":\"https:\\\/\\\/editorialpanhouse.com\\\/co\\\/producto\\\/el-proceso-came\\\/#breadcrumb\"},\"inLanguage\":\"es\",\"potentialAction\":[{\"@type\":\"ReadAction\",\"target\":[\"https:\\\/\\\/editorialpanhouse.com\\\/co\\\/producto\\\/el-proceso-came\\\/\"]}]},{\"@type\":\"ImageObject\",\"inLanguage\":\"es\",\"@id\":\"https:\\\/\\\/editorialpanhouse.com\\\/co\\\/producto\\\/el-proceso-came\\\/#primaryimage\",\"url\":\"https:\\\/\\\/editorialpanhouse.com\\\/co\\\/wp-content\\\/uploads\\\/sites\\\/4\\\/2026\\\/04\\\/product-image-35796-3.png\",\"contentUrl\":\"https:\\\/\\\/editorialpanhouse.com\\\/co\\\/wp-content\\\/uploads\\\/sites\\\/4\\\/2026\\\/04\\\/product-image-35796-3.png\",\"width\":800,\"height\":800},{\"@type\":\"BreadcrumbList\",\"@id\":\"https:\\\/\\\/editorialpanhouse.com\\\/co\\\/producto\\\/el-proceso-came\\\/#breadcrumb\",\"itemListElement\":[{\"@type\":\"ListItem\",\"position\":1,\"name\":\"Portada\",\"item\":\"https:\\\/\\\/editorialpanhouse.com\\\/co\\\/\"},{\"@type\":\"ListItem\",\"position\":2,\"name\":\"Librer\u00eda\",\"item\":\"https:\\\/\\\/editorialpanhouse.com\\\/co\\\/libreria\\\/\"},{\"@type\":\"ListItem\",\"position\":3,\"name\":\"El proceso CAME\"}]},{\"@type\":\"WebSite\",\"@id\":\"https:\\\/\\\/editorialpanhouse.com\\\/co\\\/#website\",\"url\":\"https:\\\/\\\/editorialpanhouse.com\\\/co\\\/\",\"name\":\"Casa Editorial PanHouse | Colombia\",\"description\":\"\",\"publisher\":{\"@id\":\"https:\\\/\\\/editorialpanhouse.com\\\/co\\\/#organization\"},\"potentialAction\":[{\"@type\":\"SearchAction\",\"target\":{\"@type\":\"EntryPoint\",\"urlTemplate\":\"https:\\\/\\\/editorialpanhouse.com\\\/co\\\/?s={search_term_string}\"},\"query-input\":{\"@type\":\"PropertyValueSpecification\",\"valueRequired\":true,\"valueName\":\"search_term_string\"}}],\"inLanguage\":\"es\"},{\"@type\":\"Organization\",\"@id\":\"https:\\\/\\\/editorialpanhouse.com\\\/co\\\/#organization\",\"name\":\"Casa Editorial Panhouse | Colombia\",\"url\":\"https:\\\/\\\/editorialpanhouse.com\\\/co\\\/\",\"logo\":{\"@type\":\"ImageObject\",\"inLanguage\":\"es\",\"@id\":\"https:\\\/\\\/editorialpanhouse.com\\\/co\\\/#\\\/schema\\\/logo\\\/image\\\/\",\"url\":\"https:\\\/\\\/editorialpanhouse.com\\\/co\\\/wp-content\\\/uploads\\\/sites\\\/4\\\/2026\\\/03\\\/Slogan-2.png\",\"contentUrl\":\"https:\\\/\\\/editorialpanhouse.com\\\/co\\\/wp-content\\\/uploads\\\/sites\\\/4\\\/2026\\\/03\\\/Slogan-2.png\",\"width\":211,\"height\":160,\"caption\":\"Casa Editorial Panhouse | Colombia\"},\"image\":{\"@id\":\"https:\\\/\\\/editorialpanhouse.com\\\/co\\\/#\\\/schema\\\/logo\\\/image\\\/\"},\"sameAs\":[\"https:\\\/\\\/www.facebook.com\\\/lapanhouse\",\"https:\\\/\\\/x.com\\\/lapanhouse\",\"https:\\\/\\\/www.instagram.com\\\/lapanhouse\\\/\",\"https:\\\/\\\/www.linkedin.com\\\/company\\\/casa-editorial-panhouse\\\/\"]}]}<\/script>\n<meta property=\"product:price:amount\" content=\"77000\" \/>\n<meta property=\"product:price:currency\" content=\"COP\" \/>\n<meta property=\"og:availability\" content=\"out of stock\" \/>\n<meta property=\"product:availability\" content=\"out of stock\" \/>\n<meta property=\"product:retailer_item_id\" content=\"ELPROCCAME-8884\" \/>\n<meta property=\"product:condition\" content=\"new\" \/>\n<!-- \/ Yoast SEO plugin. -->","yoast_head_json":{"title":"El proceso CAME ~ Colombia","robots":{"index":"index","follow":"follow","max-snippet":"max-snippet:-1","max-image-preview":"max-image-preview:large","max-video-preview":"max-video-preview:-1"},"canonical":"https:\/\/editorialpanhouse.com\/co\/producto\/el-proceso-came\/","og_locale":"es_ES","og_type":"article","og_title":"El proceso CAME ~ Colombia","og_description":"Cambio mental estrat\u00e9gico","og_url":"https:\/\/editorialpanhouse.com\/co\/producto\/el-proceso-came\/","og_site_name":"Colombia","article_publisher":"https:\/\/www.facebook.com\/lapanhouse","article_modified_time":"2026-04-24T18:13:18+00:00","twitter_card":"summary_large_image","twitter_site":"@lapanhouse","twitter_misc":{"Precio":"&#36;77.000","Availability":"Out of stock"},"schema":{"@context":"https:\/\/schema.org","@graph":[{"@type":"WebPage","@id":"https:\/\/editorialpanhouse.com\/co\/producto\/el-proceso-came\/","url":"https:\/\/editorialpanhouse.com\/co\/producto\/el-proceso-came\/","name":"El proceso CAME ~ Colombia","isPartOf":{"@id":"https:\/\/editorialpanhouse.com\/co\/#website"},"primaryImageOfPage":{"@id":"https:\/\/editorialpanhouse.com\/co\/producto\/el-proceso-came\/#primaryimage"},"image":{"@id":"https:\/\/editorialpanhouse.com\/co\/producto\/el-proceso-came\/#primaryimage"},"thumbnailUrl":"https:\/\/editorialpanhouse.com\/co\/wp-content\/uploads\/sites\/4\/2026\/04\/product-image-35796-3.png","datePublished":"2026-04-24T13:31:00+00:00","dateModified":"2026-04-24T18:13:18+00:00","breadcrumb":{"@id":"https:\/\/editorialpanhouse.com\/co\/producto\/el-proceso-came\/#breadcrumb"},"inLanguage":"es","potentialAction":[{"@type":"ReadAction","target":["https:\/\/editorialpanhouse.com\/co\/producto\/el-proceso-came\/"]}]},{"@type":"ImageObject","inLanguage":"es","@id":"https:\/\/editorialpanhouse.com\/co\/producto\/el-proceso-came\/#primaryimage","url":"https:\/\/editorialpanhouse.com\/co\/wp-content\/uploads\/sites\/4\/2026\/04\/product-image-35796-3.png","contentUrl":"https:\/\/editorialpanhouse.com\/co\/wp-content\/uploads\/sites\/4\/2026\/04\/product-image-35796-3.png","width":800,"height":800},{"@type":"BreadcrumbList","@id":"https:\/\/editorialpanhouse.com\/co\/producto\/el-proceso-came\/#breadcrumb","itemListElement":[{"@type":"ListItem","position":1,"name":"Portada","item":"https:\/\/editorialpanhouse.com\/co\/"},{"@type":"ListItem","position":2,"name":"Librer\u00eda","item":"https:\/\/editorialpanhouse.com\/co\/libreria\/"},{"@type":"ListItem","position":3,"name":"El proceso CAME"}]},{"@type":"WebSite","@id":"https:\/\/editorialpanhouse.com\/co\/#website","url":"https:\/\/editorialpanhouse.com\/co\/","name":"Casa Editorial PanHouse | Colombia","description":"","publisher":{"@id":"https:\/\/editorialpanhouse.com\/co\/#organization"},"potentialAction":[{"@type":"SearchAction","target":{"@type":"EntryPoint","urlTemplate":"https:\/\/editorialpanhouse.com\/co\/?s={search_term_string}"},"query-input":{"@type":"PropertyValueSpecification","valueRequired":true,"valueName":"search_term_string"}}],"inLanguage":"es"},{"@type":"Organization","@id":"https:\/\/editorialpanhouse.com\/co\/#organization","name":"Casa Editorial Panhouse | Colombia","url":"https:\/\/editorialpanhouse.com\/co\/","logo":{"@type":"ImageObject","inLanguage":"es","@id":"https:\/\/editorialpanhouse.com\/co\/#\/schema\/logo\/image\/","url":"https:\/\/editorialpanhouse.com\/co\/wp-content\/uploads\/sites\/4\/2026\/03\/Slogan-2.png","contentUrl":"https:\/\/editorialpanhouse.com\/co\/wp-content\/uploads\/sites\/4\/2026\/03\/Slogan-2.png","width":211,"height":160,"caption":"Casa Editorial Panhouse | Colombia"},"image":{"@id":"https:\/\/editorialpanhouse.com\/co\/#\/schema\/logo\/image\/"},"sameAs":["https:\/\/www.facebook.com\/lapanhouse","https:\/\/x.com\/lapanhouse","https:\/\/www.instagram.com\/lapanhouse\/","https:\/\/www.linkedin.com\/company\/casa-editorial-panhouse\/"]}]},"product_price_amount":"77000","product_price_currency":"COP","og_availability":"out of stock","product_availability":"out of stock","product_retailer_item_id":"ELPROCCAME-8884","product_condition":"new"},"_links":{"self":[{"href":"https:\/\/editorialpanhouse.com\/co\/wp-json\/wp\/v2\/product\/35796","targetHints":{"allow":["GET"]}}],"collection":[{"href":"https:\/\/editorialpanhouse.com\/co\/wp-json\/wp\/v2\/product"}],"about":[{"href":"https:\/\/editorialpanhouse.com\/co\/wp-json\/wp\/v2\/types\/product"}],"replies":[{"embeddable":true,"href":"https:\/\/editorialpanhouse.com\/co\/wp-json\/wp\/v2\/comments?post=35796"}],"wp:featuredmedia":[{"embeddable":true,"href":"https:\/\/editorialpanhouse.com\/co\/wp-json\/wp\/v2\/media\/36435"}],"wp:attachment":[{"href":"https:\/\/editorialpanhouse.com\/co\/wp-json\/wp\/v2\/media?parent=35796"}],"wp:term":[{"taxonomy":"product_collection","embeddable":true,"href":"https:\/\/editorialpanhouse.com\/co\/wp-json\/wp\/v2\/product_collection?post=35796"},{"taxonomy":"product_author","embeddable":true,"href":"https:\/\/editorialpanhouse.com\/co\/wp-json\/wp\/v2\/product_author?post=35796"},{"taxonomy":"product_brand","embeddable":true,"href":"https:\/\/editorialpanhouse.com\/co\/wp-json\/wp\/v2\/product_brand?post=35796"},{"taxonomy":"product_cat","embeddable":true,"href":"https:\/\/editorialpanhouse.com\/co\/wp-json\/wp\/v2\/product_cat?post=35796"},{"taxonomy":"product_tag","embeddable":true,"href":"https:\/\/editorialpanhouse.com\/co\/wp-json\/wp\/v2\/product_tag?post=35796"}],"curies":[{"name":"wp","href":"https:\/\/api.w.org\/{rel}","templated":true}]}}