{"id":35938,"date":"2026-04-24T09:35:05","date_gmt":"2026-04-24T13:35:05","guid":{"rendered":"https:\/\/editorialpanhouse.com\/co\/producto\/levantate\/"},"modified":"2026-04-24T14:17:25","modified_gmt":"2026-04-24T18:17:25","slug":"levantate","status":"publish","type":"product","link":"https:\/\/editorialpanhouse.com\/co\/producto\/levantate\/","title":{"rendered":"\u00a1Lev\u00e1ntate!"},"content":{"rendered":"<p>Dentro de las p\u00e1ginas de este libro, encontrar\u00e1s una gu\u00eda pr\u00e1ctica para fortalecer tu fe y cultivar una relaci\u00f3n m\u00e1s<br \/>\n\u00edntima con Dios. Cada mensaje te desaf\u00eda a mirar m\u00e1s all\u00e1 de tus circunstancias y a confiar en el poder sanador,<br \/>\n protector y proveedor de Dios. A trav\u00e9s de devocionales inspiradores y ense\u00f1anzas s\u00f3lidas,<br \/>\ndescubrir\u00e1s c\u00f3mo incluso en tus momentos m\u00e1s oscuros, Dios est\u00e1 obrando para tu bien y para su gloria.<\/p>\n","protected":false},"excerpt":{"rendered":"<p>Principios, verdades y promesas de Dios que alientan<\/p>\n","protected":false},"featured_media":36511,"comment_status":"open","ping_status":"closed","template":"","meta":{"_acf_changed":false},"product_collection":[751],"product_author":[1163],"product_brand":[],"product_cat":[15],"product_tag":[286,983,890,331,1164],"class_list":{"0":"post-35938","1":"product","2":"type-product","3":"status-publish","4":"has-post-thumbnail","6":"product_collection-crecimiento-espiritual","7":"product_author-rodrigo-riano","8":"product_cat-todas","9":"product_tag-dios","10":"product_tag-espiritual","11":"product_tag-iglesia","12":"product_tag-vida","13":"product_tag-vida-cristiana","15":"first","16":"instock","17":"shipping-taxable","18":"purchasable","19":"product-type-simple"},"acf":[],"yoast_head":"<!-- This site is optimized with the Yoast SEO plugin v27.4 - https:\/\/yoast.com\/product\/yoast-seo-wordpress\/ -->\n<title>\u00a1Lev\u00e1ntate! ~ Colombia<\/title>\n<meta name=\"robots\" content=\"index, follow, max-snippet:-1, max-image-preview:large, max-video-preview:-1\" \/>\n<link rel=\"canonical\" href=\"https:\/\/editorialpanhouse.com\/co\/producto\/levantate\/\" \/>\n<meta property=\"og:locale\" content=\"es_ES\" \/>\n<meta property=\"og:type\" content=\"article\" \/>\n<meta property=\"og:title\" content=\"\u00a1Lev\u00e1ntate! ~ Colombia\" \/>\n<meta property=\"og:description\" content=\"Principios, verdades y promesas de Dios que alientan\" \/>\n<meta property=\"og:url\" content=\"https:\/\/editorialpanhouse.com\/co\/producto\/levantate\/\" \/>\n<meta property=\"og:site_name\" content=\"Colombia\" \/>\n<meta property=\"article:publisher\" content=\"https:\/\/www.facebook.com\/lapanhouse\" \/>\n<meta property=\"article:modified_time\" content=\"2026-04-24T18:17:25+00:00\" \/>\n<meta name=\"twitter:card\" content=\"summary_large_image\" \/>\n<meta name=\"twitter:site\" content=\"@lapanhouse\" \/>\n<meta name=\"twitter:label1\" content=\"Precio\" \/>\n\t<meta name=\"twitter:data1\" content=\"&#036;79.200\" \/>\n\t<meta name=\"twitter:label2\" content=\"Availability\" \/>\n\t<meta name=\"twitter:data2\" content=\"In stock\" \/>\n<script type=\"application\/ld+json\" class=\"yoast-schema-graph\">{\"@context\":\"https:\\\/\\\/schema.org\",\"@graph\":[{\"@type\":\"WebPage\",\"@id\":\"https:\\\/\\\/editorialpanhouse.com\\\/co\\\/producto\\\/levantate\\\/\",\"url\":\"https:\\\/\\\/editorialpanhouse.com\\\/co\\\/producto\\\/levantate\\\/\",\"name\":\"\u00a1Lev\u00e1ntate! ~ Colombia\",\"isPartOf\":{\"@id\":\"https:\\\/\\\/editorialpanhouse.com\\\/co\\\/#website\"},\"primaryImageOfPage\":{\"@id\":\"https:\\\/\\\/editorialpanhouse.com\\\/co\\\/producto\\\/levantate\\\/#primaryimage\"},\"image\":{\"@id\":\"https:\\\/\\\/editorialpanhouse.com\\\/co\\\/producto\\\/levantate\\\/#primaryimage\"},\"thumbnailUrl\":\"https:\\\/\\\/editorialpanhouse.com\\\/co\\\/wp-content\\\/uploads\\\/sites\\\/4\\\/2026\\\/04\\\/product-image-35938-6.png\",\"datePublished\":\"2026-04-24T13:35:05+00:00\",\"dateModified\":\"2026-04-24T18:17:25+00:00\",\"breadcrumb\":{\"@id\":\"https:\\\/\\\/editorialpanhouse.com\\\/co\\\/producto\\\/levantate\\\/#breadcrumb\"},\"inLanguage\":\"es\",\"potentialAction\":[{\"@type\":\"ReadAction\",\"target\":[\"https:\\\/\\\/editorialpanhouse.com\\\/co\\\/producto\\\/levantate\\\/\"]}]},{\"@type\":\"ImageObject\",\"inLanguage\":\"es\",\"@id\":\"https:\\\/\\\/editorialpanhouse.com\\\/co\\\/producto\\\/levantate\\\/#primaryimage\",\"url\":\"https:\\\/\\\/editorialpanhouse.com\\\/co\\\/wp-content\\\/uploads\\\/sites\\\/4\\\/2026\\\/04\\\/product-image-35938-6.png\",\"contentUrl\":\"https:\\\/\\\/editorialpanhouse.com\\\/co\\\/wp-content\\\/uploads\\\/sites\\\/4\\\/2026\\\/04\\\/product-image-35938-6.png\",\"width\":800,\"height\":800},{\"@type\":\"BreadcrumbList\",\"@id\":\"https:\\\/\\\/editorialpanhouse.com\\\/co\\\/producto\\\/levantate\\\/#breadcrumb\",\"itemListElement\":[{\"@type\":\"ListItem\",\"position\":1,\"name\":\"Portada\",\"item\":\"https:\\\/\\\/editorialpanhouse.com\\\/co\\\/\"},{\"@type\":\"ListItem\",\"position\":2,\"name\":\"Librer\u00eda\",\"item\":\"https:\\\/\\\/editorialpanhouse.com\\\/co\\\/libreria\\\/\"},{\"@type\":\"ListItem\",\"position\":3,\"name\":\"\u00a1Lev\u00e1ntate!\"}]},{\"@type\":\"WebSite\",\"@id\":\"https:\\\/\\\/editorialpanhouse.com\\\/co\\\/#website\",\"url\":\"https:\\\/\\\/editorialpanhouse.com\\\/co\\\/\",\"name\":\"Casa Editorial PanHouse | Colombia\",\"description\":\"\",\"publisher\":{\"@id\":\"https:\\\/\\\/editorialpanhouse.com\\\/co\\\/#organization\"},\"potentialAction\":[{\"@type\":\"SearchAction\",\"target\":{\"@type\":\"EntryPoint\",\"urlTemplate\":\"https:\\\/\\\/editorialpanhouse.com\\\/co\\\/?s={search_term_string}\"},\"query-input\":{\"@type\":\"PropertyValueSpecification\",\"valueRequired\":true,\"valueName\":\"search_term_string\"}}],\"inLanguage\":\"es\"},{\"@type\":\"Organization\",\"@id\":\"https:\\\/\\\/editorialpanhouse.com\\\/co\\\/#organization\",\"name\":\"Casa Editorial Panhouse | Colombia\",\"url\":\"https:\\\/\\\/editorialpanhouse.com\\\/co\\\/\",\"logo\":{\"@type\":\"ImageObject\",\"inLanguage\":\"es\",\"@id\":\"https:\\\/\\\/editorialpanhouse.com\\\/co\\\/#\\\/schema\\\/logo\\\/image\\\/\",\"url\":\"https:\\\/\\\/editorialpanhouse.com\\\/co\\\/wp-content\\\/uploads\\\/sites\\\/4\\\/2026\\\/03\\\/Slogan-2.png\",\"contentUrl\":\"https:\\\/\\\/editorialpanhouse.com\\\/co\\\/wp-content\\\/uploads\\\/sites\\\/4\\\/2026\\\/03\\\/Slogan-2.png\",\"width\":211,\"height\":160,\"caption\":\"Casa Editorial Panhouse | Colombia\"},\"image\":{\"@id\":\"https:\\\/\\\/editorialpanhouse.com\\\/co\\\/#\\\/schema\\\/logo\\\/image\\\/\"},\"sameAs\":[\"https:\\\/\\\/www.facebook.com\\\/lapanhouse\",\"https:\\\/\\\/x.com\\\/lapanhouse\",\"https:\\\/\\\/www.instagram.com\\\/lapanhouse\\\/\",\"https:\\\/\\\/www.linkedin.com\\\/company\\\/casa-editorial-panhouse\\\/\"]}]}<\/script>\n<meta property=\"product:price:amount\" content=\"79200\" \/>\n<meta property=\"product:price:currency\" content=\"COP\" \/>\n<meta property=\"og:availability\" content=\"instock\" \/>\n<meta property=\"product:availability\" content=\"instock\" \/>\n<meta property=\"product:retailer_item_id\" content=\"LEVA-6298\" \/>\n<meta property=\"product:condition\" content=\"new\" \/>\n<!-- \/ Yoast SEO plugin. -->","yoast_head_json":{"title":"\u00a1Lev\u00e1ntate! ~ Colombia","robots":{"index":"index","follow":"follow","max-snippet":"max-snippet:-1","max-image-preview":"max-image-preview:large","max-video-preview":"max-video-preview:-1"},"canonical":"https:\/\/editorialpanhouse.com\/co\/producto\/levantate\/","og_locale":"es_ES","og_type":"article","og_title":"\u00a1Lev\u00e1ntate! ~ Colombia","og_description":"Principios, verdades y promesas de Dios que alientan","og_url":"https:\/\/editorialpanhouse.com\/co\/producto\/levantate\/","og_site_name":"Colombia","article_publisher":"https:\/\/www.facebook.com\/lapanhouse","article_modified_time":"2026-04-24T18:17:25+00:00","twitter_card":"summary_large_image","twitter_site":"@lapanhouse","twitter_misc":{"Precio":"&#36;79.200","Availability":"In stock"},"schema":{"@context":"https:\/\/schema.org","@graph":[{"@type":"WebPage","@id":"https:\/\/editorialpanhouse.com\/co\/producto\/levantate\/","url":"https:\/\/editorialpanhouse.com\/co\/producto\/levantate\/","name":"\u00a1Lev\u00e1ntate! ~ Colombia","isPartOf":{"@id":"https:\/\/editorialpanhouse.com\/co\/#website"},"primaryImageOfPage":{"@id":"https:\/\/editorialpanhouse.com\/co\/producto\/levantate\/#primaryimage"},"image":{"@id":"https:\/\/editorialpanhouse.com\/co\/producto\/levantate\/#primaryimage"},"thumbnailUrl":"https:\/\/editorialpanhouse.com\/co\/wp-content\/uploads\/sites\/4\/2026\/04\/product-image-35938-6.png","datePublished":"2026-04-24T13:35:05+00:00","dateModified":"2026-04-24T18:17:25+00:00","breadcrumb":{"@id":"https:\/\/editorialpanhouse.com\/co\/producto\/levantate\/#breadcrumb"},"inLanguage":"es","potentialAction":[{"@type":"ReadAction","target":["https:\/\/editorialpanhouse.com\/co\/producto\/levantate\/"]}]},{"@type":"ImageObject","inLanguage":"es","@id":"https:\/\/editorialpanhouse.com\/co\/producto\/levantate\/#primaryimage","url":"https:\/\/editorialpanhouse.com\/co\/wp-content\/uploads\/sites\/4\/2026\/04\/product-image-35938-6.png","contentUrl":"https:\/\/editorialpanhouse.com\/co\/wp-content\/uploads\/sites\/4\/2026\/04\/product-image-35938-6.png","width":800,"height":800},{"@type":"BreadcrumbList","@id":"https:\/\/editorialpanhouse.com\/co\/producto\/levantate\/#breadcrumb","itemListElement":[{"@type":"ListItem","position":1,"name":"Portada","item":"https:\/\/editorialpanhouse.com\/co\/"},{"@type":"ListItem","position":2,"name":"Librer\u00eda","item":"https:\/\/editorialpanhouse.com\/co\/libreria\/"},{"@type":"ListItem","position":3,"name":"\u00a1Lev\u00e1ntate!"}]},{"@type":"WebSite","@id":"https:\/\/editorialpanhouse.com\/co\/#website","url":"https:\/\/editorialpanhouse.com\/co\/","name":"Casa Editorial PanHouse | Colombia","description":"","publisher":{"@id":"https:\/\/editorialpanhouse.com\/co\/#organization"},"potentialAction":[{"@type":"SearchAction","target":{"@type":"EntryPoint","urlTemplate":"https:\/\/editorialpanhouse.com\/co\/?s={search_term_string}"},"query-input":{"@type":"PropertyValueSpecification","valueRequired":true,"valueName":"search_term_string"}}],"inLanguage":"es"},{"@type":"Organization","@id":"https:\/\/editorialpanhouse.com\/co\/#organization","name":"Casa Editorial Panhouse | Colombia","url":"https:\/\/editorialpanhouse.com\/co\/","logo":{"@type":"ImageObject","inLanguage":"es","@id":"https:\/\/editorialpanhouse.com\/co\/#\/schema\/logo\/image\/","url":"https:\/\/editorialpanhouse.com\/co\/wp-content\/uploads\/sites\/4\/2026\/03\/Slogan-2.png","contentUrl":"https:\/\/editorialpanhouse.com\/co\/wp-content\/uploads\/sites\/4\/2026\/03\/Slogan-2.png","width":211,"height":160,"caption":"Casa Editorial Panhouse | Colombia"},"image":{"@id":"https:\/\/editorialpanhouse.com\/co\/#\/schema\/logo\/image\/"},"sameAs":["https:\/\/www.facebook.com\/lapanhouse","https:\/\/x.com\/lapanhouse","https:\/\/www.instagram.com\/lapanhouse\/","https:\/\/www.linkedin.com\/company\/casa-editorial-panhouse\/"]}]},"product_price_amount":"79200","product_price_currency":"COP","og_availability":"instock","product_availability":"instock","product_retailer_item_id":"LEVA-6298","product_condition":"new"},"_links":{"self":[{"href":"https:\/\/editorialpanhouse.com\/co\/wp-json\/wp\/v2\/product\/35938","targetHints":{"allow":["GET"]}}],"collection":[{"href":"https:\/\/editorialpanhouse.com\/co\/wp-json\/wp\/v2\/product"}],"about":[{"href":"https:\/\/editorialpanhouse.com\/co\/wp-json\/wp\/v2\/types\/product"}],"replies":[{"embeddable":true,"href":"https:\/\/editorialpanhouse.com\/co\/wp-json\/wp\/v2\/comments?post=35938"}],"wp:featuredmedia":[{"embeddable":true,"href":"https:\/\/editorialpanhouse.com\/co\/wp-json\/wp\/v2\/media\/36511"}],"wp:attachment":[{"href":"https:\/\/editorialpanhouse.com\/co\/wp-json\/wp\/v2\/media?parent=35938"}],"wp:term":[{"taxonomy":"product_collection","embeddable":true,"href":"https:\/\/editorialpanhouse.com\/co\/wp-json\/wp\/v2\/product_collection?post=35938"},{"taxonomy":"product_author","embeddable":true,"href":"https:\/\/editorialpanhouse.com\/co\/wp-json\/wp\/v2\/product_author?post=35938"},{"taxonomy":"product_brand","embeddable":true,"href":"https:\/\/editorialpanhouse.com\/co\/wp-json\/wp\/v2\/product_brand?post=35938"},{"taxonomy":"product_cat","embeddable":true,"href":"https:\/\/editorialpanhouse.com\/co\/wp-json\/wp\/v2\/product_cat?post=35938"},{"taxonomy":"product_tag","embeddable":true,"href":"https:\/\/editorialpanhouse.com\/co\/wp-json\/wp\/v2\/product_tag?post=35938"}],"curies":[{"name":"wp","href":"https:\/\/api.w.org\/{rel}","templated":true}]}}