{"id":36080,"date":"2026-04-24T09:39:27","date_gmt":"2026-04-24T13:39:27","guid":{"rendered":"https:\/\/editorialpanhouse.com\/co\/producto\/un-viaje-al-universo-de-mi-preadolescente\/"},"modified":"2026-04-24T14:21:34","modified_gmt":"2026-04-24T18:21:34","slug":"un-viaje-al-universo-de-mi-preadolescente","status":"publish","type":"product","link":"https:\/\/editorialpanhouse.com\/co\/producto\/un-viaje-al-universo-de-mi-preadolescente\/","title":{"rendered":"Un viaje al universo de mi preadolescente"},"content":{"rendered":"<p>En este libro, diez mam\u00e1s expertas compartimos nuestras experiencias profesionales y personales sobre los retos m\u00e1s importantes que enfrentan nuestros hijos preadolescentes en esta etapa crucial de sus vidas, marcada por cambios f\u00edsicos, emocionales y sociales. Entre los 9 y 12 a\u00f1os, es com\u00fan enfrentar grandes desaf\u00edos y sentir incertidumbre sobre c\u00f3mo abordarlos; nosotras conocemos el sentimiento de necesitar orientaci\u00f3n para mantener la conexi\u00f3n con esa personita tan especial para Ti.<\/p>\n<p>De mam\u00e1 a mam\u00e1, con mucho amor y comprensi\u00f3n, te hablamos de puntos clave con la tecnolog\u00eda, la comunicaci\u00f3n, la sexualidad, la autonom\u00eda y otros aspectos que hemos vivido en nuestros propios hogares. Lo que buscamos es brindarte herramientas para fortalecer su autoestima, hablar de diferentes temas con confianza y as\u00ed fortalecer el v\u00ednculo entre ustedes.<\/p>\n<p>\u00a1Emprende el viaje al universo de tu preadolescente para conectar con el coraz\u00f3n de tu hijo o hija, con comprensi\u00f3n y empat\u00eda!<\/p>\n","protected":false},"excerpt":{"rendered":"<p>En este libro, diez mam\u00e1s expertas compartimos nuestras experiencias profesionales y personales sobre los retos m\u00e1s importantes que enfrentan nuestros hijos preadolescentes en esta etapa crucial de sus vidas, marcada por cambios f\u00edsicos, emocionales y sociales. Entre los 9 y 12 a\u00f1os, es com\u00fan enfrentar grandes desaf\u00edos y sentir incertidumbre sobre c\u00f3mo abordarlos; nosotras conocemos [&hellip;]<\/p>\n","protected":false},"featured_media":36590,"comment_status":"open","ping_status":"closed","template":"","meta":{"_acf_changed":false},"product_collection":[737],"product_author":[1245],"product_brand":[],"product_cat":[15],"product_tag":[899,780,415],"class_list":{"0":"post-36080","1":"product","2":"type-product","3":"status-publish","4":"has-post-thumbnail","6":"product_collection-emprendimiento-y-crecimiento-personal","7":"product_author-autores-varios","8":"product_cat-todas","9":"product_tag-compresion","10":"product_tag-empatia","11":"product_tag-orientacion","13":"first","14":"instock","15":"shipping-taxable","16":"purchasable","17":"product-type-simple"},"acf":[],"yoast_head":"<!-- This site is optimized with the Yoast SEO plugin v27.4 - https:\/\/yoast.com\/product\/yoast-seo-wordpress\/ -->\n<title>Un viaje al universo de mi preadolescente ~ Colombia<\/title>\n<meta name=\"robots\" content=\"index, follow, max-snippet:-1, max-image-preview:large, max-video-preview:-1\" \/>\n<link rel=\"canonical\" href=\"https:\/\/editorialpanhouse.com\/co\/producto\/un-viaje-al-universo-de-mi-preadolescente\/\" \/>\n<meta property=\"og:locale\" content=\"es_ES\" \/>\n<meta property=\"og:type\" content=\"article\" \/>\n<meta property=\"og:title\" content=\"Un viaje al universo de mi preadolescente ~ Colombia\" \/>\n<meta property=\"og:description\" content=\"En este libro, diez mam\u00e1s expertas compartimos nuestras experiencias profesionales y personales sobre los retos m\u00e1s importantes que enfrentan nuestros hijos preadolescentes en esta etapa crucial de sus vidas, marcada por cambios f\u00edsicos, emocionales y sociales. Entre los 9 y 12 a\u00f1os, es com\u00fan enfrentar grandes desaf\u00edos y sentir incertidumbre sobre c\u00f3mo abordarlos; nosotras conocemos [&hellip;]\" \/>\n<meta property=\"og:url\" content=\"https:\/\/editorialpanhouse.com\/co\/producto\/un-viaje-al-universo-de-mi-preadolescente\/\" \/>\n<meta property=\"og:site_name\" content=\"Colombia\" \/>\n<meta property=\"article:publisher\" content=\"https:\/\/www.facebook.com\/lapanhouse\" \/>\n<meta property=\"article:modified_time\" content=\"2026-04-24T18:21:34+00:00\" \/>\n<meta name=\"twitter:card\" content=\"summary_large_image\" \/>\n<meta name=\"twitter:site\" content=\"@lapanhouse\" \/>\n<meta name=\"twitter:label1\" content=\"Precio\" \/>\n\t<meta name=\"twitter:data1\" content=\"&#036;72.000\" \/>\n\t<meta name=\"twitter:label2\" content=\"Availability\" \/>\n\t<meta name=\"twitter:data2\" content=\"In stock\" \/>\n<script type=\"application\/ld+json\" class=\"yoast-schema-graph\">{\"@context\":\"https:\\\/\\\/schema.org\",\"@graph\":[{\"@type\":\"WebPage\",\"@id\":\"https:\\\/\\\/editorialpanhouse.com\\\/co\\\/producto\\\/un-viaje-al-universo-de-mi-preadolescente\\\/\",\"url\":\"https:\\\/\\\/editorialpanhouse.com\\\/co\\\/producto\\\/un-viaje-al-universo-de-mi-preadolescente\\\/\",\"name\":\"Un viaje al universo de mi preadolescente ~ Colombia\",\"isPartOf\":{\"@id\":\"https:\\\/\\\/editorialpanhouse.com\\\/co\\\/#website\"},\"primaryImageOfPage\":{\"@id\":\"https:\\\/\\\/editorialpanhouse.com\\\/co\\\/producto\\\/un-viaje-al-universo-de-mi-preadolescente\\\/#primaryimage\"},\"image\":{\"@id\":\"https:\\\/\\\/editorialpanhouse.com\\\/co\\\/producto\\\/un-viaje-al-universo-de-mi-preadolescente\\\/#primaryimage\"},\"thumbnailUrl\":\"https:\\\/\\\/editorialpanhouse.com\\\/co\\\/wp-content\\\/uploads\\\/sites\\\/4\\\/2026\\\/04\\\/product-image-36080-2.png\",\"datePublished\":\"2026-04-24T13:39:27+00:00\",\"dateModified\":\"2026-04-24T18:21:34+00:00\",\"breadcrumb\":{\"@id\":\"https:\\\/\\\/editorialpanhouse.com\\\/co\\\/producto\\\/un-viaje-al-universo-de-mi-preadolescente\\\/#breadcrumb\"},\"inLanguage\":\"es\",\"potentialAction\":[{\"@type\":\"ReadAction\",\"target\":[\"https:\\\/\\\/editorialpanhouse.com\\\/co\\\/producto\\\/un-viaje-al-universo-de-mi-preadolescente\\\/\"]}]},{\"@type\":\"ImageObject\",\"inLanguage\":\"es\",\"@id\":\"https:\\\/\\\/editorialpanhouse.com\\\/co\\\/producto\\\/un-viaje-al-universo-de-mi-preadolescente\\\/#primaryimage\",\"url\":\"https:\\\/\\\/editorialpanhouse.com\\\/co\\\/wp-content\\\/uploads\\\/sites\\\/4\\\/2026\\\/04\\\/product-image-36080-2.png\",\"contentUrl\":\"https:\\\/\\\/editorialpanhouse.com\\\/co\\\/wp-content\\\/uploads\\\/sites\\\/4\\\/2026\\\/04\\\/product-image-36080-2.png\",\"width\":800,\"height\":800},{\"@type\":\"BreadcrumbList\",\"@id\":\"https:\\\/\\\/editorialpanhouse.com\\\/co\\\/producto\\\/un-viaje-al-universo-de-mi-preadolescente\\\/#breadcrumb\",\"itemListElement\":[{\"@type\":\"ListItem\",\"position\":1,\"name\":\"Portada\",\"item\":\"https:\\\/\\\/editorialpanhouse.com\\\/co\\\/\"},{\"@type\":\"ListItem\",\"position\":2,\"name\":\"Librer\u00eda\",\"item\":\"https:\\\/\\\/editorialpanhouse.com\\\/co\\\/libreria\\\/\"},{\"@type\":\"ListItem\",\"position\":3,\"name\":\"Un viaje al universo de mi preadolescente\"}]},{\"@type\":\"WebSite\",\"@id\":\"https:\\\/\\\/editorialpanhouse.com\\\/co\\\/#website\",\"url\":\"https:\\\/\\\/editorialpanhouse.com\\\/co\\\/\",\"name\":\"Casa Editorial PanHouse | Colombia\",\"description\":\"\",\"publisher\":{\"@id\":\"https:\\\/\\\/editorialpanhouse.com\\\/co\\\/#organization\"},\"potentialAction\":[{\"@type\":\"SearchAction\",\"target\":{\"@type\":\"EntryPoint\",\"urlTemplate\":\"https:\\\/\\\/editorialpanhouse.com\\\/co\\\/?s={search_term_string}\"},\"query-input\":{\"@type\":\"PropertyValueSpecification\",\"valueRequired\":true,\"valueName\":\"search_term_string\"}}],\"inLanguage\":\"es\"},{\"@type\":\"Organization\",\"@id\":\"https:\\\/\\\/editorialpanhouse.com\\\/co\\\/#organization\",\"name\":\"Casa Editorial Panhouse | Colombia\",\"url\":\"https:\\\/\\\/editorialpanhouse.com\\\/co\\\/\",\"logo\":{\"@type\":\"ImageObject\",\"inLanguage\":\"es\",\"@id\":\"https:\\\/\\\/editorialpanhouse.com\\\/co\\\/#\\\/schema\\\/logo\\\/image\\\/\",\"url\":\"https:\\\/\\\/editorialpanhouse.com\\\/co\\\/wp-content\\\/uploads\\\/sites\\\/4\\\/2026\\\/03\\\/Slogan-2.png\",\"contentUrl\":\"https:\\\/\\\/editorialpanhouse.com\\\/co\\\/wp-content\\\/uploads\\\/sites\\\/4\\\/2026\\\/03\\\/Slogan-2.png\",\"width\":211,\"height\":160,\"caption\":\"Casa Editorial Panhouse | Colombia\"},\"image\":{\"@id\":\"https:\\\/\\\/editorialpanhouse.com\\\/co\\\/#\\\/schema\\\/logo\\\/image\\\/\"},\"sameAs\":[\"https:\\\/\\\/www.facebook.com\\\/lapanhouse\",\"https:\\\/\\\/x.com\\\/lapanhouse\",\"https:\\\/\\\/www.instagram.com\\\/lapanhouse\\\/\",\"https:\\\/\\\/www.linkedin.com\\\/company\\\/casa-editorial-panhouse\\\/\"]}]}<\/script>\n<meta property=\"product:price:amount\" content=\"72000\" \/>\n<meta property=\"product:price:currency\" content=\"COP\" \/>\n<meta property=\"og:availability\" content=\"instock\" \/>\n<meta property=\"product:availability\" content=\"instock\" \/>\n<meta property=\"product:retailer_item_id\" content=\"UNVIAJAL-6171\" \/>\n<meta property=\"product:condition\" content=\"new\" \/>\n<!-- \/ Yoast SEO plugin. -->","yoast_head_json":{"title":"Un viaje al universo de mi preadolescente ~ Colombia","robots":{"index":"index","follow":"follow","max-snippet":"max-snippet:-1","max-image-preview":"max-image-preview:large","max-video-preview":"max-video-preview:-1"},"canonical":"https:\/\/editorialpanhouse.com\/co\/producto\/un-viaje-al-universo-de-mi-preadolescente\/","og_locale":"es_ES","og_type":"article","og_title":"Un viaje al universo de mi preadolescente ~ Colombia","og_description":"En este libro, diez mam\u00e1s expertas compartimos nuestras experiencias profesionales y personales sobre los retos m\u00e1s importantes que enfrentan nuestros hijos preadolescentes en esta etapa crucial de sus vidas, marcada por cambios f\u00edsicos, emocionales y sociales. Entre los 9 y 12 a\u00f1os, es com\u00fan enfrentar grandes desaf\u00edos y sentir incertidumbre sobre c\u00f3mo abordarlos; nosotras conocemos [&hellip;]","og_url":"https:\/\/editorialpanhouse.com\/co\/producto\/un-viaje-al-universo-de-mi-preadolescente\/","og_site_name":"Colombia","article_publisher":"https:\/\/www.facebook.com\/lapanhouse","article_modified_time":"2026-04-24T18:21:34+00:00","twitter_card":"summary_large_image","twitter_site":"@lapanhouse","twitter_misc":{"Precio":"&#36;72.000","Availability":"In stock"},"schema":{"@context":"https:\/\/schema.org","@graph":[{"@type":"WebPage","@id":"https:\/\/editorialpanhouse.com\/co\/producto\/un-viaje-al-universo-de-mi-preadolescente\/","url":"https:\/\/editorialpanhouse.com\/co\/producto\/un-viaje-al-universo-de-mi-preadolescente\/","name":"Un viaje al universo de mi preadolescente ~ Colombia","isPartOf":{"@id":"https:\/\/editorialpanhouse.com\/co\/#website"},"primaryImageOfPage":{"@id":"https:\/\/editorialpanhouse.com\/co\/producto\/un-viaje-al-universo-de-mi-preadolescente\/#primaryimage"},"image":{"@id":"https:\/\/editorialpanhouse.com\/co\/producto\/un-viaje-al-universo-de-mi-preadolescente\/#primaryimage"},"thumbnailUrl":"https:\/\/editorialpanhouse.com\/co\/wp-content\/uploads\/sites\/4\/2026\/04\/product-image-36080-2.png","datePublished":"2026-04-24T13:39:27+00:00","dateModified":"2026-04-24T18:21:34+00:00","breadcrumb":{"@id":"https:\/\/editorialpanhouse.com\/co\/producto\/un-viaje-al-universo-de-mi-preadolescente\/#breadcrumb"},"inLanguage":"es","potentialAction":[{"@type":"ReadAction","target":["https:\/\/editorialpanhouse.com\/co\/producto\/un-viaje-al-universo-de-mi-preadolescente\/"]}]},{"@type":"ImageObject","inLanguage":"es","@id":"https:\/\/editorialpanhouse.com\/co\/producto\/un-viaje-al-universo-de-mi-preadolescente\/#primaryimage","url":"https:\/\/editorialpanhouse.com\/co\/wp-content\/uploads\/sites\/4\/2026\/04\/product-image-36080-2.png","contentUrl":"https:\/\/editorialpanhouse.com\/co\/wp-content\/uploads\/sites\/4\/2026\/04\/product-image-36080-2.png","width":800,"height":800},{"@type":"BreadcrumbList","@id":"https:\/\/editorialpanhouse.com\/co\/producto\/un-viaje-al-universo-de-mi-preadolescente\/#breadcrumb","itemListElement":[{"@type":"ListItem","position":1,"name":"Portada","item":"https:\/\/editorialpanhouse.com\/co\/"},{"@type":"ListItem","position":2,"name":"Librer\u00eda","item":"https:\/\/editorialpanhouse.com\/co\/libreria\/"},{"@type":"ListItem","position":3,"name":"Un viaje al universo de mi preadolescente"}]},{"@type":"WebSite","@id":"https:\/\/editorialpanhouse.com\/co\/#website","url":"https:\/\/editorialpanhouse.com\/co\/","name":"Casa Editorial PanHouse | Colombia","description":"","publisher":{"@id":"https:\/\/editorialpanhouse.com\/co\/#organization"},"potentialAction":[{"@type":"SearchAction","target":{"@type":"EntryPoint","urlTemplate":"https:\/\/editorialpanhouse.com\/co\/?s={search_term_string}"},"query-input":{"@type":"PropertyValueSpecification","valueRequired":true,"valueName":"search_term_string"}}],"inLanguage":"es"},{"@type":"Organization","@id":"https:\/\/editorialpanhouse.com\/co\/#organization","name":"Casa Editorial Panhouse | Colombia","url":"https:\/\/editorialpanhouse.com\/co\/","logo":{"@type":"ImageObject","inLanguage":"es","@id":"https:\/\/editorialpanhouse.com\/co\/#\/schema\/logo\/image\/","url":"https:\/\/editorialpanhouse.com\/co\/wp-content\/uploads\/sites\/4\/2026\/03\/Slogan-2.png","contentUrl":"https:\/\/editorialpanhouse.com\/co\/wp-content\/uploads\/sites\/4\/2026\/03\/Slogan-2.png","width":211,"height":160,"caption":"Casa Editorial Panhouse | Colombia"},"image":{"@id":"https:\/\/editorialpanhouse.com\/co\/#\/schema\/logo\/image\/"},"sameAs":["https:\/\/www.facebook.com\/lapanhouse","https:\/\/x.com\/lapanhouse","https:\/\/www.instagram.com\/lapanhouse\/","https:\/\/www.linkedin.com\/company\/casa-editorial-panhouse\/"]}]},"product_price_amount":"72000","product_price_currency":"COP","og_availability":"instock","product_availability":"instock","product_retailer_item_id":"UNVIAJAL-6171","product_condition":"new"},"_links":{"self":[{"href":"https:\/\/editorialpanhouse.com\/co\/wp-json\/wp\/v2\/product\/36080","targetHints":{"allow":["GET"]}}],"collection":[{"href":"https:\/\/editorialpanhouse.com\/co\/wp-json\/wp\/v2\/product"}],"about":[{"href":"https:\/\/editorialpanhouse.com\/co\/wp-json\/wp\/v2\/types\/product"}],"replies":[{"embeddable":true,"href":"https:\/\/editorialpanhouse.com\/co\/wp-json\/wp\/v2\/comments?post=36080"}],"wp:featuredmedia":[{"embeddable":true,"href":"https:\/\/editorialpanhouse.com\/co\/wp-json\/wp\/v2\/media\/36590"}],"wp:attachment":[{"href":"https:\/\/editorialpanhouse.com\/co\/wp-json\/wp\/v2\/media?parent=36080"}],"wp:term":[{"taxonomy":"product_collection","embeddable":true,"href":"https:\/\/editorialpanhouse.com\/co\/wp-json\/wp\/v2\/product_collection?post=36080"},{"taxonomy":"product_author","embeddable":true,"href":"https:\/\/editorialpanhouse.com\/co\/wp-json\/wp\/v2\/product_author?post=36080"},{"taxonomy":"product_brand","embeddable":true,"href":"https:\/\/editorialpanhouse.com\/co\/wp-json\/wp\/v2\/product_brand?post=36080"},{"taxonomy":"product_cat","embeddable":true,"href":"https:\/\/editorialpanhouse.com\/co\/wp-json\/wp\/v2\/product_cat?post=36080"},{"taxonomy":"product_tag","embeddable":true,"href":"https:\/\/editorialpanhouse.com\/co\/wp-json\/wp\/v2\/product_tag?post=36080"}],"curies":[{"name":"wp","href":"https:\/\/api.w.org\/{rel}","templated":true}]}}