{"id":36084,"date":"2026-04-24T09:39:33","date_gmt":"2026-04-24T13:39:33","guid":{"rendered":"https:\/\/editorialpanhouse.com\/co\/producto\/liderate-a-ti-mismo-lidera-tu-vida\/"},"modified":"2026-04-24T14:21:39","modified_gmt":"2026-04-24T18:21:39","slug":"liderate-a-ti-mismo-lidera-tu-vida","status":"publish","type":"product","link":"https:\/\/editorialpanhouse.com\/co\/producto\/liderate-a-ti-mismo-lidera-tu-vida\/","title":{"rendered":"Lid\u00e9rate a ti mismo, lidera tu vida"},"content":{"rendered":"<p>Lid\u00e9rate a ti mismo, lidera tu vida\u00bb es una gu\u00eda pr\u00e1ctica e inspiradora que combina psicolog\u00eda, inteligencia emocional y desarrollo espiritual para ayudarte a encontrar prop\u00f3sito, empoderarte y transformar tu vida. A trav\u00e9s de estrategias probadas y reflexiones profundas, este libro te ofrece las herramientas para liderar desde dentro y alcanzar tu m\u00e1ximo potencial.<\/p>\n","protected":false},"excerpt":{"rendered":"<p>Un viaje hacia la autorrealizaci\u00f3n emocional, mental y espiritual<\/p>\n","protected":false},"featured_media":36592,"comment_status":"open","ping_status":"closed","template":"","meta":{"_acf_changed":false},"product_collection":[737],"product_author":[699],"product_brand":[],"product_cat":[15],"product_tag":[336,741,1235,321],"class_list":{"0":"post-36084","1":"product","2":"type-product","3":"status-publish","4":"has-post-thumbnail","6":"product_collection-emprendimiento-y-crecimiento-personal","7":"product_author-onexi-alvarado","8":"product_cat-todas","9":"product_tag-empoderamiento","10":"product_tag-guia","11":"product_tag-inteligencia-emocional","12":"product_tag-liderazgo","14":"first","15":"instock","16":"shipping-taxable","17":"purchasable","18":"product-type-simple"},"acf":[],"yoast_head":"<!-- This site is optimized with the Yoast SEO plugin v27.4 - https:\/\/yoast.com\/product\/yoast-seo-wordpress\/ -->\n<title>Lid\u00e9rate a ti mismo, lidera tu vida ~ Colombia<\/title>\n<meta name=\"robots\" content=\"index, follow, max-snippet:-1, max-image-preview:large, max-video-preview:-1\" \/>\n<link rel=\"canonical\" href=\"https:\/\/editorialpanhouse.com\/co\/producto\/liderate-a-ti-mismo-lidera-tu-vida\/\" \/>\n<meta property=\"og:locale\" content=\"es_ES\" \/>\n<meta property=\"og:type\" content=\"article\" \/>\n<meta property=\"og:title\" content=\"Lid\u00e9rate a ti mismo, lidera tu vida ~ Colombia\" \/>\n<meta property=\"og:description\" content=\"Un viaje hacia la autorrealizaci\u00f3n emocional, mental y espiritual\" \/>\n<meta property=\"og:url\" content=\"https:\/\/editorialpanhouse.com\/co\/producto\/liderate-a-ti-mismo-lidera-tu-vida\/\" \/>\n<meta property=\"og:site_name\" content=\"Colombia\" \/>\n<meta property=\"article:publisher\" content=\"https:\/\/www.facebook.com\/lapanhouse\" \/>\n<meta property=\"article:modified_time\" content=\"2026-04-24T18:21:39+00:00\" \/>\n<meta name=\"twitter:card\" content=\"summary_large_image\" \/>\n<meta name=\"twitter:site\" content=\"@lapanhouse\" \/>\n<meta name=\"twitter:label1\" content=\"Precio\" \/>\n\t<meta name=\"twitter:data1\" content=\"&#036;88.000\" \/>\n\t<meta name=\"twitter:label2\" content=\"Availability\" \/>\n\t<meta name=\"twitter:data2\" content=\"In stock\" \/>\n<script type=\"application\/ld+json\" class=\"yoast-schema-graph\">{\"@context\":\"https:\\\/\\\/schema.org\",\"@graph\":[{\"@type\":\"WebPage\",\"@id\":\"https:\\\/\\\/editorialpanhouse.com\\\/co\\\/producto\\\/liderate-a-ti-mismo-lidera-tu-vida\\\/\",\"url\":\"https:\\\/\\\/editorialpanhouse.com\\\/co\\\/producto\\\/liderate-a-ti-mismo-lidera-tu-vida\\\/\",\"name\":\"Lid\u00e9rate a ti mismo, lidera tu vida ~ Colombia\",\"isPartOf\":{\"@id\":\"https:\\\/\\\/editorialpanhouse.com\\\/co\\\/#website\"},\"primaryImageOfPage\":{\"@id\":\"https:\\\/\\\/editorialpanhouse.com\\\/co\\\/producto\\\/liderate-a-ti-mismo-lidera-tu-vida\\\/#primaryimage\"},\"image\":{\"@id\":\"https:\\\/\\\/editorialpanhouse.com\\\/co\\\/producto\\\/liderate-a-ti-mismo-lidera-tu-vida\\\/#primaryimage\"},\"thumbnailUrl\":\"https:\\\/\\\/editorialpanhouse.com\\\/co\\\/wp-content\\\/uploads\\\/sites\\\/4\\\/2026\\\/04\\\/product-image-36084-2.png\",\"datePublished\":\"2026-04-24T13:39:33+00:00\",\"dateModified\":\"2026-04-24T18:21:39+00:00\",\"breadcrumb\":{\"@id\":\"https:\\\/\\\/editorialpanhouse.com\\\/co\\\/producto\\\/liderate-a-ti-mismo-lidera-tu-vida\\\/#breadcrumb\"},\"inLanguage\":\"es\",\"potentialAction\":[{\"@type\":\"ReadAction\",\"target\":[\"https:\\\/\\\/editorialpanhouse.com\\\/co\\\/producto\\\/liderate-a-ti-mismo-lidera-tu-vida\\\/\"]}]},{\"@type\":\"ImageObject\",\"inLanguage\":\"es\",\"@id\":\"https:\\\/\\\/editorialpanhouse.com\\\/co\\\/producto\\\/liderate-a-ti-mismo-lidera-tu-vida\\\/#primaryimage\",\"url\":\"https:\\\/\\\/editorialpanhouse.com\\\/co\\\/wp-content\\\/uploads\\\/sites\\\/4\\\/2026\\\/04\\\/product-image-36084-2.png\",\"contentUrl\":\"https:\\\/\\\/editorialpanhouse.com\\\/co\\\/wp-content\\\/uploads\\\/sites\\\/4\\\/2026\\\/04\\\/product-image-36084-2.png\",\"width\":800,\"height\":800},{\"@type\":\"BreadcrumbList\",\"@id\":\"https:\\\/\\\/editorialpanhouse.com\\\/co\\\/producto\\\/liderate-a-ti-mismo-lidera-tu-vida\\\/#breadcrumb\",\"itemListElement\":[{\"@type\":\"ListItem\",\"position\":1,\"name\":\"Portada\",\"item\":\"https:\\\/\\\/editorialpanhouse.com\\\/co\\\/\"},{\"@type\":\"ListItem\",\"position\":2,\"name\":\"Librer\u00eda\",\"item\":\"https:\\\/\\\/editorialpanhouse.com\\\/co\\\/libreria\\\/\"},{\"@type\":\"ListItem\",\"position\":3,\"name\":\"Lid\u00e9rate a ti mismo, lidera tu vida\"}]},{\"@type\":\"WebSite\",\"@id\":\"https:\\\/\\\/editorialpanhouse.com\\\/co\\\/#website\",\"url\":\"https:\\\/\\\/editorialpanhouse.com\\\/co\\\/\",\"name\":\"Casa Editorial PanHouse | Colombia\",\"description\":\"\",\"publisher\":{\"@id\":\"https:\\\/\\\/editorialpanhouse.com\\\/co\\\/#organization\"},\"potentialAction\":[{\"@type\":\"SearchAction\",\"target\":{\"@type\":\"EntryPoint\",\"urlTemplate\":\"https:\\\/\\\/editorialpanhouse.com\\\/co\\\/?s={search_term_string}\"},\"query-input\":{\"@type\":\"PropertyValueSpecification\",\"valueRequired\":true,\"valueName\":\"search_term_string\"}}],\"inLanguage\":\"es\"},{\"@type\":\"Organization\",\"@id\":\"https:\\\/\\\/editorialpanhouse.com\\\/co\\\/#organization\",\"name\":\"Casa Editorial Panhouse | Colombia\",\"url\":\"https:\\\/\\\/editorialpanhouse.com\\\/co\\\/\",\"logo\":{\"@type\":\"ImageObject\",\"inLanguage\":\"es\",\"@id\":\"https:\\\/\\\/editorialpanhouse.com\\\/co\\\/#\\\/schema\\\/logo\\\/image\\\/\",\"url\":\"https:\\\/\\\/editorialpanhouse.com\\\/co\\\/wp-content\\\/uploads\\\/sites\\\/4\\\/2026\\\/03\\\/Slogan-2.png\",\"contentUrl\":\"https:\\\/\\\/editorialpanhouse.com\\\/co\\\/wp-content\\\/uploads\\\/sites\\\/4\\\/2026\\\/03\\\/Slogan-2.png\",\"width\":211,\"height\":160,\"caption\":\"Casa Editorial Panhouse | Colombia\"},\"image\":{\"@id\":\"https:\\\/\\\/editorialpanhouse.com\\\/co\\\/#\\\/schema\\\/logo\\\/image\\\/\"},\"sameAs\":[\"https:\\\/\\\/www.facebook.com\\\/lapanhouse\",\"https:\\\/\\\/x.com\\\/lapanhouse\",\"https:\\\/\\\/www.instagram.com\\\/lapanhouse\\\/\",\"https:\\\/\\\/www.linkedin.com\\\/company\\\/casa-editorial-panhouse\\\/\"]}]}<\/script>\n<meta property=\"product:price:amount\" content=\"88000\" \/>\n<meta property=\"product:price:currency\" content=\"COP\" \/>\n<meta property=\"og:availability\" content=\"instock\" \/>\n<meta property=\"product:availability\" content=\"instock\" \/>\n<meta property=\"product:retailer_item_id\" content=\"LIDEATI-3401\" \/>\n<meta property=\"product:condition\" content=\"new\" \/>\n<!-- \/ Yoast SEO plugin. -->","yoast_head_json":{"title":"Lid\u00e9rate a ti mismo, lidera tu vida ~ Colombia","robots":{"index":"index","follow":"follow","max-snippet":"max-snippet:-1","max-image-preview":"max-image-preview:large","max-video-preview":"max-video-preview:-1"},"canonical":"https:\/\/editorialpanhouse.com\/co\/producto\/liderate-a-ti-mismo-lidera-tu-vida\/","og_locale":"es_ES","og_type":"article","og_title":"Lid\u00e9rate a ti mismo, lidera tu vida ~ Colombia","og_description":"Un viaje hacia la autorrealizaci\u00f3n emocional, mental y espiritual","og_url":"https:\/\/editorialpanhouse.com\/co\/producto\/liderate-a-ti-mismo-lidera-tu-vida\/","og_site_name":"Colombia","article_publisher":"https:\/\/www.facebook.com\/lapanhouse","article_modified_time":"2026-04-24T18:21:39+00:00","twitter_card":"summary_large_image","twitter_site":"@lapanhouse","twitter_misc":{"Precio":"&#36;88.000","Availability":"In stock"},"schema":{"@context":"https:\/\/schema.org","@graph":[{"@type":"WebPage","@id":"https:\/\/editorialpanhouse.com\/co\/producto\/liderate-a-ti-mismo-lidera-tu-vida\/","url":"https:\/\/editorialpanhouse.com\/co\/producto\/liderate-a-ti-mismo-lidera-tu-vida\/","name":"Lid\u00e9rate a ti mismo, lidera tu vida ~ Colombia","isPartOf":{"@id":"https:\/\/editorialpanhouse.com\/co\/#website"},"primaryImageOfPage":{"@id":"https:\/\/editorialpanhouse.com\/co\/producto\/liderate-a-ti-mismo-lidera-tu-vida\/#primaryimage"},"image":{"@id":"https:\/\/editorialpanhouse.com\/co\/producto\/liderate-a-ti-mismo-lidera-tu-vida\/#primaryimage"},"thumbnailUrl":"https:\/\/editorialpanhouse.com\/co\/wp-content\/uploads\/sites\/4\/2026\/04\/product-image-36084-2.png","datePublished":"2026-04-24T13:39:33+00:00","dateModified":"2026-04-24T18:21:39+00:00","breadcrumb":{"@id":"https:\/\/editorialpanhouse.com\/co\/producto\/liderate-a-ti-mismo-lidera-tu-vida\/#breadcrumb"},"inLanguage":"es","potentialAction":[{"@type":"ReadAction","target":["https:\/\/editorialpanhouse.com\/co\/producto\/liderate-a-ti-mismo-lidera-tu-vida\/"]}]},{"@type":"ImageObject","inLanguage":"es","@id":"https:\/\/editorialpanhouse.com\/co\/producto\/liderate-a-ti-mismo-lidera-tu-vida\/#primaryimage","url":"https:\/\/editorialpanhouse.com\/co\/wp-content\/uploads\/sites\/4\/2026\/04\/product-image-36084-2.png","contentUrl":"https:\/\/editorialpanhouse.com\/co\/wp-content\/uploads\/sites\/4\/2026\/04\/product-image-36084-2.png","width":800,"height":800},{"@type":"BreadcrumbList","@id":"https:\/\/editorialpanhouse.com\/co\/producto\/liderate-a-ti-mismo-lidera-tu-vida\/#breadcrumb","itemListElement":[{"@type":"ListItem","position":1,"name":"Portada","item":"https:\/\/editorialpanhouse.com\/co\/"},{"@type":"ListItem","position":2,"name":"Librer\u00eda","item":"https:\/\/editorialpanhouse.com\/co\/libreria\/"},{"@type":"ListItem","position":3,"name":"Lid\u00e9rate a ti mismo, lidera tu vida"}]},{"@type":"WebSite","@id":"https:\/\/editorialpanhouse.com\/co\/#website","url":"https:\/\/editorialpanhouse.com\/co\/","name":"Casa Editorial PanHouse | Colombia","description":"","publisher":{"@id":"https:\/\/editorialpanhouse.com\/co\/#organization"},"potentialAction":[{"@type":"SearchAction","target":{"@type":"EntryPoint","urlTemplate":"https:\/\/editorialpanhouse.com\/co\/?s={search_term_string}"},"query-input":{"@type":"PropertyValueSpecification","valueRequired":true,"valueName":"search_term_string"}}],"inLanguage":"es"},{"@type":"Organization","@id":"https:\/\/editorialpanhouse.com\/co\/#organization","name":"Casa Editorial Panhouse | Colombia","url":"https:\/\/editorialpanhouse.com\/co\/","logo":{"@type":"ImageObject","inLanguage":"es","@id":"https:\/\/editorialpanhouse.com\/co\/#\/schema\/logo\/image\/","url":"https:\/\/editorialpanhouse.com\/co\/wp-content\/uploads\/sites\/4\/2026\/03\/Slogan-2.png","contentUrl":"https:\/\/editorialpanhouse.com\/co\/wp-content\/uploads\/sites\/4\/2026\/03\/Slogan-2.png","width":211,"height":160,"caption":"Casa Editorial Panhouse | Colombia"},"image":{"@id":"https:\/\/editorialpanhouse.com\/co\/#\/schema\/logo\/image\/"},"sameAs":["https:\/\/www.facebook.com\/lapanhouse","https:\/\/x.com\/lapanhouse","https:\/\/www.instagram.com\/lapanhouse\/","https:\/\/www.linkedin.com\/company\/casa-editorial-panhouse\/"]}]},"product_price_amount":"88000","product_price_currency":"COP","og_availability":"instock","product_availability":"instock","product_retailer_item_id":"LIDEATI-3401","product_condition":"new"},"_links":{"self":[{"href":"https:\/\/editorialpanhouse.com\/co\/wp-json\/wp\/v2\/product\/36084","targetHints":{"allow":["GET"]}}],"collection":[{"href":"https:\/\/editorialpanhouse.com\/co\/wp-json\/wp\/v2\/product"}],"about":[{"href":"https:\/\/editorialpanhouse.com\/co\/wp-json\/wp\/v2\/types\/product"}],"replies":[{"embeddable":true,"href":"https:\/\/editorialpanhouse.com\/co\/wp-json\/wp\/v2\/comments?post=36084"}],"wp:featuredmedia":[{"embeddable":true,"href":"https:\/\/editorialpanhouse.com\/co\/wp-json\/wp\/v2\/media\/36592"}],"wp:attachment":[{"href":"https:\/\/editorialpanhouse.com\/co\/wp-json\/wp\/v2\/media?parent=36084"}],"wp:term":[{"taxonomy":"product_collection","embeddable":true,"href":"https:\/\/editorialpanhouse.com\/co\/wp-json\/wp\/v2\/product_collection?post=36084"},{"taxonomy":"product_author","embeddable":true,"href":"https:\/\/editorialpanhouse.com\/co\/wp-json\/wp\/v2\/product_author?post=36084"},{"taxonomy":"product_brand","embeddable":true,"href":"https:\/\/editorialpanhouse.com\/co\/wp-json\/wp\/v2\/product_brand?post=36084"},{"taxonomy":"product_cat","embeddable":true,"href":"https:\/\/editorialpanhouse.com\/co\/wp-json\/wp\/v2\/product_cat?post=36084"},{"taxonomy":"product_tag","embeddable":true,"href":"https:\/\/editorialpanhouse.com\/co\/wp-json\/wp\/v2\/product_tag?post=36084"}],"curies":[{"name":"wp","href":"https:\/\/api.w.org\/{rel}","templated":true}]}}