{"id":36090,"date":"2026-04-24T09:39:46","date_gmt":"2026-04-24T13:39:46","guid":{"rendered":"https:\/\/editorialpanhouse.com\/co\/producto\/en-primera-persona\/"},"modified":"2026-04-24T14:21:52","modified_gmt":"2026-04-24T18:21:52","slug":"en-primera-persona","status":"publish","type":"product","link":"https:\/\/editorialpanhouse.com\/co\/producto\/en-primera-persona\/","title":{"rendered":"En primera persona"},"content":{"rendered":"<p>La invitaci\u00f3n que nos hace la Dra. Leila Marcano Nieves es reconstruir, reformular, redefinir y reequilibrar el concepto de ser una mujer exitosa desde las acciones diarias. La autora, por medio de estas p\u00e1ginas, nos inspira a ser protagonistas de nuestra historia y reposicionar nuestro valor como l\u00edderes femeninas, vernos a trav\u00e9s de los ojos de Dios y defender las prioridades que tenemos en nuestras vidas.<\/p>\n<p>En este libro, Leila comparte ciertas historias de su vida con las que nos confirma que no todas tenemos que seguir el mismo camino predispuesto y que es importante defender la libertad de ser perfectamente imperfectas, amarnos tal cual somos y aceptar que todas tenemos una luz m\u00e1gica dentro de nosotras. Luz que debe luminarnos, pero tambi\u00e9n debe iluminar a los\/as dem\u00e1s.<\/p>\n<p>Entre esas historias hacemos un recorrido por su vida y obtenemos algunas luces de su infancia, su choque contra la pared al llegar a la universidad y como entr\u00f3 en un techo de cristal en su vida profesional. Tal vez desde aqu\u00ed se fue gestando un concepto de emprendimiento femenino m\u00e1s amplio que le sirvi\u00f3 para no conformarse con lo que los dem\u00e1s le dec\u00edan y buscar, con sus propias experiencias, c\u00f3mo era que ella quer\u00eda vivir y definirse como mujer.<\/p>\n<p>Tambi\u00e9n nos cuenta sobre su enfermedad (hipertiroidismo) y su aventura trasformadora de encontrar un balance justo con su tiroides. Aqu\u00ed la autora nos lleva a recordar c\u00f3mo fue esa relaci\u00f3n entre el amor de su vida (el Marketing), su devoci\u00f3n al trabajo y ayudar a los otros, y c\u00f3mo esto fue en detrimento de su salud. Nos confiesa c\u00f3mo un d\u00eda ella despert\u00f3 y ya no reconoc\u00eda a la mujer que ve\u00eda en su espejo.<\/p>\n<p>Esa situaci\u00f3n la llev\u00f3 a desconectarse de su prop\u00f3sito y deambular sin rumbo por un rato hasta que finalmente se embarc\u00f3 en una nueva experiencia que la hizo regresar a su ruta y le cambi\u00f3 la vida: el Camino de Santiago. Aunque quiso rendirse, regresar a casa y tirar la toalla en favor de la comodidad, Leila persever\u00f3 y culmin\u00f3 lo que inici\u00f3. Esta experiencia la hizo reconectar con lo que quer\u00eda transmitir, reequilibrarse con su misi\u00f3n y su reconexi\u00f3n con Dios; fue aqu\u00ed que la autora sali\u00f3 renovada y lista para emprender de vuelta ese camino de aventura y trabajo por el otro, aunque sin tener muy claro c\u00f3mo lo iba a realizar y teniendo las emociones a flor de piel. Hablando de emprender, en su libro, una de las v\u00edas por las cuales Leila invita a las mujeres a escribir su destino en primera persona es por medio del emprendimiento. Aqu\u00ed la autora nos ayuda a entender qu\u00e9 es el emprendimiento femenino y c\u00f3mo hacer de \u00e9l una pr\u00e1ctica diaria en nuestras vidas. Solo recuerda que por m\u00e1s que una mujer represente muchas responsabilidades, \u00a1es momento de emprender!<\/p>\n","protected":false},"excerpt":{"rendered":"<p>Aventuras y filosofadas para encender tu luz interior<\/p>\n","protected":false},"featured_media":36595,"comment_status":"open","ping_status":"closed","template":"","meta":{"_acf_changed":false},"product_collection":[737],"product_author":[704],"product_brand":[],"product_cat":[15],"product_tag":[327,1239,1241,1240],"class_list":{"0":"post-36090","1":"product","2":"type-product","3":"status-publish","4":"has-post-thumbnail","6":"product_collection-emprendimiento-y-crecimiento-personal","7":"product_author-leila-marcano-nieves","8":"product_cat-todas","9":"product_tag-historia","10":"product_tag-reconstruir","11":"product_tag-redefinir","12":"product_tag-reformular","14":"first","15":"instock","16":"shipping-taxable","17":"purchasable","18":"product-type-simple"},"acf":[],"yoast_head":"<!-- This site is optimized with the Yoast SEO plugin v27.4 - https:\/\/yoast.com\/product\/yoast-seo-wordpress\/ -->\n<title>En primera persona ~ Colombia<\/title>\n<meta name=\"robots\" content=\"index, follow, max-snippet:-1, max-image-preview:large, max-video-preview:-1\" \/>\n<link rel=\"canonical\" href=\"https:\/\/editorialpanhouse.com\/co\/producto\/en-primera-persona\/\" \/>\n<meta property=\"og:locale\" content=\"es_ES\" \/>\n<meta property=\"og:type\" content=\"article\" \/>\n<meta property=\"og:title\" content=\"En primera persona ~ Colombia\" \/>\n<meta property=\"og:description\" content=\"Aventuras y filosofadas para encender tu luz interior\" \/>\n<meta property=\"og:url\" content=\"https:\/\/editorialpanhouse.com\/co\/producto\/en-primera-persona\/\" \/>\n<meta property=\"og:site_name\" content=\"Colombia\" \/>\n<meta property=\"article:publisher\" content=\"https:\/\/www.facebook.com\/lapanhouse\" \/>\n<meta property=\"article:modified_time\" content=\"2026-04-24T18:21:52+00:00\" \/>\n<meta name=\"twitter:card\" content=\"summary_large_image\" \/>\n<meta name=\"twitter:site\" content=\"@lapanhouse\" \/>\n<meta name=\"twitter:label1\" content=\"Precio\" \/>\n\t<meta name=\"twitter:data1\" content=\"&#036;88.000\" \/>\n\t<meta name=\"twitter:label2\" content=\"Availability\" \/>\n\t<meta name=\"twitter:data2\" content=\"In stock\" \/>\n<script type=\"application\/ld+json\" class=\"yoast-schema-graph\">{\"@context\":\"https:\\\/\\\/schema.org\",\"@graph\":[{\"@type\":\"WebPage\",\"@id\":\"https:\\\/\\\/editorialpanhouse.com\\\/co\\\/producto\\\/en-primera-persona\\\/\",\"url\":\"https:\\\/\\\/editorialpanhouse.com\\\/co\\\/producto\\\/en-primera-persona\\\/\",\"name\":\"En primera persona ~ Colombia\",\"isPartOf\":{\"@id\":\"https:\\\/\\\/editorialpanhouse.com\\\/co\\\/#website\"},\"primaryImageOfPage\":{\"@id\":\"https:\\\/\\\/editorialpanhouse.com\\\/co\\\/producto\\\/en-primera-persona\\\/#primaryimage\"},\"image\":{\"@id\":\"https:\\\/\\\/editorialpanhouse.com\\\/co\\\/producto\\\/en-primera-persona\\\/#primaryimage\"},\"thumbnailUrl\":\"https:\\\/\\\/editorialpanhouse.com\\\/co\\\/wp-content\\\/uploads\\\/sites\\\/4\\\/2026\\\/04\\\/product-image-36090-2.png\",\"datePublished\":\"2026-04-24T13:39:46+00:00\",\"dateModified\":\"2026-04-24T18:21:52+00:00\",\"breadcrumb\":{\"@id\":\"https:\\\/\\\/editorialpanhouse.com\\\/co\\\/producto\\\/en-primera-persona\\\/#breadcrumb\"},\"inLanguage\":\"es\",\"potentialAction\":[{\"@type\":\"ReadAction\",\"target\":[\"https:\\\/\\\/editorialpanhouse.com\\\/co\\\/producto\\\/en-primera-persona\\\/\"]}]},{\"@type\":\"ImageObject\",\"inLanguage\":\"es\",\"@id\":\"https:\\\/\\\/editorialpanhouse.com\\\/co\\\/producto\\\/en-primera-persona\\\/#primaryimage\",\"url\":\"https:\\\/\\\/editorialpanhouse.com\\\/co\\\/wp-content\\\/uploads\\\/sites\\\/4\\\/2026\\\/04\\\/product-image-36090-2.png\",\"contentUrl\":\"https:\\\/\\\/editorialpanhouse.com\\\/co\\\/wp-content\\\/uploads\\\/sites\\\/4\\\/2026\\\/04\\\/product-image-36090-2.png\",\"width\":800,\"height\":800},{\"@type\":\"BreadcrumbList\",\"@id\":\"https:\\\/\\\/editorialpanhouse.com\\\/co\\\/producto\\\/en-primera-persona\\\/#breadcrumb\",\"itemListElement\":[{\"@type\":\"ListItem\",\"position\":1,\"name\":\"Portada\",\"item\":\"https:\\\/\\\/editorialpanhouse.com\\\/co\\\/\"},{\"@type\":\"ListItem\",\"position\":2,\"name\":\"Librer\u00eda\",\"item\":\"https:\\\/\\\/editorialpanhouse.com\\\/co\\\/libreria\\\/\"},{\"@type\":\"ListItem\",\"position\":3,\"name\":\"En primera persona\"}]},{\"@type\":\"WebSite\",\"@id\":\"https:\\\/\\\/editorialpanhouse.com\\\/co\\\/#website\",\"url\":\"https:\\\/\\\/editorialpanhouse.com\\\/co\\\/\",\"name\":\"Casa Editorial PanHouse | Colombia\",\"description\":\"\",\"publisher\":{\"@id\":\"https:\\\/\\\/editorialpanhouse.com\\\/co\\\/#organization\"},\"potentialAction\":[{\"@type\":\"SearchAction\",\"target\":{\"@type\":\"EntryPoint\",\"urlTemplate\":\"https:\\\/\\\/editorialpanhouse.com\\\/co\\\/?s={search_term_string}\"},\"query-input\":{\"@type\":\"PropertyValueSpecification\",\"valueRequired\":true,\"valueName\":\"search_term_string\"}}],\"inLanguage\":\"es\"},{\"@type\":\"Organization\",\"@id\":\"https:\\\/\\\/editorialpanhouse.com\\\/co\\\/#organization\",\"name\":\"Casa Editorial Panhouse | Colombia\",\"url\":\"https:\\\/\\\/editorialpanhouse.com\\\/co\\\/\",\"logo\":{\"@type\":\"ImageObject\",\"inLanguage\":\"es\",\"@id\":\"https:\\\/\\\/editorialpanhouse.com\\\/co\\\/#\\\/schema\\\/logo\\\/image\\\/\",\"url\":\"https:\\\/\\\/editorialpanhouse.com\\\/co\\\/wp-content\\\/uploads\\\/sites\\\/4\\\/2026\\\/03\\\/Slogan-2.png\",\"contentUrl\":\"https:\\\/\\\/editorialpanhouse.com\\\/co\\\/wp-content\\\/uploads\\\/sites\\\/4\\\/2026\\\/03\\\/Slogan-2.png\",\"width\":211,\"height\":160,\"caption\":\"Casa Editorial Panhouse | Colombia\"},\"image\":{\"@id\":\"https:\\\/\\\/editorialpanhouse.com\\\/co\\\/#\\\/schema\\\/logo\\\/image\\\/\"},\"sameAs\":[\"https:\\\/\\\/www.facebook.com\\\/lapanhouse\",\"https:\\\/\\\/x.com\\\/lapanhouse\",\"https:\\\/\\\/www.instagram.com\\\/lapanhouse\\\/\",\"https:\\\/\\\/www.linkedin.com\\\/company\\\/casa-editorial-panhouse\\\/\"]}]}<\/script>\n<meta property=\"product:price:amount\" content=\"88000\" \/>\n<meta property=\"product:price:currency\" content=\"COP\" \/>\n<meta property=\"og:availability\" content=\"instock\" \/>\n<meta property=\"product:availability\" content=\"instock\" \/>\n<meta property=\"product:retailer_item_id\" content=\"ENPRIMPERS-4262\" \/>\n<meta property=\"product:condition\" content=\"new\" \/>\n<!-- \/ Yoast SEO plugin. -->","yoast_head_json":{"title":"En primera persona ~ Colombia","robots":{"index":"index","follow":"follow","max-snippet":"max-snippet:-1","max-image-preview":"max-image-preview:large","max-video-preview":"max-video-preview:-1"},"canonical":"https:\/\/editorialpanhouse.com\/co\/producto\/en-primera-persona\/","og_locale":"es_ES","og_type":"article","og_title":"En primera persona ~ Colombia","og_description":"Aventuras y filosofadas para encender tu luz interior","og_url":"https:\/\/editorialpanhouse.com\/co\/producto\/en-primera-persona\/","og_site_name":"Colombia","article_publisher":"https:\/\/www.facebook.com\/lapanhouse","article_modified_time":"2026-04-24T18:21:52+00:00","twitter_card":"summary_large_image","twitter_site":"@lapanhouse","twitter_misc":{"Precio":"&#36;88.000","Availability":"In stock"},"schema":{"@context":"https:\/\/schema.org","@graph":[{"@type":"WebPage","@id":"https:\/\/editorialpanhouse.com\/co\/producto\/en-primera-persona\/","url":"https:\/\/editorialpanhouse.com\/co\/producto\/en-primera-persona\/","name":"En primera persona ~ Colombia","isPartOf":{"@id":"https:\/\/editorialpanhouse.com\/co\/#website"},"primaryImageOfPage":{"@id":"https:\/\/editorialpanhouse.com\/co\/producto\/en-primera-persona\/#primaryimage"},"image":{"@id":"https:\/\/editorialpanhouse.com\/co\/producto\/en-primera-persona\/#primaryimage"},"thumbnailUrl":"https:\/\/editorialpanhouse.com\/co\/wp-content\/uploads\/sites\/4\/2026\/04\/product-image-36090-2.png","datePublished":"2026-04-24T13:39:46+00:00","dateModified":"2026-04-24T18:21:52+00:00","breadcrumb":{"@id":"https:\/\/editorialpanhouse.com\/co\/producto\/en-primera-persona\/#breadcrumb"},"inLanguage":"es","potentialAction":[{"@type":"ReadAction","target":["https:\/\/editorialpanhouse.com\/co\/producto\/en-primera-persona\/"]}]},{"@type":"ImageObject","inLanguage":"es","@id":"https:\/\/editorialpanhouse.com\/co\/producto\/en-primera-persona\/#primaryimage","url":"https:\/\/editorialpanhouse.com\/co\/wp-content\/uploads\/sites\/4\/2026\/04\/product-image-36090-2.png","contentUrl":"https:\/\/editorialpanhouse.com\/co\/wp-content\/uploads\/sites\/4\/2026\/04\/product-image-36090-2.png","width":800,"height":800},{"@type":"BreadcrumbList","@id":"https:\/\/editorialpanhouse.com\/co\/producto\/en-primera-persona\/#breadcrumb","itemListElement":[{"@type":"ListItem","position":1,"name":"Portada","item":"https:\/\/editorialpanhouse.com\/co\/"},{"@type":"ListItem","position":2,"name":"Librer\u00eda","item":"https:\/\/editorialpanhouse.com\/co\/libreria\/"},{"@type":"ListItem","position":3,"name":"En primera persona"}]},{"@type":"WebSite","@id":"https:\/\/editorialpanhouse.com\/co\/#website","url":"https:\/\/editorialpanhouse.com\/co\/","name":"Casa Editorial PanHouse | Colombia","description":"","publisher":{"@id":"https:\/\/editorialpanhouse.com\/co\/#organization"},"potentialAction":[{"@type":"SearchAction","target":{"@type":"EntryPoint","urlTemplate":"https:\/\/editorialpanhouse.com\/co\/?s={search_term_string}"},"query-input":{"@type":"PropertyValueSpecification","valueRequired":true,"valueName":"search_term_string"}}],"inLanguage":"es"},{"@type":"Organization","@id":"https:\/\/editorialpanhouse.com\/co\/#organization","name":"Casa Editorial Panhouse | Colombia","url":"https:\/\/editorialpanhouse.com\/co\/","logo":{"@type":"ImageObject","inLanguage":"es","@id":"https:\/\/editorialpanhouse.com\/co\/#\/schema\/logo\/image\/","url":"https:\/\/editorialpanhouse.com\/co\/wp-content\/uploads\/sites\/4\/2026\/03\/Slogan-2.png","contentUrl":"https:\/\/editorialpanhouse.com\/co\/wp-content\/uploads\/sites\/4\/2026\/03\/Slogan-2.png","width":211,"height":160,"caption":"Casa Editorial Panhouse | Colombia"},"image":{"@id":"https:\/\/editorialpanhouse.com\/co\/#\/schema\/logo\/image\/"},"sameAs":["https:\/\/www.facebook.com\/lapanhouse","https:\/\/x.com\/lapanhouse","https:\/\/www.instagram.com\/lapanhouse\/","https:\/\/www.linkedin.com\/company\/casa-editorial-panhouse\/"]}]},"product_price_amount":"88000","product_price_currency":"COP","og_availability":"instock","product_availability":"instock","product_retailer_item_id":"ENPRIMPERS-4262","product_condition":"new"},"_links":{"self":[{"href":"https:\/\/editorialpanhouse.com\/co\/wp-json\/wp\/v2\/product\/36090","targetHints":{"allow":["GET"]}}],"collection":[{"href":"https:\/\/editorialpanhouse.com\/co\/wp-json\/wp\/v2\/product"}],"about":[{"href":"https:\/\/editorialpanhouse.com\/co\/wp-json\/wp\/v2\/types\/product"}],"replies":[{"embeddable":true,"href":"https:\/\/editorialpanhouse.com\/co\/wp-json\/wp\/v2\/comments?post=36090"}],"wp:featuredmedia":[{"embeddable":true,"href":"https:\/\/editorialpanhouse.com\/co\/wp-json\/wp\/v2\/media\/36595"}],"wp:attachment":[{"href":"https:\/\/editorialpanhouse.com\/co\/wp-json\/wp\/v2\/media?parent=36090"}],"wp:term":[{"taxonomy":"product_collection","embeddable":true,"href":"https:\/\/editorialpanhouse.com\/co\/wp-json\/wp\/v2\/product_collection?post=36090"},{"taxonomy":"product_author","embeddable":true,"href":"https:\/\/editorialpanhouse.com\/co\/wp-json\/wp\/v2\/product_author?post=36090"},{"taxonomy":"product_brand","embeddable":true,"href":"https:\/\/editorialpanhouse.com\/co\/wp-json\/wp\/v2\/product_brand?post=36090"},{"taxonomy":"product_cat","embeddable":true,"href":"https:\/\/editorialpanhouse.com\/co\/wp-json\/wp\/v2\/product_cat?post=36090"},{"taxonomy":"product_tag","embeddable":true,"href":"https:\/\/editorialpanhouse.com\/co\/wp-json\/wp\/v2\/product_tag?post=36090"}],"curies":[{"name":"wp","href":"https:\/\/api.w.org\/{rel}","templated":true}]}}