{"id":36092,"date":"2026-04-24T09:39:52","date_gmt":"2026-04-24T13:39:52","guid":{"rendered":"https:\/\/editorialpanhouse.com\/co\/producto\/la-ilusion-del-ego\/"},"modified":"2026-04-24T14:21:58","modified_gmt":"2026-04-24T18:21:58","slug":"la-ilusion-del-ego","status":"publish","type":"product","link":"https:\/\/editorialpanhouse.com\/co\/producto\/la-ilusion-del-ego\/","title":{"rendered":"La ilusi\u00f3n del ego"},"content":{"rendered":"<p>Imagina que todo lo que crees saber sobre ti mismo y el mundo que te rodea es una ilusi\u00f3n. Esa voz interior que te dice qu\u00e9 hacer, lo que eres, lo que debes alcanzar, \u00bfrealmente es tuya? Quiz\u00e1 es una construcci\u00f3n que has creado para sentirte m\u00e1s seguro en medio del caos. A lo largo de nuestra vida nos vamos aferrando a un ego que nos dicta<br \/>\nc\u00f3mo debemos vivir, pero \u00bfqu\u00e9 pasa cuando este se convierte en nuestra prisi\u00f3n m\u00e1s grande?<\/p>\n<p>A trav\u00e9s de historias de personajes ic\u00f3nicos, como Howard Hughes y John F. Kennedy, en La ilusi\u00f3n del ego conocer\u00e1s de qu\u00e9 manera una mente libre de ataduras encuentra la verdadera resiliencia. Este no es un libro sobre c\u00f3mo evitar las crisis, sino acerca de c\u00f3mo aprovecharlas para romper las cadenas que nos limitan.<\/p>\n<p>En este viaje, Joan Borbolla no promete respuestas f\u00e1ciles ni f\u00f3rmulas m\u00e1gicas. En cambio, ofrece una reflexi\u00f3n profunda sobre la naturaleza del sufrimiento y la liberaci\u00f3n para ayudarte a descubrir que, en muchos casos, lo \u00fanico que necesitamos cambiar es nuestra relaci\u00f3n con nosotros mismos.<\/p>\n","protected":false},"excerpt":{"rendered":"<p>Rompiendo el autoenga\u00f1o que nos impide ser libres<\/p>\n","protected":false},"featured_media":36596,"comment_status":"open","ping_status":"closed","template":"","meta":{"_acf_changed":false},"product_collection":[737],"product_author":[705],"product_brand":[],"product_cat":[15],"product_tag":[1243,522,1242,327],"class_list":{"0":"post-36092","1":"product","2":"type-product","3":"status-publish","4":"has-post-thumbnail","6":"product_collection-emprendimiento-y-crecimiento-personal","7":"product_author-joan-borbolla","8":"product_cat-todas","9":"product_tag-construccion","10":"product_tag-crecimiento","11":"product_tag-ego","12":"product_tag-historia","14":"first","15":"instock","16":"shipping-taxable","17":"purchasable","18":"product-type-simple"},"acf":[],"yoast_head":"<!-- This site is optimized with the Yoast SEO plugin v27.4 - https:\/\/yoast.com\/product\/yoast-seo-wordpress\/ -->\n<title>La ilusi\u00f3n del ego ~ Colombia<\/title>\n<meta name=\"robots\" content=\"index, follow, max-snippet:-1, max-image-preview:large, max-video-preview:-1\" \/>\n<link rel=\"canonical\" href=\"https:\/\/editorialpanhouse.com\/co\/producto\/la-ilusion-del-ego\/\" \/>\n<meta property=\"og:locale\" content=\"es_ES\" \/>\n<meta property=\"og:type\" content=\"article\" \/>\n<meta property=\"og:title\" content=\"La ilusi\u00f3n del ego ~ Colombia\" \/>\n<meta property=\"og:description\" content=\"Rompiendo el autoenga\u00f1o que nos impide ser libres\" \/>\n<meta property=\"og:url\" content=\"https:\/\/editorialpanhouse.com\/co\/producto\/la-ilusion-del-ego\/\" \/>\n<meta property=\"og:site_name\" content=\"Colombia\" \/>\n<meta property=\"article:publisher\" content=\"https:\/\/www.facebook.com\/lapanhouse\" \/>\n<meta property=\"article:modified_time\" content=\"2026-04-24T18:21:58+00:00\" \/>\n<meta name=\"twitter:card\" content=\"summary_large_image\" \/>\n<meta name=\"twitter:site\" content=\"@lapanhouse\" \/>\n<meta name=\"twitter:label1\" content=\"Precio\" \/>\n\t<meta name=\"twitter:data1\" content=\"&#036;72.000\" \/>\n\t<meta name=\"twitter:label2\" content=\"Availability\" \/>\n\t<meta name=\"twitter:data2\" content=\"In stock\" \/>\n<script type=\"application\/ld+json\" class=\"yoast-schema-graph\">{\"@context\":\"https:\\\/\\\/schema.org\",\"@graph\":[{\"@type\":\"WebPage\",\"@id\":\"https:\\\/\\\/editorialpanhouse.com\\\/co\\\/producto\\\/la-ilusion-del-ego\\\/\",\"url\":\"https:\\\/\\\/editorialpanhouse.com\\\/co\\\/producto\\\/la-ilusion-del-ego\\\/\",\"name\":\"La ilusi\u00f3n del ego ~ Colombia\",\"isPartOf\":{\"@id\":\"https:\\\/\\\/editorialpanhouse.com\\\/co\\\/#website\"},\"primaryImageOfPage\":{\"@id\":\"https:\\\/\\\/editorialpanhouse.com\\\/co\\\/producto\\\/la-ilusion-del-ego\\\/#primaryimage\"},\"image\":{\"@id\":\"https:\\\/\\\/editorialpanhouse.com\\\/co\\\/producto\\\/la-ilusion-del-ego\\\/#primaryimage\"},\"thumbnailUrl\":\"https:\\\/\\\/editorialpanhouse.com\\\/co\\\/wp-content\\\/uploads\\\/sites\\\/4\\\/2026\\\/04\\\/product-image-36092-2.png\",\"datePublished\":\"2026-04-24T13:39:52+00:00\",\"dateModified\":\"2026-04-24T18:21:58+00:00\",\"breadcrumb\":{\"@id\":\"https:\\\/\\\/editorialpanhouse.com\\\/co\\\/producto\\\/la-ilusion-del-ego\\\/#breadcrumb\"},\"inLanguage\":\"es\",\"potentialAction\":[{\"@type\":\"ReadAction\",\"target\":[\"https:\\\/\\\/editorialpanhouse.com\\\/co\\\/producto\\\/la-ilusion-del-ego\\\/\"]}]},{\"@type\":\"ImageObject\",\"inLanguage\":\"es\",\"@id\":\"https:\\\/\\\/editorialpanhouse.com\\\/co\\\/producto\\\/la-ilusion-del-ego\\\/#primaryimage\",\"url\":\"https:\\\/\\\/editorialpanhouse.com\\\/co\\\/wp-content\\\/uploads\\\/sites\\\/4\\\/2026\\\/04\\\/product-image-36092-2.png\",\"contentUrl\":\"https:\\\/\\\/editorialpanhouse.com\\\/co\\\/wp-content\\\/uploads\\\/sites\\\/4\\\/2026\\\/04\\\/product-image-36092-2.png\",\"width\":800,\"height\":800},{\"@type\":\"BreadcrumbList\",\"@id\":\"https:\\\/\\\/editorialpanhouse.com\\\/co\\\/producto\\\/la-ilusion-del-ego\\\/#breadcrumb\",\"itemListElement\":[{\"@type\":\"ListItem\",\"position\":1,\"name\":\"Portada\",\"item\":\"https:\\\/\\\/editorialpanhouse.com\\\/co\\\/\"},{\"@type\":\"ListItem\",\"position\":2,\"name\":\"Librer\u00eda\",\"item\":\"https:\\\/\\\/editorialpanhouse.com\\\/co\\\/libreria\\\/\"},{\"@type\":\"ListItem\",\"position\":3,\"name\":\"La ilusi\u00f3n del ego\"}]},{\"@type\":\"WebSite\",\"@id\":\"https:\\\/\\\/editorialpanhouse.com\\\/co\\\/#website\",\"url\":\"https:\\\/\\\/editorialpanhouse.com\\\/co\\\/\",\"name\":\"Casa Editorial PanHouse | Colombia\",\"description\":\"\",\"publisher\":{\"@id\":\"https:\\\/\\\/editorialpanhouse.com\\\/co\\\/#organization\"},\"potentialAction\":[{\"@type\":\"SearchAction\",\"target\":{\"@type\":\"EntryPoint\",\"urlTemplate\":\"https:\\\/\\\/editorialpanhouse.com\\\/co\\\/?s={search_term_string}\"},\"query-input\":{\"@type\":\"PropertyValueSpecification\",\"valueRequired\":true,\"valueName\":\"search_term_string\"}}],\"inLanguage\":\"es\"},{\"@type\":\"Organization\",\"@id\":\"https:\\\/\\\/editorialpanhouse.com\\\/co\\\/#organization\",\"name\":\"Casa Editorial Panhouse | Colombia\",\"url\":\"https:\\\/\\\/editorialpanhouse.com\\\/co\\\/\",\"logo\":{\"@type\":\"ImageObject\",\"inLanguage\":\"es\",\"@id\":\"https:\\\/\\\/editorialpanhouse.com\\\/co\\\/#\\\/schema\\\/logo\\\/image\\\/\",\"url\":\"https:\\\/\\\/editorialpanhouse.com\\\/co\\\/wp-content\\\/uploads\\\/sites\\\/4\\\/2026\\\/03\\\/Slogan-2.png\",\"contentUrl\":\"https:\\\/\\\/editorialpanhouse.com\\\/co\\\/wp-content\\\/uploads\\\/sites\\\/4\\\/2026\\\/03\\\/Slogan-2.png\",\"width\":211,\"height\":160,\"caption\":\"Casa Editorial Panhouse | Colombia\"},\"image\":{\"@id\":\"https:\\\/\\\/editorialpanhouse.com\\\/co\\\/#\\\/schema\\\/logo\\\/image\\\/\"},\"sameAs\":[\"https:\\\/\\\/www.facebook.com\\\/lapanhouse\",\"https:\\\/\\\/x.com\\\/lapanhouse\",\"https:\\\/\\\/www.instagram.com\\\/lapanhouse\\\/\",\"https:\\\/\\\/www.linkedin.com\\\/company\\\/casa-editorial-panhouse\\\/\"]}]}<\/script>\n<meta property=\"product:price:amount\" content=\"72000\" \/>\n<meta property=\"product:price:currency\" content=\"COP\" \/>\n<meta property=\"og:availability\" content=\"instock\" \/>\n<meta property=\"product:availability\" content=\"instock\" \/>\n<meta property=\"product:retailer_item_id\" content=\"LAILUSDEL-7940\" \/>\n<meta property=\"product:condition\" content=\"new\" \/>\n<!-- \/ Yoast SEO plugin. -->","yoast_head_json":{"title":"La ilusi\u00f3n del ego ~ Colombia","robots":{"index":"index","follow":"follow","max-snippet":"max-snippet:-1","max-image-preview":"max-image-preview:large","max-video-preview":"max-video-preview:-1"},"canonical":"https:\/\/editorialpanhouse.com\/co\/producto\/la-ilusion-del-ego\/","og_locale":"es_ES","og_type":"article","og_title":"La ilusi\u00f3n del ego ~ Colombia","og_description":"Rompiendo el autoenga\u00f1o que nos impide ser libres","og_url":"https:\/\/editorialpanhouse.com\/co\/producto\/la-ilusion-del-ego\/","og_site_name":"Colombia","article_publisher":"https:\/\/www.facebook.com\/lapanhouse","article_modified_time":"2026-04-24T18:21:58+00:00","twitter_card":"summary_large_image","twitter_site":"@lapanhouse","twitter_misc":{"Precio":"&#36;72.000","Availability":"In stock"},"schema":{"@context":"https:\/\/schema.org","@graph":[{"@type":"WebPage","@id":"https:\/\/editorialpanhouse.com\/co\/producto\/la-ilusion-del-ego\/","url":"https:\/\/editorialpanhouse.com\/co\/producto\/la-ilusion-del-ego\/","name":"La ilusi\u00f3n del ego ~ Colombia","isPartOf":{"@id":"https:\/\/editorialpanhouse.com\/co\/#website"},"primaryImageOfPage":{"@id":"https:\/\/editorialpanhouse.com\/co\/producto\/la-ilusion-del-ego\/#primaryimage"},"image":{"@id":"https:\/\/editorialpanhouse.com\/co\/producto\/la-ilusion-del-ego\/#primaryimage"},"thumbnailUrl":"https:\/\/editorialpanhouse.com\/co\/wp-content\/uploads\/sites\/4\/2026\/04\/product-image-36092-2.png","datePublished":"2026-04-24T13:39:52+00:00","dateModified":"2026-04-24T18:21:58+00:00","breadcrumb":{"@id":"https:\/\/editorialpanhouse.com\/co\/producto\/la-ilusion-del-ego\/#breadcrumb"},"inLanguage":"es","potentialAction":[{"@type":"ReadAction","target":["https:\/\/editorialpanhouse.com\/co\/producto\/la-ilusion-del-ego\/"]}]},{"@type":"ImageObject","inLanguage":"es","@id":"https:\/\/editorialpanhouse.com\/co\/producto\/la-ilusion-del-ego\/#primaryimage","url":"https:\/\/editorialpanhouse.com\/co\/wp-content\/uploads\/sites\/4\/2026\/04\/product-image-36092-2.png","contentUrl":"https:\/\/editorialpanhouse.com\/co\/wp-content\/uploads\/sites\/4\/2026\/04\/product-image-36092-2.png","width":800,"height":800},{"@type":"BreadcrumbList","@id":"https:\/\/editorialpanhouse.com\/co\/producto\/la-ilusion-del-ego\/#breadcrumb","itemListElement":[{"@type":"ListItem","position":1,"name":"Portada","item":"https:\/\/editorialpanhouse.com\/co\/"},{"@type":"ListItem","position":2,"name":"Librer\u00eda","item":"https:\/\/editorialpanhouse.com\/co\/libreria\/"},{"@type":"ListItem","position":3,"name":"La ilusi\u00f3n del ego"}]},{"@type":"WebSite","@id":"https:\/\/editorialpanhouse.com\/co\/#website","url":"https:\/\/editorialpanhouse.com\/co\/","name":"Casa Editorial PanHouse | Colombia","description":"","publisher":{"@id":"https:\/\/editorialpanhouse.com\/co\/#organization"},"potentialAction":[{"@type":"SearchAction","target":{"@type":"EntryPoint","urlTemplate":"https:\/\/editorialpanhouse.com\/co\/?s={search_term_string}"},"query-input":{"@type":"PropertyValueSpecification","valueRequired":true,"valueName":"search_term_string"}}],"inLanguage":"es"},{"@type":"Organization","@id":"https:\/\/editorialpanhouse.com\/co\/#organization","name":"Casa Editorial Panhouse | Colombia","url":"https:\/\/editorialpanhouse.com\/co\/","logo":{"@type":"ImageObject","inLanguage":"es","@id":"https:\/\/editorialpanhouse.com\/co\/#\/schema\/logo\/image\/","url":"https:\/\/editorialpanhouse.com\/co\/wp-content\/uploads\/sites\/4\/2026\/03\/Slogan-2.png","contentUrl":"https:\/\/editorialpanhouse.com\/co\/wp-content\/uploads\/sites\/4\/2026\/03\/Slogan-2.png","width":211,"height":160,"caption":"Casa Editorial Panhouse | Colombia"},"image":{"@id":"https:\/\/editorialpanhouse.com\/co\/#\/schema\/logo\/image\/"},"sameAs":["https:\/\/www.facebook.com\/lapanhouse","https:\/\/x.com\/lapanhouse","https:\/\/www.instagram.com\/lapanhouse\/","https:\/\/www.linkedin.com\/company\/casa-editorial-panhouse\/"]}]},"product_price_amount":"72000","product_price_currency":"COP","og_availability":"instock","product_availability":"instock","product_retailer_item_id":"LAILUSDEL-7940","product_condition":"new"},"_links":{"self":[{"href":"https:\/\/editorialpanhouse.com\/co\/wp-json\/wp\/v2\/product\/36092","targetHints":{"allow":["GET"]}}],"collection":[{"href":"https:\/\/editorialpanhouse.com\/co\/wp-json\/wp\/v2\/product"}],"about":[{"href":"https:\/\/editorialpanhouse.com\/co\/wp-json\/wp\/v2\/types\/product"}],"replies":[{"embeddable":true,"href":"https:\/\/editorialpanhouse.com\/co\/wp-json\/wp\/v2\/comments?post=36092"}],"wp:featuredmedia":[{"embeddable":true,"href":"https:\/\/editorialpanhouse.com\/co\/wp-json\/wp\/v2\/media\/36596"}],"wp:attachment":[{"href":"https:\/\/editorialpanhouse.com\/co\/wp-json\/wp\/v2\/media?parent=36092"}],"wp:term":[{"taxonomy":"product_collection","embeddable":true,"href":"https:\/\/editorialpanhouse.com\/co\/wp-json\/wp\/v2\/product_collection?post=36092"},{"taxonomy":"product_author","embeddable":true,"href":"https:\/\/editorialpanhouse.com\/co\/wp-json\/wp\/v2\/product_author?post=36092"},{"taxonomy":"product_brand","embeddable":true,"href":"https:\/\/editorialpanhouse.com\/co\/wp-json\/wp\/v2\/product_brand?post=36092"},{"taxonomy":"product_cat","embeddable":true,"href":"https:\/\/editorialpanhouse.com\/co\/wp-json\/wp\/v2\/product_cat?post=36092"},{"taxonomy":"product_tag","embeddable":true,"href":"https:\/\/editorialpanhouse.com\/co\/wp-json\/wp\/v2\/product_tag?post=36092"}],"curies":[{"name":"wp","href":"https:\/\/api.w.org\/{rel}","templated":true}]}}