{"id":35096,"date":"2026-04-13T19:56:29","date_gmt":"2026-04-13T23:56:29","guid":{"rendered":"https:\/\/editorialpanhouse.com\/ve\/producto\/el-juego-de-la-venta\/"},"modified":"2026-04-23T16:41:56","modified_gmt":"2026-04-23T20:41:56","slug":"el-juego-de-la-venta","status":"publish","type":"product","link":"https:\/\/editorialpanhouse.com\/ve\/producto\/el-juego-de-la-venta\/","title":{"rendered":"El juego de la venta"},"content":{"rendered":"<p>El mundo de las ventas est\u00e1 lleno de principios, dict\u00e1menes y f\u00f3rmulas que se han ido constituyendo desde tiempos inmemorables, los cuales, de cara a los desaf\u00edos que supone vender en la sociedad moderna, se hace pertinente evaluar. En este sentido, se abre un importante espacio para cuestionarnos qu\u00e9 pasar\u00eda si nos sali\u00e9ramos del molde, si intent\u00e1ramos ver por encima de las pr\u00e1cticas tradicionales. \u00bfTe atreves a conocer una nueva forma de \u00e9xito?<\/p>\n","protected":false},"excerpt":{"rendered":"<p>Manual de fundamentos para potenciar tu efectividad en ventas<\/p>\n","protected":false},"featured_media":35663,"comment_status":"open","ping_status":"closed","template":"","meta":{"_acf_changed":false},"product_collection":[737],"product_author":[766],"product_brand":[],"product_cat":[15],"product_tag":[467,768,830,769,767],"class_list":{"0":"post-35096","1":"product","2":"type-product","3":"status-publish","4":"has-post-thumbnail","6":"product_collection-emprendimiento-y-crecimiento-personal","7":"product_author-andres-augusto-rodriguez","8":"product_cat-todas","9":"product_tag-desafios","10":"product_tag-dictamenes","11":"product_tag-exitos","12":"product_tag-formulas","13":"product_tag-ventas","15":"first","16":"instock","17":"shipping-taxable","18":"purchasable","19":"product-type-simple"},"acf":[],"yoast_head":"<!-- This site is optimized with the Yoast SEO plugin v27.4 - https:\/\/yoast.com\/product\/yoast-seo-wordpress\/ -->\n<title>El juego de la venta - Venezuela<\/title>\n<meta name=\"robots\" content=\"index, follow, max-snippet:-1, max-image-preview:large, max-video-preview:-1\" \/>\n<link rel=\"canonical\" href=\"https:\/\/editorialpanhouse.com\/ve\/producto\/el-juego-de-la-venta\/\" \/>\n<meta property=\"og:locale\" content=\"es_ES\" \/>\n<meta property=\"og:type\" content=\"article\" \/>\n<meta property=\"og:title\" content=\"El juego de la venta - Venezuela\" \/>\n<meta property=\"og:description\" content=\"Manual de fundamentos para potenciar tu efectividad en ventas\" \/>\n<meta property=\"og:url\" content=\"https:\/\/editorialpanhouse.com\/ve\/producto\/el-juego-de-la-venta\/\" \/>\n<meta property=\"og:site_name\" content=\"Venezuela\" \/>\n<meta property=\"article:modified_time\" content=\"2026-04-23T20:41:56+00:00\" \/>\n<meta property=\"og:image\" content=\"https:\/\/editorialpanhouse.com\/ve\/wp-content\/uploads\/sites\/2\/2026\/04\/product-image-35096.png\" \/>\n\t<meta property=\"og:image:width\" content=\"800\" \/>\n\t<meta property=\"og:image:height\" content=\"800\" \/>\n\t<meta property=\"og:image:type\" content=\"image\/png\" \/>\n<meta name=\"twitter:card\" content=\"summary_large_image\" \/>\n<meta name=\"twitter:label1\" content=\"Precio\" \/>\n\t<meta name=\"twitter:data1\" content=\"&#036;40\" \/>\n\t<meta name=\"twitter:label2\" content=\"Availability\" \/>\n\t<meta name=\"twitter:data2\" content=\"In stock\" \/>\n<script type=\"application\/ld+json\" class=\"yoast-schema-graph\">{\"@context\":\"https:\\\/\\\/schema.org\",\"@graph\":[{\"@type\":\"WebPage\",\"@id\":\"https:\\\/\\\/editorialpanhouse.com\\\/ve\\\/producto\\\/el-juego-de-la-venta\\\/\",\"url\":\"https:\\\/\\\/editorialpanhouse.com\\\/ve\\\/producto\\\/el-juego-de-la-venta\\\/\",\"name\":\"El juego de la venta - Venezuela\",\"isPartOf\":{\"@id\":\"https:\\\/\\\/editorialpanhouse.com\\\/ve\\\/#website\"},\"primaryImageOfPage\":{\"@id\":\"https:\\\/\\\/editorialpanhouse.com\\\/ve\\\/producto\\\/el-juego-de-la-venta\\\/#primaryimage\"},\"image\":{\"@id\":\"https:\\\/\\\/editorialpanhouse.com\\\/ve\\\/producto\\\/el-juego-de-la-venta\\\/#primaryimage\"},\"thumbnailUrl\":\"https:\\\/\\\/editorialpanhouse.com\\\/ve\\\/wp-content\\\/uploads\\\/sites\\\/2\\\/2026\\\/04\\\/product-image-35096-2.png\",\"datePublished\":\"2026-04-13T23:56:29+00:00\",\"dateModified\":\"2026-04-23T20:41:56+00:00\",\"breadcrumb\":{\"@id\":\"https:\\\/\\\/editorialpanhouse.com\\\/ve\\\/producto\\\/el-juego-de-la-venta\\\/#breadcrumb\"},\"inLanguage\":\"es\",\"potentialAction\":[{\"@type\":\"ReadAction\",\"target\":[\"https:\\\/\\\/editorialpanhouse.com\\\/ve\\\/producto\\\/el-juego-de-la-venta\\\/\"]}]},{\"@type\":\"ImageObject\",\"inLanguage\":\"es\",\"@id\":\"https:\\\/\\\/editorialpanhouse.com\\\/ve\\\/producto\\\/el-juego-de-la-venta\\\/#primaryimage\",\"url\":\"https:\\\/\\\/editorialpanhouse.com\\\/ve\\\/wp-content\\\/uploads\\\/sites\\\/2\\\/2026\\\/04\\\/product-image-35096-2.png\",\"contentUrl\":\"https:\\\/\\\/editorialpanhouse.com\\\/ve\\\/wp-content\\\/uploads\\\/sites\\\/2\\\/2026\\\/04\\\/product-image-35096-2.png\",\"width\":800,\"height\":800},{\"@type\":\"BreadcrumbList\",\"@id\":\"https:\\\/\\\/editorialpanhouse.com\\\/ve\\\/producto\\\/el-juego-de-la-venta\\\/#breadcrumb\",\"itemListElement\":[{\"@type\":\"ListItem\",\"position\":1,\"name\":\"Portada\",\"item\":\"https:\\\/\\\/editorialpanhouse.com\\\/ve\\\/\"},{\"@type\":\"ListItem\",\"position\":2,\"name\":\"Librer\u00eda\",\"item\":\"https:\\\/\\\/editorialpanhouse.com\\\/ve\\\/libreria\\\/\"},{\"@type\":\"ListItem\",\"position\":3,\"name\":\"El juego de la venta\"}]},{\"@type\":\"WebSite\",\"@id\":\"https:\\\/\\\/editorialpanhouse.com\\\/ve\\\/#website\",\"url\":\"https:\\\/\\\/editorialpanhouse.com\\\/ve\\\/\",\"name\":\"Venezuela\",\"description\":\"\",\"potentialAction\":[{\"@type\":\"SearchAction\",\"target\":{\"@type\":\"EntryPoint\",\"urlTemplate\":\"https:\\\/\\\/editorialpanhouse.com\\\/ve\\\/?s={search_term_string}\"},\"query-input\":{\"@type\":\"PropertyValueSpecification\",\"valueRequired\":true,\"valueName\":\"search_term_string\"}}],\"inLanguage\":\"es\"}]}<\/script>\n<meta property=\"product:price:amount\" content=\"40\" \/>\n<meta property=\"product:price:currency\" content=\"USD\" \/>\n<meta property=\"og:availability\" content=\"instock\" \/>\n<meta property=\"product:availability\" content=\"instock\" \/>\n<meta property=\"product:retailer_item_id\" content=\"ELJUEGDE-7673\" \/>\n<meta property=\"product:condition\" content=\"new\" \/>\n<!-- \/ Yoast SEO plugin. -->","yoast_head_json":{"title":"El juego de la venta - Venezuela","robots":{"index":"index","follow":"follow","max-snippet":"max-snippet:-1","max-image-preview":"max-image-preview:large","max-video-preview":"max-video-preview:-1"},"canonical":"https:\/\/editorialpanhouse.com\/ve\/producto\/el-juego-de-la-venta\/","og_locale":"es_ES","og_type":"article","og_title":"El juego de la venta - Venezuela","og_description":"Manual de fundamentos para potenciar tu efectividad en ventas","og_url":"https:\/\/editorialpanhouse.com\/ve\/producto\/el-juego-de-la-venta\/","og_site_name":"Venezuela","article_modified_time":"2026-04-23T20:41:56+00:00","og_image":[{"width":800,"height":800,"url":"https:\/\/editorialpanhouse.com\/ve\/wp-content\/uploads\/sites\/2\/2026\/04\/product-image-35096.png","type":"image\/png"}],"twitter_card":"summary_large_image","twitter_misc":{"Precio":"&#36;40","Availability":"In stock"},"schema":{"@context":"https:\/\/schema.org","@graph":[{"@type":"WebPage","@id":"https:\/\/editorialpanhouse.com\/ve\/producto\/el-juego-de-la-venta\/","url":"https:\/\/editorialpanhouse.com\/ve\/producto\/el-juego-de-la-venta\/","name":"El juego de la venta - Venezuela","isPartOf":{"@id":"https:\/\/editorialpanhouse.com\/ve\/#website"},"primaryImageOfPage":{"@id":"https:\/\/editorialpanhouse.com\/ve\/producto\/el-juego-de-la-venta\/#primaryimage"},"image":{"@id":"https:\/\/editorialpanhouse.com\/ve\/producto\/el-juego-de-la-venta\/#primaryimage"},"thumbnailUrl":"https:\/\/editorialpanhouse.com\/ve\/wp-content\/uploads\/sites\/2\/2026\/04\/product-image-35096-2.png","datePublished":"2026-04-13T23:56:29+00:00","dateModified":"2026-04-23T20:41:56+00:00","breadcrumb":{"@id":"https:\/\/editorialpanhouse.com\/ve\/producto\/el-juego-de-la-venta\/#breadcrumb"},"inLanguage":"es","potentialAction":[{"@type":"ReadAction","target":["https:\/\/editorialpanhouse.com\/ve\/producto\/el-juego-de-la-venta\/"]}]},{"@type":"ImageObject","inLanguage":"es","@id":"https:\/\/editorialpanhouse.com\/ve\/producto\/el-juego-de-la-venta\/#primaryimage","url":"https:\/\/editorialpanhouse.com\/ve\/wp-content\/uploads\/sites\/2\/2026\/04\/product-image-35096-2.png","contentUrl":"https:\/\/editorialpanhouse.com\/ve\/wp-content\/uploads\/sites\/2\/2026\/04\/product-image-35096-2.png","width":800,"height":800},{"@type":"BreadcrumbList","@id":"https:\/\/editorialpanhouse.com\/ve\/producto\/el-juego-de-la-venta\/#breadcrumb","itemListElement":[{"@type":"ListItem","position":1,"name":"Portada","item":"https:\/\/editorialpanhouse.com\/ve\/"},{"@type":"ListItem","position":2,"name":"Librer\u00eda","item":"https:\/\/editorialpanhouse.com\/ve\/libreria\/"},{"@type":"ListItem","position":3,"name":"El juego de la venta"}]},{"@type":"WebSite","@id":"https:\/\/editorialpanhouse.com\/ve\/#website","url":"https:\/\/editorialpanhouse.com\/ve\/","name":"Venezuela","description":"","potentialAction":[{"@type":"SearchAction","target":{"@type":"EntryPoint","urlTemplate":"https:\/\/editorialpanhouse.com\/ve\/?s={search_term_string}"},"query-input":{"@type":"PropertyValueSpecification","valueRequired":true,"valueName":"search_term_string"}}],"inLanguage":"es"}]},"product_price_amount":"40","product_price_currency":"USD","og_availability":"instock","product_availability":"instock","product_retailer_item_id":"ELJUEGDE-7673","product_condition":"new"},"_links":{"self":[{"href":"https:\/\/editorialpanhouse.com\/ve\/wp-json\/wp\/v2\/product\/35096","targetHints":{"allow":["GET"]}}],"collection":[{"href":"https:\/\/editorialpanhouse.com\/ve\/wp-json\/wp\/v2\/product"}],"about":[{"href":"https:\/\/editorialpanhouse.com\/ve\/wp-json\/wp\/v2\/types\/product"}],"replies":[{"embeddable":true,"href":"https:\/\/editorialpanhouse.com\/ve\/wp-json\/wp\/v2\/comments?post=35096"}],"wp:featuredmedia":[{"embeddable":true,"href":"https:\/\/editorialpanhouse.com\/ve\/wp-json\/wp\/v2\/media\/35663"}],"wp:attachment":[{"href":"https:\/\/editorialpanhouse.com\/ve\/wp-json\/wp\/v2\/media?parent=35096"}],"wp:term":[{"taxonomy":"product_collection","embeddable":true,"href":"https:\/\/editorialpanhouse.com\/ve\/wp-json\/wp\/v2\/product_collection?post=35096"},{"taxonomy":"product_author","embeddable":true,"href":"https:\/\/editorialpanhouse.com\/ve\/wp-json\/wp\/v2\/product_author?post=35096"},{"taxonomy":"product_brand","embeddable":true,"href":"https:\/\/editorialpanhouse.com\/ve\/wp-json\/wp\/v2\/product_brand?post=35096"},{"taxonomy":"product_cat","embeddable":true,"href":"https:\/\/editorialpanhouse.com\/ve\/wp-json\/wp\/v2\/product_cat?post=35096"},{"taxonomy":"product_tag","embeddable":true,"href":"https:\/\/editorialpanhouse.com\/ve\/wp-json\/wp\/v2\/product_tag?post=35096"}],"curies":[{"name":"wp","href":"https:\/\/api.w.org\/{rel}","templated":true}]}}