{"id":35114,"date":"2026-04-13T19:56:58","date_gmt":"2026-04-13T23:56:58","guid":{"rendered":"https:\/\/editorialpanhouse.com\/ve\/producto\/forging-your-future-forjando-tu-futuro\/"},"modified":"2026-04-23T16:42:25","modified_gmt":"2026-04-23T20:42:25","slug":"forging-your-future-forjando-tu-futuro","status":"publish","type":"product","link":"https:\/\/editorialpanhouse.com\/ve\/producto\/forging-your-future-forjando-tu-futuro\/","title":{"rendered":"Forging your future &#8211; Forjando tu futuro"},"content":{"rendered":"<p>No me considero un autor de libros, soy solo un ser obediente a escribir un poema a la vez.<br \/>\nLa magia viene de Dios, qui\u00e9n m\u00e1s tarde, \u00e9l los convierte en un libro. Este es un libro de poemas urbanos. Ahora te preguntar\u00e1s qu\u00e9 son poemas urbanos. No me considero un autor de libros, soy solo un ser obediente a escribir un<br \/>\npoema a la vez.<\/p>\n","protected":false},"excerpt":{"rendered":"<p>No me considero un autor de libros, soy solo un ser obediente a escribir un poema a la vez. La magia viene de Dios, qui\u00e9n m\u00e1s tarde, \u00e9l los convierte en un libro. Este es un libro de poemas urbanos. Ahora te preguntar\u00e1s qu\u00e9 son poemas urbanos. No me considero un autor de libros, soy [&hellip;]<\/p>\n","protected":false},"featured_media":35672,"comment_status":"open","ping_status":"closed","template":"","meta":{"_acf_changed":false},"product_collection":[751],"product_author":[791],"product_brand":[],"product_cat":[15],"product_tag":[286,564,795,792,794],"class_list":{"0":"post-35114","1":"product","2":"type-product","3":"status-publish","4":"has-post-thumbnail","6":"product_collection-crecimiento-espiritual","7":"product_author-carlos-fernandez","8":"product_cat-todas","9":"product_tag-dios","10":"product_tag-magia","11":"product_tag-obediencia","12":"product_tag-poemario","13":"product_tag-urbano","15":"first","16":"instock","17":"taxable","18":"shipping-taxable","19":"purchasable","20":"product-type-simple"},"acf":[],"yoast_head":"<!-- This site is optimized with the Yoast SEO plugin v27.4 - https:\/\/yoast.com\/product\/yoast-seo-wordpress\/ -->\n<title>Forging your future - Forjando tu futuro - Venezuela<\/title>\n<meta name=\"robots\" content=\"index, follow, max-snippet:-1, max-image-preview:large, max-video-preview:-1\" \/>\n<link rel=\"canonical\" href=\"https:\/\/editorialpanhouse.com\/ve\/producto\/forging-your-future-forjando-tu-futuro\/\" \/>\n<meta property=\"og:locale\" content=\"es_ES\" \/>\n<meta property=\"og:type\" content=\"article\" \/>\n<meta property=\"og:title\" content=\"Forging your future - Forjando tu futuro - Venezuela\" \/>\n<meta property=\"og:description\" content=\"No me considero un autor de libros, soy solo un ser obediente a escribir un poema a la vez. La magia viene de Dios, qui\u00e9n m\u00e1s tarde, \u00e9l los convierte en un libro. Este es un libro de poemas urbanos. Ahora te preguntar\u00e1s qu\u00e9 son poemas urbanos. No me considero un autor de libros, soy [&hellip;]\" \/>\n<meta property=\"og:url\" content=\"https:\/\/editorialpanhouse.com\/ve\/producto\/forging-your-future-forjando-tu-futuro\/\" \/>\n<meta property=\"og:site_name\" content=\"Venezuela\" \/>\n<meta property=\"article:modified_time\" content=\"2026-04-23T20:42:25+00:00\" \/>\n<meta property=\"og:image\" content=\"https:\/\/editorialpanhouse.com\/ve\/wp-content\/uploads\/sites\/2\/2026\/04\/product-image-35114-2.png\" \/>\n\t<meta property=\"og:image:width\" content=\"800\" \/>\n\t<meta property=\"og:image:height\" content=\"800\" \/>\n\t<meta property=\"og:image:type\" content=\"image\/png\" \/>\n<meta name=\"twitter:card\" content=\"summary_large_image\" \/>\n<meta name=\"twitter:label1\" content=\"Precio\" \/>\n\t<meta name=\"twitter:data1\" content=\"&#036;22\" \/>\n\t<meta name=\"twitter:label2\" content=\"Availability\" \/>\n\t<meta name=\"twitter:data2\" content=\"In stock\" \/>\n<script type=\"application\/ld+json\" class=\"yoast-schema-graph\">{\"@context\":\"https:\\\/\\\/schema.org\",\"@graph\":[{\"@type\":\"WebPage\",\"@id\":\"https:\\\/\\\/editorialpanhouse.com\\\/ve\\\/producto\\\/forging-your-future-forjando-tu-futuro\\\/\",\"url\":\"https:\\\/\\\/editorialpanhouse.com\\\/ve\\\/producto\\\/forging-your-future-forjando-tu-futuro\\\/\",\"name\":\"Forging your future - Forjando tu futuro - Venezuela\",\"isPartOf\":{\"@id\":\"https:\\\/\\\/editorialpanhouse.com\\\/ve\\\/#website\"},\"primaryImageOfPage\":{\"@id\":\"https:\\\/\\\/editorialpanhouse.com\\\/ve\\\/producto\\\/forging-your-future-forjando-tu-futuro\\\/#primaryimage\"},\"image\":{\"@id\":\"https:\\\/\\\/editorialpanhouse.com\\\/ve\\\/producto\\\/forging-your-future-forjando-tu-futuro\\\/#primaryimage\"},\"thumbnailUrl\":\"https:\\\/\\\/editorialpanhouse.com\\\/ve\\\/wp-content\\\/uploads\\\/sites\\\/2\\\/2026\\\/04\\\/product-image-35114-2.png\",\"datePublished\":\"2026-04-13T23:56:58+00:00\",\"dateModified\":\"2026-04-23T20:42:25+00:00\",\"breadcrumb\":{\"@id\":\"https:\\\/\\\/editorialpanhouse.com\\\/ve\\\/producto\\\/forging-your-future-forjando-tu-futuro\\\/#breadcrumb\"},\"inLanguage\":\"es\",\"potentialAction\":[{\"@type\":\"ReadAction\",\"target\":[\"https:\\\/\\\/editorialpanhouse.com\\\/ve\\\/producto\\\/forging-your-future-forjando-tu-futuro\\\/\"]}]},{\"@type\":\"ImageObject\",\"inLanguage\":\"es\",\"@id\":\"https:\\\/\\\/editorialpanhouse.com\\\/ve\\\/producto\\\/forging-your-future-forjando-tu-futuro\\\/#primaryimage\",\"url\":\"https:\\\/\\\/editorialpanhouse.com\\\/ve\\\/wp-content\\\/uploads\\\/sites\\\/2\\\/2026\\\/04\\\/product-image-35114-2.png\",\"contentUrl\":\"https:\\\/\\\/editorialpanhouse.com\\\/ve\\\/wp-content\\\/uploads\\\/sites\\\/2\\\/2026\\\/04\\\/product-image-35114-2.png\",\"width\":800,\"height\":800},{\"@type\":\"BreadcrumbList\",\"@id\":\"https:\\\/\\\/editorialpanhouse.com\\\/ve\\\/producto\\\/forging-your-future-forjando-tu-futuro\\\/#breadcrumb\",\"itemListElement\":[{\"@type\":\"ListItem\",\"position\":1,\"name\":\"Portada\",\"item\":\"https:\\\/\\\/editorialpanhouse.com\\\/ve\\\/\"},{\"@type\":\"ListItem\",\"position\":2,\"name\":\"Librer\u00eda\",\"item\":\"https:\\\/\\\/editorialpanhouse.com\\\/ve\\\/libreria\\\/\"},{\"@type\":\"ListItem\",\"position\":3,\"name\":\"Forging your future &#8211; Forjando tu futuro\"}]},{\"@type\":\"WebSite\",\"@id\":\"https:\\\/\\\/editorialpanhouse.com\\\/ve\\\/#website\",\"url\":\"https:\\\/\\\/editorialpanhouse.com\\\/ve\\\/\",\"name\":\"Venezuela\",\"description\":\"\",\"potentialAction\":[{\"@type\":\"SearchAction\",\"target\":{\"@type\":\"EntryPoint\",\"urlTemplate\":\"https:\\\/\\\/editorialpanhouse.com\\\/ve\\\/?s={search_term_string}\"},\"query-input\":{\"@type\":\"PropertyValueSpecification\",\"valueRequired\":true,\"valueName\":\"search_term_string\"}}],\"inLanguage\":\"es\"}]}<\/script>\n<meta property=\"product:price:amount\" content=\"22\" \/>\n<meta property=\"product:price:currency\" content=\"USD\" \/>\n<meta property=\"og:availability\" content=\"instock\" \/>\n<meta property=\"product:availability\" content=\"instock\" \/>\n<meta property=\"product:retailer_item_id\" content=\"FORGYOURFUTU-1198\" \/>\n<meta property=\"product:condition\" content=\"new\" \/>\n<!-- \/ Yoast SEO plugin. -->","yoast_head_json":{"title":"Forging your future - Forjando tu futuro - Venezuela","robots":{"index":"index","follow":"follow","max-snippet":"max-snippet:-1","max-image-preview":"max-image-preview:large","max-video-preview":"max-video-preview:-1"},"canonical":"https:\/\/editorialpanhouse.com\/ve\/producto\/forging-your-future-forjando-tu-futuro\/","og_locale":"es_ES","og_type":"article","og_title":"Forging your future - Forjando tu futuro - Venezuela","og_description":"No me considero un autor de libros, soy solo un ser obediente a escribir un poema a la vez. La magia viene de Dios, qui\u00e9n m\u00e1s tarde, \u00e9l los convierte en un libro. Este es un libro de poemas urbanos. Ahora te preguntar\u00e1s qu\u00e9 son poemas urbanos. No me considero un autor de libros, soy [&hellip;]","og_url":"https:\/\/editorialpanhouse.com\/ve\/producto\/forging-your-future-forjando-tu-futuro\/","og_site_name":"Venezuela","article_modified_time":"2026-04-23T20:42:25+00:00","og_image":[{"width":800,"height":800,"url":"https:\/\/editorialpanhouse.com\/ve\/wp-content\/uploads\/sites\/2\/2026\/04\/product-image-35114-2.png","type":"image\/png"}],"twitter_card":"summary_large_image","twitter_misc":{"Precio":"&#36;22","Availability":"In stock"},"schema":{"@context":"https:\/\/schema.org","@graph":[{"@type":"WebPage","@id":"https:\/\/editorialpanhouse.com\/ve\/producto\/forging-your-future-forjando-tu-futuro\/","url":"https:\/\/editorialpanhouse.com\/ve\/producto\/forging-your-future-forjando-tu-futuro\/","name":"Forging your future - Forjando tu futuro - Venezuela","isPartOf":{"@id":"https:\/\/editorialpanhouse.com\/ve\/#website"},"primaryImageOfPage":{"@id":"https:\/\/editorialpanhouse.com\/ve\/producto\/forging-your-future-forjando-tu-futuro\/#primaryimage"},"image":{"@id":"https:\/\/editorialpanhouse.com\/ve\/producto\/forging-your-future-forjando-tu-futuro\/#primaryimage"},"thumbnailUrl":"https:\/\/editorialpanhouse.com\/ve\/wp-content\/uploads\/sites\/2\/2026\/04\/product-image-35114-2.png","datePublished":"2026-04-13T23:56:58+00:00","dateModified":"2026-04-23T20:42:25+00:00","breadcrumb":{"@id":"https:\/\/editorialpanhouse.com\/ve\/producto\/forging-your-future-forjando-tu-futuro\/#breadcrumb"},"inLanguage":"es","potentialAction":[{"@type":"ReadAction","target":["https:\/\/editorialpanhouse.com\/ve\/producto\/forging-your-future-forjando-tu-futuro\/"]}]},{"@type":"ImageObject","inLanguage":"es","@id":"https:\/\/editorialpanhouse.com\/ve\/producto\/forging-your-future-forjando-tu-futuro\/#primaryimage","url":"https:\/\/editorialpanhouse.com\/ve\/wp-content\/uploads\/sites\/2\/2026\/04\/product-image-35114-2.png","contentUrl":"https:\/\/editorialpanhouse.com\/ve\/wp-content\/uploads\/sites\/2\/2026\/04\/product-image-35114-2.png","width":800,"height":800},{"@type":"BreadcrumbList","@id":"https:\/\/editorialpanhouse.com\/ve\/producto\/forging-your-future-forjando-tu-futuro\/#breadcrumb","itemListElement":[{"@type":"ListItem","position":1,"name":"Portada","item":"https:\/\/editorialpanhouse.com\/ve\/"},{"@type":"ListItem","position":2,"name":"Librer\u00eda","item":"https:\/\/editorialpanhouse.com\/ve\/libreria\/"},{"@type":"ListItem","position":3,"name":"Forging your future &#8211; Forjando tu futuro"}]},{"@type":"WebSite","@id":"https:\/\/editorialpanhouse.com\/ve\/#website","url":"https:\/\/editorialpanhouse.com\/ve\/","name":"Venezuela","description":"","potentialAction":[{"@type":"SearchAction","target":{"@type":"EntryPoint","urlTemplate":"https:\/\/editorialpanhouse.com\/ve\/?s={search_term_string}"},"query-input":{"@type":"PropertyValueSpecification","valueRequired":true,"valueName":"search_term_string"}}],"inLanguage":"es"}]},"product_price_amount":"22","product_price_currency":"USD","og_availability":"instock","product_availability":"instock","product_retailer_item_id":"FORGYOURFUTU-1198","product_condition":"new"},"_links":{"self":[{"href":"https:\/\/editorialpanhouse.com\/ve\/wp-json\/wp\/v2\/product\/35114","targetHints":{"allow":["GET"]}}],"collection":[{"href":"https:\/\/editorialpanhouse.com\/ve\/wp-json\/wp\/v2\/product"}],"about":[{"href":"https:\/\/editorialpanhouse.com\/ve\/wp-json\/wp\/v2\/types\/product"}],"replies":[{"embeddable":true,"href":"https:\/\/editorialpanhouse.com\/ve\/wp-json\/wp\/v2\/comments?post=35114"}],"wp:featuredmedia":[{"embeddable":true,"href":"https:\/\/editorialpanhouse.com\/ve\/wp-json\/wp\/v2\/media\/35672"}],"wp:attachment":[{"href":"https:\/\/editorialpanhouse.com\/ve\/wp-json\/wp\/v2\/media?parent=35114"}],"wp:term":[{"taxonomy":"product_collection","embeddable":true,"href":"https:\/\/editorialpanhouse.com\/ve\/wp-json\/wp\/v2\/product_collection?post=35114"},{"taxonomy":"product_author","embeddable":true,"href":"https:\/\/editorialpanhouse.com\/ve\/wp-json\/wp\/v2\/product_author?post=35114"},{"taxonomy":"product_brand","embeddable":true,"href":"https:\/\/editorialpanhouse.com\/ve\/wp-json\/wp\/v2\/product_brand?post=35114"},{"taxonomy":"product_cat","embeddable":true,"href":"https:\/\/editorialpanhouse.com\/ve\/wp-json\/wp\/v2\/product_cat?post=35114"},{"taxonomy":"product_tag","embeddable":true,"href":"https:\/\/editorialpanhouse.com\/ve\/wp-json\/wp\/v2\/product_tag?post=35114"}],"curies":[{"name":"wp","href":"https:\/\/api.w.org\/{rel}","templated":true}]}}