{"id":35156,"date":"2026-04-13T19:58:16","date_gmt":"2026-04-13T23:58:16","guid":{"rendered":"https:\/\/editorialpanhouse.com\/ve\/producto\/relatos-de-vida\/"},"modified":"2026-04-23T16:43:36","modified_gmt":"2026-04-23T20:43:36","slug":"relatos-de-vida","status":"publish","type":"product","link":"https:\/\/editorialpanhouse.com\/ve\/producto\/relatos-de-vida\/","title":{"rendered":"Relatos de vida"},"content":{"rendered":"<p>\u00abRelatos de vida\u00bb invita a recorrer una nueva traves\u00eda, plena de aventura y adrenalina. Poblada con detalles y aromas, tan placenteros como el caf\u00e9 ma\u00f1anero, y que en ocasiones, pueden llegar a ser tan est\u00e9riles como las disputas sordas de los vecinos, en los grupos del condominio. Estas historias proponen de manera simple y humana, espacios para descubrir oportunidades muchas veces desaprovechadas. Una vez all\u00ed, vinculan \u2013a trav\u00e9s del vigor innato de las personas\u2013 a los pensamientos y esfuerzos con sus prop\u00f3sitos y sue\u00f1os&#8230;generando paz y sosiego.<\/p>\n","protected":false},"excerpt":{"rendered":"<p>Historias que rescatan lo infinito del momento<\/p>\n","protected":false},"featured_media":35693,"comment_status":"open","ping_status":"closed","template":"","meta":{"_acf_changed":false},"product_collection":[737],"product_author":[855],"product_brand":[],"product_cat":[15],"product_tag":[856,857,327,525,859,331],"class_list":{"0":"post-35156","1":"product","2":"type-product","3":"status-publish","4":"has-post-thumbnail","6":"product_collection-emprendimiento-y-crecimiento-personal","7":"product_author-guillermo-sfiligoy","8":"product_cat-todas","9":"product_tag-descubrimiento","10":"product_tag-esfuerzos","11":"product_tag-historia","12":"product_tag-proposito","13":"product_tag-relatos","14":"product_tag-vida","16":"first","17":"instock","18":"taxable","19":"shipping-taxable","20":"purchasable","21":"product-type-simple"},"acf":[],"yoast_head":"<!-- This site is optimized with the Yoast SEO plugin v27.4 - https:\/\/yoast.com\/product\/yoast-seo-wordpress\/ -->\n<title>Relatos de vida - Venezuela<\/title>\n<meta name=\"robots\" content=\"index, follow, max-snippet:-1, max-image-preview:large, max-video-preview:-1\" \/>\n<link rel=\"canonical\" href=\"https:\/\/editorialpanhouse.com\/ve\/producto\/relatos-de-vida\/\" \/>\n<meta property=\"og:locale\" content=\"es_ES\" \/>\n<meta property=\"og:type\" content=\"article\" \/>\n<meta property=\"og:title\" content=\"Relatos de vida - Venezuela\" \/>\n<meta property=\"og:description\" content=\"Historias que rescatan lo infinito del momento\" \/>\n<meta property=\"og:url\" content=\"https:\/\/editorialpanhouse.com\/ve\/producto\/relatos-de-vida\/\" \/>\n<meta property=\"og:site_name\" content=\"Venezuela\" \/>\n<meta property=\"article:modified_time\" content=\"2026-04-23T20:43:36+00:00\" \/>\n<meta property=\"og:image\" content=\"https:\/\/editorialpanhouse.com\/ve\/wp-content\/uploads\/sites\/2\/2026\/04\/product-image-35156-2.png\" \/>\n\t<meta property=\"og:image:width\" content=\"800\" \/>\n\t<meta property=\"og:image:height\" content=\"800\" \/>\n\t<meta property=\"og:image:type\" content=\"image\/png\" \/>\n<meta name=\"twitter:card\" content=\"summary_large_image\" \/>\n<meta name=\"twitter:label1\" content=\"Precio\" \/>\n\t<meta name=\"twitter:data1\" content=\"&#036;22\" \/>\n\t<meta name=\"twitter:label2\" content=\"Availability\" \/>\n\t<meta name=\"twitter:data2\" content=\"In stock\" \/>\n<script type=\"application\/ld+json\" class=\"yoast-schema-graph\">{\"@context\":\"https:\\\/\\\/schema.org\",\"@graph\":[{\"@type\":\"WebPage\",\"@id\":\"https:\\\/\\\/editorialpanhouse.com\\\/ve\\\/producto\\\/relatos-de-vida\\\/\",\"url\":\"https:\\\/\\\/editorialpanhouse.com\\\/ve\\\/producto\\\/relatos-de-vida\\\/\",\"name\":\"Relatos de vida - Venezuela\",\"isPartOf\":{\"@id\":\"https:\\\/\\\/editorialpanhouse.com\\\/ve\\\/#website\"},\"primaryImageOfPage\":{\"@id\":\"https:\\\/\\\/editorialpanhouse.com\\\/ve\\\/producto\\\/relatos-de-vida\\\/#primaryimage\"},\"image\":{\"@id\":\"https:\\\/\\\/editorialpanhouse.com\\\/ve\\\/producto\\\/relatos-de-vida\\\/#primaryimage\"},\"thumbnailUrl\":\"https:\\\/\\\/editorialpanhouse.com\\\/ve\\\/wp-content\\\/uploads\\\/sites\\\/2\\\/2026\\\/04\\\/product-image-35156-2.png\",\"datePublished\":\"2026-04-13T23:58:16+00:00\",\"dateModified\":\"2026-04-23T20:43:36+00:00\",\"breadcrumb\":{\"@id\":\"https:\\\/\\\/editorialpanhouse.com\\\/ve\\\/producto\\\/relatos-de-vida\\\/#breadcrumb\"},\"inLanguage\":\"es\",\"potentialAction\":[{\"@type\":\"ReadAction\",\"target\":[\"https:\\\/\\\/editorialpanhouse.com\\\/ve\\\/producto\\\/relatos-de-vida\\\/\"]}]},{\"@type\":\"ImageObject\",\"inLanguage\":\"es\",\"@id\":\"https:\\\/\\\/editorialpanhouse.com\\\/ve\\\/producto\\\/relatos-de-vida\\\/#primaryimage\",\"url\":\"https:\\\/\\\/editorialpanhouse.com\\\/ve\\\/wp-content\\\/uploads\\\/sites\\\/2\\\/2026\\\/04\\\/product-image-35156-2.png\",\"contentUrl\":\"https:\\\/\\\/editorialpanhouse.com\\\/ve\\\/wp-content\\\/uploads\\\/sites\\\/2\\\/2026\\\/04\\\/product-image-35156-2.png\",\"width\":800,\"height\":800},{\"@type\":\"BreadcrumbList\",\"@id\":\"https:\\\/\\\/editorialpanhouse.com\\\/ve\\\/producto\\\/relatos-de-vida\\\/#breadcrumb\",\"itemListElement\":[{\"@type\":\"ListItem\",\"position\":1,\"name\":\"Portada\",\"item\":\"https:\\\/\\\/editorialpanhouse.com\\\/ve\\\/\"},{\"@type\":\"ListItem\",\"position\":2,\"name\":\"Librer\u00eda\",\"item\":\"https:\\\/\\\/editorialpanhouse.com\\\/ve\\\/libreria\\\/\"},{\"@type\":\"ListItem\",\"position\":3,\"name\":\"Relatos de vida\"}]},{\"@type\":\"WebSite\",\"@id\":\"https:\\\/\\\/editorialpanhouse.com\\\/ve\\\/#website\",\"url\":\"https:\\\/\\\/editorialpanhouse.com\\\/ve\\\/\",\"name\":\"Venezuela\",\"description\":\"\",\"potentialAction\":[{\"@type\":\"SearchAction\",\"target\":{\"@type\":\"EntryPoint\",\"urlTemplate\":\"https:\\\/\\\/editorialpanhouse.com\\\/ve\\\/?s={search_term_string}\"},\"query-input\":{\"@type\":\"PropertyValueSpecification\",\"valueRequired\":true,\"valueName\":\"search_term_string\"}}],\"inLanguage\":\"es\"}]}<\/script>\n<meta property=\"product:price:amount\" content=\"22\" \/>\n<meta property=\"product:price:currency\" content=\"USD\" \/>\n<meta property=\"og:availability\" content=\"instock\" \/>\n<meta property=\"product:availability\" content=\"instock\" \/>\n<meta property=\"product:retailer_item_id\" content=\"RELADEVIDA-3303\" \/>\n<meta property=\"product:condition\" content=\"new\" \/>\n<!-- \/ Yoast SEO plugin. -->","yoast_head_json":{"title":"Relatos de vida - Venezuela","robots":{"index":"index","follow":"follow","max-snippet":"max-snippet:-1","max-image-preview":"max-image-preview:large","max-video-preview":"max-video-preview:-1"},"canonical":"https:\/\/editorialpanhouse.com\/ve\/producto\/relatos-de-vida\/","og_locale":"es_ES","og_type":"article","og_title":"Relatos de vida - Venezuela","og_description":"Historias que rescatan lo infinito del momento","og_url":"https:\/\/editorialpanhouse.com\/ve\/producto\/relatos-de-vida\/","og_site_name":"Venezuela","article_modified_time":"2026-04-23T20:43:36+00:00","og_image":[{"width":800,"height":800,"url":"https:\/\/editorialpanhouse.com\/ve\/wp-content\/uploads\/sites\/2\/2026\/04\/product-image-35156-2.png","type":"image\/png"}],"twitter_card":"summary_large_image","twitter_misc":{"Precio":"&#36;22","Availability":"In stock"},"schema":{"@context":"https:\/\/schema.org","@graph":[{"@type":"WebPage","@id":"https:\/\/editorialpanhouse.com\/ve\/producto\/relatos-de-vida\/","url":"https:\/\/editorialpanhouse.com\/ve\/producto\/relatos-de-vida\/","name":"Relatos de vida - Venezuela","isPartOf":{"@id":"https:\/\/editorialpanhouse.com\/ve\/#website"},"primaryImageOfPage":{"@id":"https:\/\/editorialpanhouse.com\/ve\/producto\/relatos-de-vida\/#primaryimage"},"image":{"@id":"https:\/\/editorialpanhouse.com\/ve\/producto\/relatos-de-vida\/#primaryimage"},"thumbnailUrl":"https:\/\/editorialpanhouse.com\/ve\/wp-content\/uploads\/sites\/2\/2026\/04\/product-image-35156-2.png","datePublished":"2026-04-13T23:58:16+00:00","dateModified":"2026-04-23T20:43:36+00:00","breadcrumb":{"@id":"https:\/\/editorialpanhouse.com\/ve\/producto\/relatos-de-vida\/#breadcrumb"},"inLanguage":"es","potentialAction":[{"@type":"ReadAction","target":["https:\/\/editorialpanhouse.com\/ve\/producto\/relatos-de-vida\/"]}]},{"@type":"ImageObject","inLanguage":"es","@id":"https:\/\/editorialpanhouse.com\/ve\/producto\/relatos-de-vida\/#primaryimage","url":"https:\/\/editorialpanhouse.com\/ve\/wp-content\/uploads\/sites\/2\/2026\/04\/product-image-35156-2.png","contentUrl":"https:\/\/editorialpanhouse.com\/ve\/wp-content\/uploads\/sites\/2\/2026\/04\/product-image-35156-2.png","width":800,"height":800},{"@type":"BreadcrumbList","@id":"https:\/\/editorialpanhouse.com\/ve\/producto\/relatos-de-vida\/#breadcrumb","itemListElement":[{"@type":"ListItem","position":1,"name":"Portada","item":"https:\/\/editorialpanhouse.com\/ve\/"},{"@type":"ListItem","position":2,"name":"Librer\u00eda","item":"https:\/\/editorialpanhouse.com\/ve\/libreria\/"},{"@type":"ListItem","position":3,"name":"Relatos de vida"}]},{"@type":"WebSite","@id":"https:\/\/editorialpanhouse.com\/ve\/#website","url":"https:\/\/editorialpanhouse.com\/ve\/","name":"Venezuela","description":"","potentialAction":[{"@type":"SearchAction","target":{"@type":"EntryPoint","urlTemplate":"https:\/\/editorialpanhouse.com\/ve\/?s={search_term_string}"},"query-input":{"@type":"PropertyValueSpecification","valueRequired":true,"valueName":"search_term_string"}}],"inLanguage":"es"}]},"product_price_amount":"22","product_price_currency":"USD","og_availability":"instock","product_availability":"instock","product_retailer_item_id":"RELADEVIDA-3303","product_condition":"new"},"_links":{"self":[{"href":"https:\/\/editorialpanhouse.com\/ve\/wp-json\/wp\/v2\/product\/35156","targetHints":{"allow":["GET"]}}],"collection":[{"href":"https:\/\/editorialpanhouse.com\/ve\/wp-json\/wp\/v2\/product"}],"about":[{"href":"https:\/\/editorialpanhouse.com\/ve\/wp-json\/wp\/v2\/types\/product"}],"replies":[{"embeddable":true,"href":"https:\/\/editorialpanhouse.com\/ve\/wp-json\/wp\/v2\/comments?post=35156"}],"wp:featuredmedia":[{"embeddable":true,"href":"https:\/\/editorialpanhouse.com\/ve\/wp-json\/wp\/v2\/media\/35693"}],"wp:attachment":[{"href":"https:\/\/editorialpanhouse.com\/ve\/wp-json\/wp\/v2\/media?parent=35156"}],"wp:term":[{"taxonomy":"product_collection","embeddable":true,"href":"https:\/\/editorialpanhouse.com\/ve\/wp-json\/wp\/v2\/product_collection?post=35156"},{"taxonomy":"product_author","embeddable":true,"href":"https:\/\/editorialpanhouse.com\/ve\/wp-json\/wp\/v2\/product_author?post=35156"},{"taxonomy":"product_brand","embeddable":true,"href":"https:\/\/editorialpanhouse.com\/ve\/wp-json\/wp\/v2\/product_brand?post=35156"},{"taxonomy":"product_cat","embeddable":true,"href":"https:\/\/editorialpanhouse.com\/ve\/wp-json\/wp\/v2\/product_cat?post=35156"},{"taxonomy":"product_tag","embeddable":true,"href":"https:\/\/editorialpanhouse.com\/ve\/wp-json\/wp\/v2\/product_tag?post=35156"}],"curies":[{"name":"wp","href":"https:\/\/api.w.org\/{rel}","templated":true}]}}