{"id":35262,"date":"2026-04-13T20:01:09","date_gmt":"2026-04-14T00:01:09","guid":{"rendered":"https:\/\/editorialpanhouse.com\/ve\/producto\/el-dinero-te-llama\/"},"modified":"2026-04-23T16:46:05","modified_gmt":"2026-04-23T20:46:05","slug":"el-dinero-te-llama","status":"publish","type":"product","link":"https:\/\/editorialpanhouse.com\/ve\/producto\/el-dinero-te-llama\/","title":{"rendered":"El dinero te llama"},"content":{"rendered":"<p>\u00abEl Dinero Te Llama\u00bb es una gu\u00eda pr\u00e1ctica y reveladora que te invita a explorar la relaci\u00f3n entre t\u00fa y el dinero, y c\u00f3mo puedes transformar tu mentalidad para atraer la abundancia financiera que deseas. A trav\u00e9s de historias inspiradoras, introspectivos y estrategias probadas, este libro te llevar\u00e1 en un viaje de autodescubrimiento y crecimiento personal.<\/p>\n","protected":false},"excerpt":{"rendered":"<p>Transforma tu relaci\u00f3n con el dinero y abre las puertas a la abundancia<\/p>\n","protected":false},"featured_media":35746,"comment_status":"open","ping_status":"closed","template":"","meta":{"_acf_changed":false},"product_collection":[737],"product_author":[984],"product_brand":[],"product_cat":[15],"product_tag":[986,827,421,437,985,782,293],"class_list":{"0":"post-35262","1":"product","2":"type-product","3":"status-publish","4":"has-post-thumbnail","6":"product_collection-emprendimiento-y-crecimiento-personal","7":"product_author-randy-y-daniela","8":"product_cat-todas","9":"product_tag-abundacia","10":"product_tag-dinero","11":"product_tag-ensenanzas","12":"product_tag-finanzas","13":"product_tag-guia-practica","14":"product_tag-revelacion","15":"product_tag-transformacion","17":"first","18":"instock","19":"taxable","20":"shipping-taxable","21":"purchasable","22":"product-type-simple"},"acf":[],"yoast_head":"<!-- This site is optimized with the Yoast SEO plugin v27.4 - https:\/\/yoast.com\/product\/yoast-seo-wordpress\/ -->\n<title>El dinero te llama - Venezuela<\/title>\n<meta name=\"robots\" content=\"index, follow, max-snippet:-1, max-image-preview:large, max-video-preview:-1\" \/>\n<link rel=\"canonical\" href=\"https:\/\/editorialpanhouse.com\/ve\/producto\/el-dinero-te-llama\/\" \/>\n<meta property=\"og:locale\" content=\"es_ES\" \/>\n<meta property=\"og:type\" content=\"article\" \/>\n<meta property=\"og:title\" content=\"El dinero te llama - Venezuela\" \/>\n<meta property=\"og:description\" content=\"Transforma tu relaci\u00f3n con el dinero y abre las puertas a la abundancia\" \/>\n<meta property=\"og:url\" content=\"https:\/\/editorialpanhouse.com\/ve\/producto\/el-dinero-te-llama\/\" \/>\n<meta property=\"og:site_name\" content=\"Venezuela\" \/>\n<meta property=\"article:modified_time\" content=\"2026-04-23T20:46:05+00:00\" \/>\n<meta property=\"og:image\" content=\"https:\/\/editorialpanhouse.com\/ve\/wp-content\/uploads\/sites\/2\/2026\/04\/product-image-35262-2.png\" \/>\n\t<meta property=\"og:image:width\" content=\"800\" \/>\n\t<meta property=\"og:image:height\" content=\"800\" \/>\n\t<meta property=\"og:image:type\" content=\"image\/png\" \/>\n<meta name=\"twitter:card\" content=\"summary_large_image\" \/>\n<meta name=\"twitter:label1\" content=\"Precio\" \/>\n\t<meta name=\"twitter:data1\" content=\"&#036;17\" \/>\n\t<meta name=\"twitter:label2\" content=\"Availability\" \/>\n\t<meta name=\"twitter:data2\" content=\"In stock\" \/>\n<script type=\"application\/ld+json\" class=\"yoast-schema-graph\">{\"@context\":\"https:\\\/\\\/schema.org\",\"@graph\":[{\"@type\":\"WebPage\",\"@id\":\"https:\\\/\\\/editorialpanhouse.com\\\/ve\\\/producto\\\/el-dinero-te-llama\\\/\",\"url\":\"https:\\\/\\\/editorialpanhouse.com\\\/ve\\\/producto\\\/el-dinero-te-llama\\\/\",\"name\":\"El dinero te llama - Venezuela\",\"isPartOf\":{\"@id\":\"https:\\\/\\\/editorialpanhouse.com\\\/ve\\\/#website\"},\"primaryImageOfPage\":{\"@id\":\"https:\\\/\\\/editorialpanhouse.com\\\/ve\\\/producto\\\/el-dinero-te-llama\\\/#primaryimage\"},\"image\":{\"@id\":\"https:\\\/\\\/editorialpanhouse.com\\\/ve\\\/producto\\\/el-dinero-te-llama\\\/#primaryimage\"},\"thumbnailUrl\":\"https:\\\/\\\/editorialpanhouse.com\\\/ve\\\/wp-content\\\/uploads\\\/sites\\\/2\\\/2026\\\/04\\\/product-image-35262-2.png\",\"datePublished\":\"2026-04-14T00:01:09+00:00\",\"dateModified\":\"2026-04-23T20:46:05+00:00\",\"breadcrumb\":{\"@id\":\"https:\\\/\\\/editorialpanhouse.com\\\/ve\\\/producto\\\/el-dinero-te-llama\\\/#breadcrumb\"},\"inLanguage\":\"es\",\"potentialAction\":[{\"@type\":\"ReadAction\",\"target\":[\"https:\\\/\\\/editorialpanhouse.com\\\/ve\\\/producto\\\/el-dinero-te-llama\\\/\"]}]},{\"@type\":\"ImageObject\",\"inLanguage\":\"es\",\"@id\":\"https:\\\/\\\/editorialpanhouse.com\\\/ve\\\/producto\\\/el-dinero-te-llama\\\/#primaryimage\",\"url\":\"https:\\\/\\\/editorialpanhouse.com\\\/ve\\\/wp-content\\\/uploads\\\/sites\\\/2\\\/2026\\\/04\\\/product-image-35262-2.png\",\"contentUrl\":\"https:\\\/\\\/editorialpanhouse.com\\\/ve\\\/wp-content\\\/uploads\\\/sites\\\/2\\\/2026\\\/04\\\/product-image-35262-2.png\",\"width\":800,\"height\":800},{\"@type\":\"BreadcrumbList\",\"@id\":\"https:\\\/\\\/editorialpanhouse.com\\\/ve\\\/producto\\\/el-dinero-te-llama\\\/#breadcrumb\",\"itemListElement\":[{\"@type\":\"ListItem\",\"position\":1,\"name\":\"Portada\",\"item\":\"https:\\\/\\\/editorialpanhouse.com\\\/ve\\\/\"},{\"@type\":\"ListItem\",\"position\":2,\"name\":\"Librer\u00eda\",\"item\":\"https:\\\/\\\/editorialpanhouse.com\\\/ve\\\/libreria\\\/\"},{\"@type\":\"ListItem\",\"position\":3,\"name\":\"El dinero te llama\"}]},{\"@type\":\"WebSite\",\"@id\":\"https:\\\/\\\/editorialpanhouse.com\\\/ve\\\/#website\",\"url\":\"https:\\\/\\\/editorialpanhouse.com\\\/ve\\\/\",\"name\":\"Venezuela\",\"description\":\"\",\"potentialAction\":[{\"@type\":\"SearchAction\",\"target\":{\"@type\":\"EntryPoint\",\"urlTemplate\":\"https:\\\/\\\/editorialpanhouse.com\\\/ve\\\/?s={search_term_string}\"},\"query-input\":{\"@type\":\"PropertyValueSpecification\",\"valueRequired\":true,\"valueName\":\"search_term_string\"}}],\"inLanguage\":\"es\"}]}<\/script>\n<meta property=\"product:price:amount\" content=\"17\" \/>\n<meta property=\"product:price:currency\" content=\"USD\" \/>\n<meta property=\"og:availability\" content=\"instock\" \/>\n<meta property=\"product:availability\" content=\"instock\" \/>\n<meta property=\"product:retailer_item_id\" content=\"ELDINETE-4093\" \/>\n<meta property=\"product:condition\" content=\"new\" \/>\n<!-- \/ Yoast SEO plugin. -->","yoast_head_json":{"title":"El dinero te llama - Venezuela","robots":{"index":"index","follow":"follow","max-snippet":"max-snippet:-1","max-image-preview":"max-image-preview:large","max-video-preview":"max-video-preview:-1"},"canonical":"https:\/\/editorialpanhouse.com\/ve\/producto\/el-dinero-te-llama\/","og_locale":"es_ES","og_type":"article","og_title":"El dinero te llama - Venezuela","og_description":"Transforma tu relaci\u00f3n con el dinero y abre las puertas a la abundancia","og_url":"https:\/\/editorialpanhouse.com\/ve\/producto\/el-dinero-te-llama\/","og_site_name":"Venezuela","article_modified_time":"2026-04-23T20:46:05+00:00","og_image":[{"width":800,"height":800,"url":"https:\/\/editorialpanhouse.com\/ve\/wp-content\/uploads\/sites\/2\/2026\/04\/product-image-35262-2.png","type":"image\/png"}],"twitter_card":"summary_large_image","twitter_misc":{"Precio":"&#36;17","Availability":"In stock"},"schema":{"@context":"https:\/\/schema.org","@graph":[{"@type":"WebPage","@id":"https:\/\/editorialpanhouse.com\/ve\/producto\/el-dinero-te-llama\/","url":"https:\/\/editorialpanhouse.com\/ve\/producto\/el-dinero-te-llama\/","name":"El dinero te llama - Venezuela","isPartOf":{"@id":"https:\/\/editorialpanhouse.com\/ve\/#website"},"primaryImageOfPage":{"@id":"https:\/\/editorialpanhouse.com\/ve\/producto\/el-dinero-te-llama\/#primaryimage"},"image":{"@id":"https:\/\/editorialpanhouse.com\/ve\/producto\/el-dinero-te-llama\/#primaryimage"},"thumbnailUrl":"https:\/\/editorialpanhouse.com\/ve\/wp-content\/uploads\/sites\/2\/2026\/04\/product-image-35262-2.png","datePublished":"2026-04-14T00:01:09+00:00","dateModified":"2026-04-23T20:46:05+00:00","breadcrumb":{"@id":"https:\/\/editorialpanhouse.com\/ve\/producto\/el-dinero-te-llama\/#breadcrumb"},"inLanguage":"es","potentialAction":[{"@type":"ReadAction","target":["https:\/\/editorialpanhouse.com\/ve\/producto\/el-dinero-te-llama\/"]}]},{"@type":"ImageObject","inLanguage":"es","@id":"https:\/\/editorialpanhouse.com\/ve\/producto\/el-dinero-te-llama\/#primaryimage","url":"https:\/\/editorialpanhouse.com\/ve\/wp-content\/uploads\/sites\/2\/2026\/04\/product-image-35262-2.png","contentUrl":"https:\/\/editorialpanhouse.com\/ve\/wp-content\/uploads\/sites\/2\/2026\/04\/product-image-35262-2.png","width":800,"height":800},{"@type":"BreadcrumbList","@id":"https:\/\/editorialpanhouse.com\/ve\/producto\/el-dinero-te-llama\/#breadcrumb","itemListElement":[{"@type":"ListItem","position":1,"name":"Portada","item":"https:\/\/editorialpanhouse.com\/ve\/"},{"@type":"ListItem","position":2,"name":"Librer\u00eda","item":"https:\/\/editorialpanhouse.com\/ve\/libreria\/"},{"@type":"ListItem","position":3,"name":"El dinero te llama"}]},{"@type":"WebSite","@id":"https:\/\/editorialpanhouse.com\/ve\/#website","url":"https:\/\/editorialpanhouse.com\/ve\/","name":"Venezuela","description":"","potentialAction":[{"@type":"SearchAction","target":{"@type":"EntryPoint","urlTemplate":"https:\/\/editorialpanhouse.com\/ve\/?s={search_term_string}"},"query-input":{"@type":"PropertyValueSpecification","valueRequired":true,"valueName":"search_term_string"}}],"inLanguage":"es"}]},"product_price_amount":"17","product_price_currency":"USD","og_availability":"instock","product_availability":"instock","product_retailer_item_id":"ELDINETE-4093","product_condition":"new"},"_links":{"self":[{"href":"https:\/\/editorialpanhouse.com\/ve\/wp-json\/wp\/v2\/product\/35262","targetHints":{"allow":["GET"]}}],"collection":[{"href":"https:\/\/editorialpanhouse.com\/ve\/wp-json\/wp\/v2\/product"}],"about":[{"href":"https:\/\/editorialpanhouse.com\/ve\/wp-json\/wp\/v2\/types\/product"}],"replies":[{"embeddable":true,"href":"https:\/\/editorialpanhouse.com\/ve\/wp-json\/wp\/v2\/comments?post=35262"}],"wp:featuredmedia":[{"embeddable":true,"href":"https:\/\/editorialpanhouse.com\/ve\/wp-json\/wp\/v2\/media\/35746"}],"wp:attachment":[{"href":"https:\/\/editorialpanhouse.com\/ve\/wp-json\/wp\/v2\/media?parent=35262"}],"wp:term":[{"taxonomy":"product_collection","embeddable":true,"href":"https:\/\/editorialpanhouse.com\/ve\/wp-json\/wp\/v2\/product_collection?post=35262"},{"taxonomy":"product_author","embeddable":true,"href":"https:\/\/editorialpanhouse.com\/ve\/wp-json\/wp\/v2\/product_author?post=35262"},{"taxonomy":"product_brand","embeddable":true,"href":"https:\/\/editorialpanhouse.com\/ve\/wp-json\/wp\/v2\/product_brand?post=35262"},{"taxonomy":"product_cat","embeddable":true,"href":"https:\/\/editorialpanhouse.com\/ve\/wp-json\/wp\/v2\/product_cat?post=35262"},{"taxonomy":"product_tag","embeddable":true,"href":"https:\/\/editorialpanhouse.com\/ve\/wp-json\/wp\/v2\/product_tag?post=35262"}],"curies":[{"name":"wp","href":"https:\/\/api.w.org\/{rel}","templated":true}]}}