{"id":35282,"date":"2026-04-13T20:01:35","date_gmt":"2026-04-14T00:01:35","guid":{"rendered":"https:\/\/editorialpanhouse.com\/ve\/producto\/el-poder-de-tu-sonrisa\/"},"modified":"2026-04-23T16:46:28","modified_gmt":"2026-04-23T20:46:28","slug":"el-poder-de-tu-sonrisa","status":"publish","type":"product","link":"https:\/\/editorialpanhouse.com\/ve\/producto\/el-poder-de-tu-sonrisa\/","title":{"rendered":"El poder de tu sonrisa"},"content":{"rendered":"<p>La sonrisa tiene la capacidad de enamorarnos, abrirnos puertas, sanarnos, rejuvenecernos, atraer a las personas adecuadas a nuestra vida y hacer m\u00e1s estrechos nuestros lazos como individuos. Existen m\u00faltiples tipos y formas, pero siempre con un objetivo com\u00fan, brindarnos un absoluto bienestar.<\/p>\n","protected":false},"excerpt":{"rendered":"<p>Deslumbra al mundo y triunfa<\/p>\n","protected":false},"featured_media":35755,"comment_status":"open","ping_status":"closed","template":"","meta":{"_acf_changed":false},"product_collection":[1046],"product_author":[1014],"product_brand":[],"product_cat":[15],"product_tag":[1083,497,1007,498,1082,1015],"class_list":{"0":"post-35282","1":"product","2":"type-product","3":"status-publish","4":"has-post-thumbnail","6":"product_collection-empredimiento-y-crecimiento-personal","7":"product_author-tomas-seif","8":"product_cat-todas","9":"product_tag-actitud","10":"product_tag-bienestar","11":"product_tag-cuidado","12":"product_tag-exito","13":"product_tag-rejuvenecimiento","14":"product_tag-sonrisa","16":"first","17":"instock","18":"shipping-taxable","19":"purchasable","20":"product-type-simple"},"acf":[],"yoast_head":"<!-- This site is optimized with the Yoast SEO plugin v27.4 - https:\/\/yoast.com\/product\/yoast-seo-wordpress\/ -->\n<title>El poder de tu sonrisa - Venezuela<\/title>\n<meta name=\"robots\" content=\"index, follow, max-snippet:-1, max-image-preview:large, max-video-preview:-1\" \/>\n<link rel=\"canonical\" href=\"https:\/\/editorialpanhouse.com\/ve\/producto\/el-poder-de-tu-sonrisa\/\" \/>\n<meta property=\"og:locale\" content=\"es_ES\" \/>\n<meta property=\"og:type\" content=\"article\" \/>\n<meta property=\"og:title\" content=\"El poder de tu sonrisa - Venezuela\" \/>\n<meta property=\"og:description\" content=\"Deslumbra al mundo y triunfa\" \/>\n<meta property=\"og:url\" content=\"https:\/\/editorialpanhouse.com\/ve\/producto\/el-poder-de-tu-sonrisa\/\" \/>\n<meta property=\"og:site_name\" content=\"Venezuela\" \/>\n<meta property=\"article:modified_time\" content=\"2026-04-23T20:46:28+00:00\" \/>\n<meta property=\"og:image\" content=\"https:\/\/editorialpanhouse.com\/ve\/wp-content\/uploads\/sites\/2\/2026\/04\/product-image-35282.png\" \/>\n\t<meta property=\"og:image:width\" content=\"800\" \/>\n\t<meta property=\"og:image:height\" content=\"800\" \/>\n\t<meta property=\"og:image:type\" content=\"image\/png\" \/>\n<meta name=\"twitter:card\" content=\"summary_large_image\" \/>\n<meta name=\"twitter:label1\" content=\"Precio\" \/>\n\t<meta name=\"twitter:data1\" content=\"&#036;20\" \/>\n\t<meta name=\"twitter:label2\" content=\"Availability\" \/>\n\t<meta name=\"twitter:data2\" content=\"In stock\" \/>\n<script type=\"application\/ld+json\" class=\"yoast-schema-graph\">{\"@context\":\"https:\\\/\\\/schema.org\",\"@graph\":[{\"@type\":\"WebPage\",\"@id\":\"https:\\\/\\\/editorialpanhouse.com\\\/ve\\\/producto\\\/el-poder-de-tu-sonrisa\\\/\",\"url\":\"https:\\\/\\\/editorialpanhouse.com\\\/ve\\\/producto\\\/el-poder-de-tu-sonrisa\\\/\",\"name\":\"El poder de tu sonrisa - Venezuela\",\"isPartOf\":{\"@id\":\"https:\\\/\\\/editorialpanhouse.com\\\/ve\\\/#website\"},\"primaryImageOfPage\":{\"@id\":\"https:\\\/\\\/editorialpanhouse.com\\\/ve\\\/producto\\\/el-poder-de-tu-sonrisa\\\/#primaryimage\"},\"image\":{\"@id\":\"https:\\\/\\\/editorialpanhouse.com\\\/ve\\\/producto\\\/el-poder-de-tu-sonrisa\\\/#primaryimage\"},\"thumbnailUrl\":\"https:\\\/\\\/editorialpanhouse.com\\\/ve\\\/wp-content\\\/uploads\\\/sites\\\/2\\\/2026\\\/04\\\/product-image-35282-2.png\",\"datePublished\":\"2026-04-14T00:01:35+00:00\",\"dateModified\":\"2026-04-23T20:46:28+00:00\",\"breadcrumb\":{\"@id\":\"https:\\\/\\\/editorialpanhouse.com\\\/ve\\\/producto\\\/el-poder-de-tu-sonrisa\\\/#breadcrumb\"},\"inLanguage\":\"es\",\"potentialAction\":[{\"@type\":\"ReadAction\",\"target\":[\"https:\\\/\\\/editorialpanhouse.com\\\/ve\\\/producto\\\/el-poder-de-tu-sonrisa\\\/\"]}]},{\"@type\":\"ImageObject\",\"inLanguage\":\"es\",\"@id\":\"https:\\\/\\\/editorialpanhouse.com\\\/ve\\\/producto\\\/el-poder-de-tu-sonrisa\\\/#primaryimage\",\"url\":\"https:\\\/\\\/editorialpanhouse.com\\\/ve\\\/wp-content\\\/uploads\\\/sites\\\/2\\\/2026\\\/04\\\/product-image-35282-2.png\",\"contentUrl\":\"https:\\\/\\\/editorialpanhouse.com\\\/ve\\\/wp-content\\\/uploads\\\/sites\\\/2\\\/2026\\\/04\\\/product-image-35282-2.png\",\"width\":800,\"height\":800},{\"@type\":\"BreadcrumbList\",\"@id\":\"https:\\\/\\\/editorialpanhouse.com\\\/ve\\\/producto\\\/el-poder-de-tu-sonrisa\\\/#breadcrumb\",\"itemListElement\":[{\"@type\":\"ListItem\",\"position\":1,\"name\":\"Portada\",\"item\":\"https:\\\/\\\/editorialpanhouse.com\\\/ve\\\/\"},{\"@type\":\"ListItem\",\"position\":2,\"name\":\"Librer\u00eda\",\"item\":\"https:\\\/\\\/editorialpanhouse.com\\\/ve\\\/libreria\\\/\"},{\"@type\":\"ListItem\",\"position\":3,\"name\":\"El poder de tu sonrisa\"}]},{\"@type\":\"WebSite\",\"@id\":\"https:\\\/\\\/editorialpanhouse.com\\\/ve\\\/#website\",\"url\":\"https:\\\/\\\/editorialpanhouse.com\\\/ve\\\/\",\"name\":\"Venezuela\",\"description\":\"\",\"potentialAction\":[{\"@type\":\"SearchAction\",\"target\":{\"@type\":\"EntryPoint\",\"urlTemplate\":\"https:\\\/\\\/editorialpanhouse.com\\\/ve\\\/?s={search_term_string}\"},\"query-input\":{\"@type\":\"PropertyValueSpecification\",\"valueRequired\":true,\"valueName\":\"search_term_string\"}}],\"inLanguage\":\"es\"}]}<\/script>\n<meta property=\"product:price:amount\" content=\"20\" \/>\n<meta property=\"product:price:currency\" content=\"USD\" \/>\n<meta property=\"og:availability\" content=\"instock\" \/>\n<meta property=\"product:availability\" content=\"instock\" \/>\n<meta property=\"product:retailer_item_id\" content=\"ELPODEDE-9578\" \/>\n<meta property=\"product:condition\" content=\"new\" \/>\n<!-- \/ Yoast SEO plugin. -->","yoast_head_json":{"title":"El poder de tu sonrisa - Venezuela","robots":{"index":"index","follow":"follow","max-snippet":"max-snippet:-1","max-image-preview":"max-image-preview:large","max-video-preview":"max-video-preview:-1"},"canonical":"https:\/\/editorialpanhouse.com\/ve\/producto\/el-poder-de-tu-sonrisa\/","og_locale":"es_ES","og_type":"article","og_title":"El poder de tu sonrisa - Venezuela","og_description":"Deslumbra al mundo y triunfa","og_url":"https:\/\/editorialpanhouse.com\/ve\/producto\/el-poder-de-tu-sonrisa\/","og_site_name":"Venezuela","article_modified_time":"2026-04-23T20:46:28+00:00","og_image":[{"width":800,"height":800,"url":"https:\/\/editorialpanhouse.com\/ve\/wp-content\/uploads\/sites\/2\/2026\/04\/product-image-35282.png","type":"image\/png"}],"twitter_card":"summary_large_image","twitter_misc":{"Precio":"&#36;20","Availability":"In stock"},"schema":{"@context":"https:\/\/schema.org","@graph":[{"@type":"WebPage","@id":"https:\/\/editorialpanhouse.com\/ve\/producto\/el-poder-de-tu-sonrisa\/","url":"https:\/\/editorialpanhouse.com\/ve\/producto\/el-poder-de-tu-sonrisa\/","name":"El poder de tu sonrisa - Venezuela","isPartOf":{"@id":"https:\/\/editorialpanhouse.com\/ve\/#website"},"primaryImageOfPage":{"@id":"https:\/\/editorialpanhouse.com\/ve\/producto\/el-poder-de-tu-sonrisa\/#primaryimage"},"image":{"@id":"https:\/\/editorialpanhouse.com\/ve\/producto\/el-poder-de-tu-sonrisa\/#primaryimage"},"thumbnailUrl":"https:\/\/editorialpanhouse.com\/ve\/wp-content\/uploads\/sites\/2\/2026\/04\/product-image-35282-2.png","datePublished":"2026-04-14T00:01:35+00:00","dateModified":"2026-04-23T20:46:28+00:00","breadcrumb":{"@id":"https:\/\/editorialpanhouse.com\/ve\/producto\/el-poder-de-tu-sonrisa\/#breadcrumb"},"inLanguage":"es","potentialAction":[{"@type":"ReadAction","target":["https:\/\/editorialpanhouse.com\/ve\/producto\/el-poder-de-tu-sonrisa\/"]}]},{"@type":"ImageObject","inLanguage":"es","@id":"https:\/\/editorialpanhouse.com\/ve\/producto\/el-poder-de-tu-sonrisa\/#primaryimage","url":"https:\/\/editorialpanhouse.com\/ve\/wp-content\/uploads\/sites\/2\/2026\/04\/product-image-35282-2.png","contentUrl":"https:\/\/editorialpanhouse.com\/ve\/wp-content\/uploads\/sites\/2\/2026\/04\/product-image-35282-2.png","width":800,"height":800},{"@type":"BreadcrumbList","@id":"https:\/\/editorialpanhouse.com\/ve\/producto\/el-poder-de-tu-sonrisa\/#breadcrumb","itemListElement":[{"@type":"ListItem","position":1,"name":"Portada","item":"https:\/\/editorialpanhouse.com\/ve\/"},{"@type":"ListItem","position":2,"name":"Librer\u00eda","item":"https:\/\/editorialpanhouse.com\/ve\/libreria\/"},{"@type":"ListItem","position":3,"name":"El poder de tu sonrisa"}]},{"@type":"WebSite","@id":"https:\/\/editorialpanhouse.com\/ve\/#website","url":"https:\/\/editorialpanhouse.com\/ve\/","name":"Venezuela","description":"","potentialAction":[{"@type":"SearchAction","target":{"@type":"EntryPoint","urlTemplate":"https:\/\/editorialpanhouse.com\/ve\/?s={search_term_string}"},"query-input":{"@type":"PropertyValueSpecification","valueRequired":true,"valueName":"search_term_string"}}],"inLanguage":"es"}]},"product_price_amount":"20","product_price_currency":"USD","og_availability":"instock","product_availability":"instock","product_retailer_item_id":"ELPODEDE-9578","product_condition":"new"},"_links":{"self":[{"href":"https:\/\/editorialpanhouse.com\/ve\/wp-json\/wp\/v2\/product\/35282","targetHints":{"allow":["GET"]}}],"collection":[{"href":"https:\/\/editorialpanhouse.com\/ve\/wp-json\/wp\/v2\/product"}],"about":[{"href":"https:\/\/editorialpanhouse.com\/ve\/wp-json\/wp\/v2\/types\/product"}],"replies":[{"embeddable":true,"href":"https:\/\/editorialpanhouse.com\/ve\/wp-json\/wp\/v2\/comments?post=35282"}],"wp:featuredmedia":[{"embeddable":true,"href":"https:\/\/editorialpanhouse.com\/ve\/wp-json\/wp\/v2\/media\/35755"}],"wp:attachment":[{"href":"https:\/\/editorialpanhouse.com\/ve\/wp-json\/wp\/v2\/media?parent=35282"}],"wp:term":[{"taxonomy":"product_collection","embeddable":true,"href":"https:\/\/editorialpanhouse.com\/ve\/wp-json\/wp\/v2\/product_collection?post=35282"},{"taxonomy":"product_author","embeddable":true,"href":"https:\/\/editorialpanhouse.com\/ve\/wp-json\/wp\/v2\/product_author?post=35282"},{"taxonomy":"product_brand","embeddable":true,"href":"https:\/\/editorialpanhouse.com\/ve\/wp-json\/wp\/v2\/product_brand?post=35282"},{"taxonomy":"product_cat","embeddable":true,"href":"https:\/\/editorialpanhouse.com\/ve\/wp-json\/wp\/v2\/product_cat?post=35282"},{"taxonomy":"product_tag","embeddable":true,"href":"https:\/\/editorialpanhouse.com\/ve\/wp-json\/wp\/v2\/product_tag?post=35282"}],"curies":[{"name":"wp","href":"https:\/\/api.w.org\/{rel}","templated":true}]}}