{"id":35292,"date":"2026-04-13T20:01:50","date_gmt":"2026-04-14T00:01:50","guid":{"rendered":"https:\/\/editorialpanhouse.com\/ve\/producto\/con-tan-solo-mirarte\/"},"modified":"2026-04-23T16:46:41","modified_gmt":"2026-04-23T20:46:41","slug":"con-tan-solo-mirarte","status":"publish","type":"product","link":"https:\/\/editorialpanhouse.com\/ve\/producto\/con-tan-solo-mirarte\/","title":{"rendered":"Con tan solo mirarte"},"content":{"rendered":"<p>Julieta, una chica sensible y apasionada, libra una batalla interna entre la raz\u00f3n y el coraz\u00f3n. Vive atrapada en una rutina sin sentido y en una vida que no le pertenece. A sus 26 a\u00f1os, siente que se le escapa el tiempo sin haber descubierto lo que realmente desea, pero todo cambia cuando su madre le consigue un trabajo en Madrid. Un nuevo pa\u00eds, un nuevo comienzo, y un jefe que sacude su mundo desde el primer instante.<\/p>\n","protected":false},"excerpt":{"rendered":"<p>Julieta, una chica sensible y apasionada, libra una batalla interna entre la raz\u00f3n y el coraz\u00f3n. Vive atrapada en una rutina sin sentido y en una vida que no le pertenece. A sus 26 a\u00f1os, siente que se le escapa el tiempo sin haber descubierto lo que realmente desea, pero todo cambia cuando su madre [&hellip;]<\/p>\n","protected":false},"featured_media":35760,"comment_status":"open","ping_status":"closed","template":"","meta":{"_acf_changed":false},"product_collection":[736],"product_author":[1031],"product_brand":[],"product_cat":[15],"product_tag":[856,263,847,1032,331],"class_list":{"0":"post-35292","1":"product","2":"type-product","3":"status-publish","4":"has-post-thumbnail","6":"product_collection-literatura","7":"product_author-yeniret-guzman","8":"product_cat-todas","9":"product_tag-descubrimiento","10":"product_tag-novela","11":"product_tag-pasion","12":"product_tag-sensibilidad","13":"product_tag-vida","15":"first","16":"instock","17":"taxable","18":"shipping-taxable","19":"purchasable","20":"product-type-simple"},"acf":[],"yoast_head":"<!-- This site is optimized with the Yoast SEO plugin v27.4 - https:\/\/yoast.com\/product\/yoast-seo-wordpress\/ -->\n<title>Con tan solo mirarte - Venezuela<\/title>\n<meta name=\"robots\" content=\"index, follow, max-snippet:-1, max-image-preview:large, max-video-preview:-1\" \/>\n<link rel=\"canonical\" href=\"https:\/\/editorialpanhouse.com\/ve\/producto\/con-tan-solo-mirarte\/\" \/>\n<meta property=\"og:locale\" content=\"es_ES\" \/>\n<meta property=\"og:type\" content=\"article\" \/>\n<meta property=\"og:title\" content=\"Con tan solo mirarte - Venezuela\" \/>\n<meta property=\"og:description\" content=\"Julieta, una chica sensible y apasionada, libra una batalla interna entre la raz\u00f3n y el coraz\u00f3n. Vive atrapada en una rutina sin sentido y en una vida que no le pertenece. A sus 26 a\u00f1os, siente que se le escapa el tiempo sin haber descubierto lo que realmente desea, pero todo cambia cuando su madre [&hellip;]\" \/>\n<meta property=\"og:url\" content=\"https:\/\/editorialpanhouse.com\/ve\/producto\/con-tan-solo-mirarte\/\" \/>\n<meta property=\"og:site_name\" content=\"Venezuela\" \/>\n<meta property=\"article:modified_time\" content=\"2026-04-23T20:46:41+00:00\" \/>\n<meta property=\"og:image\" content=\"https:\/\/editorialpanhouse.com\/ve\/wp-content\/uploads\/sites\/2\/2026\/04\/product-image-35292-2.png\" \/>\n\t<meta property=\"og:image:width\" content=\"800\" \/>\n\t<meta property=\"og:image:height\" content=\"800\" \/>\n\t<meta property=\"og:image:type\" content=\"image\/png\" \/>\n<meta name=\"twitter:card\" content=\"summary_large_image\" \/>\n<meta name=\"twitter:label1\" content=\"Precio\" \/>\n\t<meta name=\"twitter:data1\" content=\"&#036;44\" \/>\n\t<meta name=\"twitter:label2\" content=\"Availability\" \/>\n\t<meta name=\"twitter:data2\" content=\"In stock\" \/>\n<script type=\"application\/ld+json\" class=\"yoast-schema-graph\">{\"@context\":\"https:\\\/\\\/schema.org\",\"@graph\":[{\"@type\":\"WebPage\",\"@id\":\"https:\\\/\\\/editorialpanhouse.com\\\/ve\\\/producto\\\/con-tan-solo-mirarte\\\/\",\"url\":\"https:\\\/\\\/editorialpanhouse.com\\\/ve\\\/producto\\\/con-tan-solo-mirarte\\\/\",\"name\":\"Con tan solo mirarte - Venezuela\",\"isPartOf\":{\"@id\":\"https:\\\/\\\/editorialpanhouse.com\\\/ve\\\/#website\"},\"primaryImageOfPage\":{\"@id\":\"https:\\\/\\\/editorialpanhouse.com\\\/ve\\\/producto\\\/con-tan-solo-mirarte\\\/#primaryimage\"},\"image\":{\"@id\":\"https:\\\/\\\/editorialpanhouse.com\\\/ve\\\/producto\\\/con-tan-solo-mirarte\\\/#primaryimage\"},\"thumbnailUrl\":\"https:\\\/\\\/editorialpanhouse.com\\\/ve\\\/wp-content\\\/uploads\\\/sites\\\/2\\\/2026\\\/04\\\/product-image-35292-2.png\",\"datePublished\":\"2026-04-14T00:01:50+00:00\",\"dateModified\":\"2026-04-23T20:46:41+00:00\",\"breadcrumb\":{\"@id\":\"https:\\\/\\\/editorialpanhouse.com\\\/ve\\\/producto\\\/con-tan-solo-mirarte\\\/#breadcrumb\"},\"inLanguage\":\"es\",\"potentialAction\":[{\"@type\":\"ReadAction\",\"target\":[\"https:\\\/\\\/editorialpanhouse.com\\\/ve\\\/producto\\\/con-tan-solo-mirarte\\\/\"]}]},{\"@type\":\"ImageObject\",\"inLanguage\":\"es\",\"@id\":\"https:\\\/\\\/editorialpanhouse.com\\\/ve\\\/producto\\\/con-tan-solo-mirarte\\\/#primaryimage\",\"url\":\"https:\\\/\\\/editorialpanhouse.com\\\/ve\\\/wp-content\\\/uploads\\\/sites\\\/2\\\/2026\\\/04\\\/product-image-35292-2.png\",\"contentUrl\":\"https:\\\/\\\/editorialpanhouse.com\\\/ve\\\/wp-content\\\/uploads\\\/sites\\\/2\\\/2026\\\/04\\\/product-image-35292-2.png\",\"width\":800,\"height\":800},{\"@type\":\"BreadcrumbList\",\"@id\":\"https:\\\/\\\/editorialpanhouse.com\\\/ve\\\/producto\\\/con-tan-solo-mirarte\\\/#breadcrumb\",\"itemListElement\":[{\"@type\":\"ListItem\",\"position\":1,\"name\":\"Portada\",\"item\":\"https:\\\/\\\/editorialpanhouse.com\\\/ve\\\/\"},{\"@type\":\"ListItem\",\"position\":2,\"name\":\"Librer\u00eda\",\"item\":\"https:\\\/\\\/editorialpanhouse.com\\\/ve\\\/libreria\\\/\"},{\"@type\":\"ListItem\",\"position\":3,\"name\":\"Con tan solo mirarte\"}]},{\"@type\":\"WebSite\",\"@id\":\"https:\\\/\\\/editorialpanhouse.com\\\/ve\\\/#website\",\"url\":\"https:\\\/\\\/editorialpanhouse.com\\\/ve\\\/\",\"name\":\"Venezuela\",\"description\":\"\",\"potentialAction\":[{\"@type\":\"SearchAction\",\"target\":{\"@type\":\"EntryPoint\",\"urlTemplate\":\"https:\\\/\\\/editorialpanhouse.com\\\/ve\\\/?s={search_term_string}\"},\"query-input\":{\"@type\":\"PropertyValueSpecification\",\"valueRequired\":true,\"valueName\":\"search_term_string\"}}],\"inLanguage\":\"es\"}]}<\/script>\n<meta property=\"product:price:amount\" content=\"44\" \/>\n<meta property=\"product:price:currency\" content=\"USD\" \/>\n<meta property=\"og:availability\" content=\"instock\" \/>\n<meta property=\"product:availability\" content=\"instock\" \/>\n<meta property=\"product:retailer_item_id\" content=\"CONTANSOLO-9830\" \/>\n<meta property=\"product:condition\" content=\"new\" \/>\n<!-- \/ Yoast SEO plugin. -->","yoast_head_json":{"title":"Con tan solo mirarte - Venezuela","robots":{"index":"index","follow":"follow","max-snippet":"max-snippet:-1","max-image-preview":"max-image-preview:large","max-video-preview":"max-video-preview:-1"},"canonical":"https:\/\/editorialpanhouse.com\/ve\/producto\/con-tan-solo-mirarte\/","og_locale":"es_ES","og_type":"article","og_title":"Con tan solo mirarte - Venezuela","og_description":"Julieta, una chica sensible y apasionada, libra una batalla interna entre la raz\u00f3n y el coraz\u00f3n. Vive atrapada en una rutina sin sentido y en una vida que no le pertenece. A sus 26 a\u00f1os, siente que se le escapa el tiempo sin haber descubierto lo que realmente desea, pero todo cambia cuando su madre [&hellip;]","og_url":"https:\/\/editorialpanhouse.com\/ve\/producto\/con-tan-solo-mirarte\/","og_site_name":"Venezuela","article_modified_time":"2026-04-23T20:46:41+00:00","og_image":[{"width":800,"height":800,"url":"https:\/\/editorialpanhouse.com\/ve\/wp-content\/uploads\/sites\/2\/2026\/04\/product-image-35292-2.png","type":"image\/png"}],"twitter_card":"summary_large_image","twitter_misc":{"Precio":"&#36;44","Availability":"In stock"},"schema":{"@context":"https:\/\/schema.org","@graph":[{"@type":"WebPage","@id":"https:\/\/editorialpanhouse.com\/ve\/producto\/con-tan-solo-mirarte\/","url":"https:\/\/editorialpanhouse.com\/ve\/producto\/con-tan-solo-mirarte\/","name":"Con tan solo mirarte - Venezuela","isPartOf":{"@id":"https:\/\/editorialpanhouse.com\/ve\/#website"},"primaryImageOfPage":{"@id":"https:\/\/editorialpanhouse.com\/ve\/producto\/con-tan-solo-mirarte\/#primaryimage"},"image":{"@id":"https:\/\/editorialpanhouse.com\/ve\/producto\/con-tan-solo-mirarte\/#primaryimage"},"thumbnailUrl":"https:\/\/editorialpanhouse.com\/ve\/wp-content\/uploads\/sites\/2\/2026\/04\/product-image-35292-2.png","datePublished":"2026-04-14T00:01:50+00:00","dateModified":"2026-04-23T20:46:41+00:00","breadcrumb":{"@id":"https:\/\/editorialpanhouse.com\/ve\/producto\/con-tan-solo-mirarte\/#breadcrumb"},"inLanguage":"es","potentialAction":[{"@type":"ReadAction","target":["https:\/\/editorialpanhouse.com\/ve\/producto\/con-tan-solo-mirarte\/"]}]},{"@type":"ImageObject","inLanguage":"es","@id":"https:\/\/editorialpanhouse.com\/ve\/producto\/con-tan-solo-mirarte\/#primaryimage","url":"https:\/\/editorialpanhouse.com\/ve\/wp-content\/uploads\/sites\/2\/2026\/04\/product-image-35292-2.png","contentUrl":"https:\/\/editorialpanhouse.com\/ve\/wp-content\/uploads\/sites\/2\/2026\/04\/product-image-35292-2.png","width":800,"height":800},{"@type":"BreadcrumbList","@id":"https:\/\/editorialpanhouse.com\/ve\/producto\/con-tan-solo-mirarte\/#breadcrumb","itemListElement":[{"@type":"ListItem","position":1,"name":"Portada","item":"https:\/\/editorialpanhouse.com\/ve\/"},{"@type":"ListItem","position":2,"name":"Librer\u00eda","item":"https:\/\/editorialpanhouse.com\/ve\/libreria\/"},{"@type":"ListItem","position":3,"name":"Con tan solo mirarte"}]},{"@type":"WebSite","@id":"https:\/\/editorialpanhouse.com\/ve\/#website","url":"https:\/\/editorialpanhouse.com\/ve\/","name":"Venezuela","description":"","potentialAction":[{"@type":"SearchAction","target":{"@type":"EntryPoint","urlTemplate":"https:\/\/editorialpanhouse.com\/ve\/?s={search_term_string}"},"query-input":{"@type":"PropertyValueSpecification","valueRequired":true,"valueName":"search_term_string"}}],"inLanguage":"es"}]},"product_price_amount":"44","product_price_currency":"USD","og_availability":"instock","product_availability":"instock","product_retailer_item_id":"CONTANSOLO-9830","product_condition":"new"},"_links":{"self":[{"href":"https:\/\/editorialpanhouse.com\/ve\/wp-json\/wp\/v2\/product\/35292","targetHints":{"allow":["GET"]}}],"collection":[{"href":"https:\/\/editorialpanhouse.com\/ve\/wp-json\/wp\/v2\/product"}],"about":[{"href":"https:\/\/editorialpanhouse.com\/ve\/wp-json\/wp\/v2\/types\/product"}],"replies":[{"embeddable":true,"href":"https:\/\/editorialpanhouse.com\/ve\/wp-json\/wp\/v2\/comments?post=35292"}],"wp:featuredmedia":[{"embeddable":true,"href":"https:\/\/editorialpanhouse.com\/ve\/wp-json\/wp\/v2\/media\/35760"}],"wp:attachment":[{"href":"https:\/\/editorialpanhouse.com\/ve\/wp-json\/wp\/v2\/media?parent=35292"}],"wp:term":[{"taxonomy":"product_collection","embeddable":true,"href":"https:\/\/editorialpanhouse.com\/ve\/wp-json\/wp\/v2\/product_collection?post=35292"},{"taxonomy":"product_author","embeddable":true,"href":"https:\/\/editorialpanhouse.com\/ve\/wp-json\/wp\/v2\/product_author?post=35292"},{"taxonomy":"product_brand","embeddable":true,"href":"https:\/\/editorialpanhouse.com\/ve\/wp-json\/wp\/v2\/product_brand?post=35292"},{"taxonomy":"product_cat","embeddable":true,"href":"https:\/\/editorialpanhouse.com\/ve\/wp-json\/wp\/v2\/product_cat?post=35292"},{"taxonomy":"product_tag","embeddable":true,"href":"https:\/\/editorialpanhouse.com\/ve\/wp-json\/wp\/v2\/product_tag?post=35292"}],"curies":[{"name":"wp","href":"https:\/\/api.w.org\/{rel}","templated":true}]}}